{"id":14,"date":"2016-10-10T10:55:36","date_gmt":"2016-10-10T07:55:36","guid":{"rendered":"http:\/\/www.phil.bilkent.edu.tr\/?page_id=14"},"modified":"2024-03-13T16:01:55","modified_gmt":"2024-03-13T13:01:55","slug":"chairs-welcome","status":"publish","type":"page","link":"http:\/\/www.phil.bilkent.edu.tr\/index.php\/chairs-welcome\/","title":{"rendered":"Chair&#8217;s Welcome"},"content":{"rendered":"\t\t<div data-elementor-type=\"wp-page\" data-elementor-id=\"14\" class=\"elementor elementor-14\">\n\t\t\t\t\t\t<section class=\"elementor-section elementor-top-section elementor-element elementor-element-79298cdf elementor-section-boxed elementor-section-height-default elementor-section-height-default\" data-id=\"79298cdf\" data-element_type=\"section\" data-e-type=\"section\">\n\t\t\t\t\t\t<div class=\"elementor-container elementor-column-gap-default\">\n\t\t\t\t\t<div class=\"elementor-column elementor-col-100 elementor-top-column elementor-element elementor-element-236a5e22\" data-id=\"236a5e22\" data-element_type=\"column\" data-e-type=\"column\">\n\t\t\t<div class=\"elementor-widget-wrap elementor-element-populated\">\n\t\t\t\t\t\t<div class=\"elementor-element elementor-element-cabb869 elementor-widget elementor-widget-text-editor\" data-id=\"cabb869\" data-element_type=\"widget\" data-e-type=\"widget\" data-widget_type=\"text-editor.default\">\n\t\t\t\t<div class=\"elementor-widget-container\">\n\t\t\t\t\t\t\t\t\t<p><em><img fetchpriority=\"high\" decoding=\"async\" class=\"wp-image-5440 size-medium alignright\" src=\"http:\/\/www.phil.bilkent.edu.tr\/wp-content\/uploads\/2021\/01\/Untitled-300x195.png\" alt=\"\" width=\"300\" height=\"195\" srcset=\"http:\/\/www.phil.bilkent.edu.tr\/wp-content\/uploads\/2021\/01\/Untitled-300x195.png 300w, http:\/\/www.phil.bilkent.edu.tr\/wp-content\/uploads\/2021\/01\/Untitled-1024x666.png 1024w, http:\/\/www.phil.bilkent.edu.tr\/wp-content\/uploads\/2021\/01\/Untitled-768x499.png 768w, http:\/\/www.phil.bilkent.edu.tr\/wp-content\/uploads\/2021\/01\/Untitled-140x90.png 140w, http:\/\/www.phil.bilkent.edu.tr\/wp-content\/uploads\/2021\/01\/Untitled.png 1438w\" sizes=\"(max-width: 300px) 100vw, 300px\" \/><\/em><\/p>\n<p>It is not always obvious to people what philosophers actually spend their time doing. What exactly distinguishes philosophy from other subjects? One way to explain philosophy is to consider the kinds of questions philosophers try to answer: What is knowledge? What is freedom? What is consciousness? What is beauty? What is good? What is happiness? Who should rule? What is a number?<\/p>\n<p>An important point to note about these questions is that they are not questions that can be answered by the empirical sciences. Put simply, we cannot observe the answer to these questions. This does not mean that philosophers think that science is unimportant. Far from it. Philosophers benefit immensely from the evidence and theories presented in the sciences. The history of philosophy is replete with scholars who are as well known to scientists and social scientists as they are to philosophers. Think for example of Aristotle, Francis Bacon, \u00c9milie du Ch\u00e2telet, Robert Boyle, Margaret Cavendish, Gottfried Leibniz, Ren\u00e9 Descartes, John Locke, Adam Smith, John Stuart Mill, and Karl Marx. This is not surprising given philosophy\u2019s unique capacity to interact with other disciplines. However, an empirical approach by itself cannot provide an answer to these fundamental questions. We may propose theories that attempt to answer them, but the only way to test them is to see whether they can successfully handle counter-arguments. So philosophy is unavoidably dependent on arguments. The entire history of the subject, dating back to at least Socrates, is built on the idea that a point of view or theory should not be accepted merely because it enjoys widespread support or because it appears to be self-evidently true. This also means that philosophers spend a lot of time (some would say, too much time!) thinking about what qualifies as a good argument.<\/p>\n<p>The Philosophy undergraduate and graduate programs at Bilkent aim to foster curiosity and respect for alternative ways of thinking, as well as the ability to argue rigorously and critically. In this respect we hope to continue the project of developing what the ancient Greek philosopher Diogenes of Sinope called \u2018citizens of the world\u2019. That is, scholars and students that have the ability to think for themselves and look beyond local loyalties in an increasingly interconnected and fractious world.<\/p>\n<p>Higher-order thinking skills are essential in an era when specialized knowledge quickly becomes outdated and many jobs are being replaced by artificial intelligence. In this rapidly changing environment, the ability to think and problem-solve at a general level has become indispensable for all successful careers. This is exactly what a philosophy degree promises to provide.<\/p>\n<p><em><a href=\"https:\/\/simon-wigley.com\/\">Prof. Simon Wigley<\/a><\/em><\/p>\n<p><em>Chair, Department of Philosophy<\/em><\/p>\t\t\t\t\t\t\t\t<\/div>\n\t\t\t\t<\/div>\n\t\t\t\t\t<\/div>\n\t\t<\/div>\n\t\t\t\t\t<\/div>\n\t\t<\/section>\n\t\t\t\t<\/div>\n\t\t","protected":false},"excerpt":{"rendered":"<p>It is not always obvious to people what philosophers actually spend their time doing. What exactly distinguishes philosophy from other subjects? One way to explain philosophy is to consider the [&hellip;]<\/p>\n","protected":false},"author":2,"featured_media":0,"parent":0,"menu_order":0,"comment_status":"closed","ping_status":"closed","template":"","meta":{"inline_featured_image":false,"_monsterinsights_skip_tracking":false,"_monsterinsights_sitenote_active":false,"_monsterinsights_sitenote_note":"","_monsterinsights_sitenote_category":0,"ngg_post_thumbnail":0,"footnotes":""},"class_list":["post-14","page","type-page","status-publish","hentry"],"yoast_head":"<!-- This site is optimized with the Yoast SEO plugin v27.4 - https:\/\/yoast.com\/product\/yoast-seo-wordpress\/ -->\n<title>Chair&#039;s Welcome - Bilkent Philosophy<\/title>\n<meta name=\"robots\" content=\"index, follow, max-snippet:-1, max-image-preview:large, max-video-preview:-1\" \/>\n<link rel=\"canonical\" href=\"http:\/\/www.phil.bilkent.edu.tr\/index.php\/chairs-welcome\/\" \/>\n<meta property=\"og:locale\" content=\"en_US\" \/>\n<meta property=\"og:type\" content=\"article\" \/>\n<meta property=\"og:title\" content=\"Chair&#039;s Welcome - Bilkent Philosophy\" \/>\n<meta property=\"og:description\" content=\"It is not always obvious to people what philosophers actually spend their time doing. What exactly distinguishes philosophy from other subjects? One way to explain philosophy is to consider the [&hellip;]\" \/>\n<meta property=\"og:url\" content=\"http:\/\/www.phil.bilkent.edu.tr\/index.php\/chairs-welcome\/\" \/>\n<meta property=\"og:site_name\" content=\"Bilkent Philosophy\" \/>\n<meta property=\"article:publisher\" content=\"https:\/\/www.facebook.com\/bilkent.philosophy\" \/>\n<meta property=\"article:modified_time\" content=\"2024-03-13T13:01:55+00:00\" \/>\n<meta property=\"og:image\" content=\"http:\/\/www.phil.bilkent.edu.tr\/wp-content\/uploads\/2021\/01\/Untitled-300x195.png\" \/>\n<meta name=\"twitter:card\" content=\"summary_large_image\" \/>\n<meta name=\"twitter:site\" content=\"@BilkentPhil\" \/>\n<meta name=\"twitter:label1\" content=\"Est. reading time\" \/>\n\t<meta name=\"twitter:data1\" content=\"3 minutes\" \/>\n<script type=\"application\/ld+json\" class=\"yoast-schema-graph\">{\"@context\":\"https:\\\/\\\/schema.org\",\"@graph\":[{\"@type\":\"WebPage\",\"@id\":\"http:\\\/\\\/www.phil.bilkent.edu.tr\\\/index.php\\\/chairs-welcome\\\/\",\"url\":\"http:\\\/\\\/www.phil.bilkent.edu.tr\\\/index.php\\\/chairs-welcome\\\/\",\"name\":\"Chair's Welcome - Bilkent Philosophy\",\"isPartOf\":{\"@id\":\"http:\\\/\\\/www.phil.bilkent.edu.tr\\\/#website\"},\"primaryImageOfPage\":{\"@id\":\"http:\\\/\\\/www.phil.bilkent.edu.tr\\\/index.php\\\/chairs-welcome\\\/#primaryimage\"},\"image\":{\"@id\":\"http:\\\/\\\/www.phil.bilkent.edu.tr\\\/index.php\\\/chairs-welcome\\\/#primaryimage\"},\"thumbnailUrl\":\"http:\\\/\\\/www.phil.bilkent.edu.tr\\\/wp-content\\\/uploads\\\/2021\\\/01\\\/Untitled-300x195.png\",\"datePublished\":\"2016-10-10T07:55:36+00:00\",\"dateModified\":\"2024-03-13T13:01:55+00:00\",\"breadcrumb\":{\"@id\":\"http:\\\/\\\/www.phil.bilkent.edu.tr\\\/index.php\\\/chairs-welcome\\\/#breadcrumb\"},\"inLanguage\":\"en-US\",\"potentialAction\":[{\"@type\":\"ReadAction\",\"target\":[\"http:\\\/\\\/www.phil.bilkent.edu.tr\\\/index.php\\\/chairs-welcome\\\/\"]}]},{\"@type\":\"ImageObject\",\"inLanguage\":\"en-US\",\"@id\":\"http:\\\/\\\/www.phil.bilkent.edu.tr\\\/index.php\\\/chairs-welcome\\\/#primaryimage\",\"url\":\"http:\\\/\\\/www.phil.bilkent.edu.tr\\\/wp-content\\\/uploads\\\/2021\\\/01\\\/Untitled.png\",\"contentUrl\":\"http:\\\/\\\/www.phil.bilkent.edu.tr\\\/wp-content\\\/uploads\\\/2021\\\/01\\\/Untitled.png\",\"width\":1438,\"height\":935},{\"@type\":\"BreadcrumbList\",\"@id\":\"http:\\\/\\\/www.phil.bilkent.edu.tr\\\/index.php\\\/chairs-welcome\\\/#breadcrumb\",\"itemListElement\":[{\"@type\":\"ListItem\",\"position\":1,\"name\":\"Home\",\"item\":\"http:\\\/\\\/www.phil.bilkent.edu.tr\\\/\"},{\"@type\":\"ListItem\",\"position\":2,\"name\":\"Chair&#8217;s Welcome\"}]},{\"@type\":\"WebSite\",\"@id\":\"http:\\\/\\\/www.phil.bilkent.edu.tr\\\/#website\",\"url\":\"http:\\\/\\\/www.phil.bilkent.edu.tr\\\/\",\"name\":\"Bilkent Philosophy\",\"description\":\"Bilkent University\",\"publisher\":{\"@id\":\"http:\\\/\\\/www.phil.bilkent.edu.tr\\\/#organization\"},\"potentialAction\":[{\"@type\":\"SearchAction\",\"target\":{\"@type\":\"EntryPoint\",\"urlTemplate\":\"http:\\\/\\\/www.phil.bilkent.edu.tr\\\/?s={search_term_string}\"},\"query-input\":{\"@type\":\"PropertyValueSpecification\",\"valueRequired\":true,\"valueName\":\"search_term_string\"}}],\"inLanguage\":\"en-US\"},{\"@type\":\"Organization\",\"@id\":\"http:\\\/\\\/www.phil.bilkent.edu.tr\\\/#organization\",\"name\":\"Bilkent Philosophy\",\"url\":\"http:\\\/\\\/www.phil.bilkent.edu.tr\\\/\",\"logo\":{\"@type\":\"ImageObject\",\"inLanguage\":\"en-US\",\"@id\":\"http:\\\/\\\/www.phil.bilkent.edu.tr\\\/#\\\/schema\\\/logo\\\/image\\\/\",\"url\":\"http:\\\/\\\/www.phil.bilkent.edu.tr\\\/wp-content\\\/uploads\\\/2016\\\/10\\\/Bilkent-phil_logo.png\",\"contentUrl\":\"http:\\\/\\\/www.phil.bilkent.edu.tr\\\/wp-content\\\/uploads\\\/2016\\\/10\\\/Bilkent-phil_logo.png\",\"width\":328,\"height\":54,\"caption\":\"Bilkent Philosophy\"},\"image\":{\"@id\":\"http:\\\/\\\/www.phil.bilkent.edu.tr\\\/#\\\/schema\\\/logo\\\/image\\\/\"},\"sameAs\":[\"https:\\\/\\\/www.facebook.com\\\/bilkent.philosophy\",\"https:\\\/\\\/x.com\\\/BilkentPhil\",\"https:\\\/\\\/www.youtube.com\\\/channel\\\/UCzij4ZE6X-bu1d9t6DJhlLA\"]}]}<\/script>\n<!-- \/ Yoast SEO plugin. -->","yoast_head_json":{"title":"Chair's Welcome - Bilkent Philosophy","robots":{"index":"index","follow":"follow","max-snippet":"max-snippet:-1","max-image-preview":"max-image-preview:large","max-video-preview":"max-video-preview:-1"},"canonical":"http:\/\/www.phil.bilkent.edu.tr\/index.php\/chairs-welcome\/","og_locale":"en_US","og_type":"article","og_title":"Chair's Welcome - Bilkent Philosophy","og_description":"It is not always obvious to people what philosophers actually spend their time doing. What exactly distinguishes philosophy from other subjects? One way to explain philosophy is to consider the [&hellip;]","og_url":"http:\/\/www.phil.bilkent.edu.tr\/index.php\/chairs-welcome\/","og_site_name":"Bilkent Philosophy","article_publisher":"https:\/\/www.facebook.com\/bilkent.philosophy","article_modified_time":"2024-03-13T13:01:55+00:00","og_image":[{"url":"http:\/\/www.phil.bilkent.edu.tr\/wp-content\/uploads\/2021\/01\/Untitled-300x195.png","type":"","width":"","height":""}],"twitter_card":"summary_large_image","twitter_site":"@BilkentPhil","twitter_misc":{"Est. reading time":"3 minutes"},"schema":{"@context":"https:\/\/schema.org","@graph":[{"@type":"WebPage","@id":"http:\/\/www.phil.bilkent.edu.tr\/index.php\/chairs-welcome\/","url":"http:\/\/www.phil.bilkent.edu.tr\/index.php\/chairs-welcome\/","name":"Chair's Welcome - Bilkent Philosophy","isPartOf":{"@id":"http:\/\/www.phil.bilkent.edu.tr\/#website"},"primaryImageOfPage":{"@id":"http:\/\/www.phil.bilkent.edu.tr\/index.php\/chairs-welcome\/#primaryimage"},"image":{"@id":"http:\/\/www.phil.bilkent.edu.tr\/index.php\/chairs-welcome\/#primaryimage"},"thumbnailUrl":"http:\/\/www.phil.bilkent.edu.tr\/wp-content\/uploads\/2021\/01\/Untitled-300x195.png","datePublished":"2016-10-10T07:55:36+00:00","dateModified":"2024-03-13T13:01:55+00:00","breadcrumb":{"@id":"http:\/\/www.phil.bilkent.edu.tr\/index.php\/chairs-welcome\/#breadcrumb"},"inLanguage":"en-US","potentialAction":[{"@type":"ReadAction","target":["http:\/\/www.phil.bilkent.edu.tr\/index.php\/chairs-welcome\/"]}]},{"@type":"ImageObject","inLanguage":"en-US","@id":"http:\/\/www.phil.bilkent.edu.tr\/index.php\/chairs-welcome\/#primaryimage","url":"http:\/\/www.phil.bilkent.edu.tr\/wp-content\/uploads\/2021\/01\/Untitled.png","contentUrl":"http:\/\/www.phil.bilkent.edu.tr\/wp-content\/uploads\/2021\/01\/Untitled.png","width":1438,"height":935},{"@type":"BreadcrumbList","@id":"http:\/\/www.phil.bilkent.edu.tr\/index.php\/chairs-welcome\/#breadcrumb","itemListElement":[{"@type":"ListItem","position":1,"name":"Home","item":"http:\/\/www.phil.bilkent.edu.tr\/"},{"@type":"ListItem","position":2,"name":"Chair&#8217;s Welcome"}]},{"@type":"WebSite","@id":"http:\/\/www.phil.bilkent.edu.tr\/#website","url":"http:\/\/www.phil.bilkent.edu.tr\/","name":"Bilkent Philosophy","description":"Bilkent University","publisher":{"@id":"http:\/\/www.phil.bilkent.edu.tr\/#organization"},"potentialAction":[{"@type":"SearchAction","target":{"@type":"EntryPoint","urlTemplate":"http:\/\/www.phil.bilkent.edu.tr\/?s={search_term_string}"},"query-input":{"@type":"PropertyValueSpecification","valueRequired":true,"valueName":"search_term_string"}}],"inLanguage":"en-US"},{"@type":"Organization","@id":"http:\/\/www.phil.bilkent.edu.tr\/#organization","name":"Bilkent Philosophy","url":"http:\/\/www.phil.bilkent.edu.tr\/","logo":{"@type":"ImageObject","inLanguage":"en-US","@id":"http:\/\/www.phil.bilkent.edu.tr\/#\/schema\/logo\/image\/","url":"http:\/\/www.phil.bilkent.edu.tr\/wp-content\/uploads\/2016\/10\/Bilkent-phil_logo.png","contentUrl":"http:\/\/www.phil.bilkent.edu.tr\/wp-content\/uploads\/2016\/10\/Bilkent-phil_logo.png","width":328,"height":54,"caption":"Bilkent Philosophy"},"image":{"@id":"http:\/\/www.phil.bilkent.edu.tr\/#\/schema\/logo\/image\/"},"sameAs":["https:\/\/www.facebook.com\/bilkent.philosophy","https:\/\/x.com\/BilkentPhil","https:\/\/www.youtube.com\/channel\/UCzij4ZE6X-bu1d9t6DJhlLA"]}]}},"_links":{"self":[{"href":"http:\/\/www.phil.bilkent.edu.tr\/index.php\/wp-json\/wp\/v2\/pages\/14","targetHints":{"allow":["GET"]}}],"collection":[{"href":"http:\/\/www.phil.bilkent.edu.tr\/index.php\/wp-json\/wp\/v2\/pages"}],"about":[{"href":"http:\/\/www.phil.bilkent.edu.tr\/index.php\/wp-json\/wp\/v2\/types\/page"}],"author":[{"embeddable":true,"href":"http:\/\/www.phil.bilkent.edu.tr\/index.php\/wp-json\/wp\/v2\/users\/2"}],"replies":[{"embeddable":true,"href":"http:\/\/www.phil.bilkent.edu.tr\/index.php\/wp-json\/wp\/v2\/comments?post=14"}],"version-history":[{"count":61,"href":"http:\/\/www.phil.bilkent.edu.tr\/index.php\/wp-json\/wp\/v2\/pages\/14\/revisions"}],"predecessor-version":[{"id":7781,"href":"http:\/\/www.phil.bilkent.edu.tr\/index.php\/wp-json\/wp\/v2\/pages\/14\/revisions\/7781"}],"wp:attachment":[{"href":"http:\/\/www.phil.bilkent.edu.tr\/index.php\/wp-json\/wp\/v2\/media?parent=14"}],"curies":[{"name":"wp","href":"https:\/\/api.w.org\/{rel}","templated":true}]}}