{"id":1490,"date":"2016-12-10T11:09:41","date_gmt":"2016-12-10T09:09:41","guid":{"rendered":"http:\/\/www.phil.bilkent.edu.tr\/?page_id=1490"},"modified":"2025-05-19T10:55:44","modified_gmt":"2025-05-19T07:55:44","slug":"universite-adaylarina","status":"publish","type":"page","link":"http:\/\/www.phil.bilkent.edu.tr\/index.php\/universite-adaylarina\/","title":{"rendered":"\u00dcniversite Adaylar\u0131"},"content":{"rendered":"<div style=\"text-align: center;\"><iframe src=\"https:\/\/www.youtube.com\/embed\/cIl_3VaTYA4?rel=0&amp;showinfo=0\" width=\"560\" height=\"315\" frameborder=\"0\" allowfullscreen=\"allowfullscreen\"><\/iframe><\/div>\n<p>Bilkent Felsefe b\u00f6l\u00fcm\u00fc 2002 y\u0131l\u0131nda kuruldu\u011fundan beri y\u00fcksek kalitede felsefe e\u011fitimi ve ara\u015ft\u0131rmas\u0131nda hakl\u0131 bir \u00fcn sa\u011flam\u0131\u015ft\u0131r. B\u00f6l\u00fcm elemanlar\u0131 se\u00e7kin uluslararas\u0131 dergilerde <a href=\"http:\/\/www.phil.bilkent.edu.tr\/index.php\/research\/articles\/\">makaleler<\/a> ve y\u00fcksek profilli yay\u0131nc\u0131lar taraf\u0131ndan bas\u0131lan <a href=\"http:\/\/www.phil.bilkent.edu.tr\/index.php\/faculty-bookshelf\/\">kitaplar<\/a> yay\u0131nlamaktad\u0131rlar. TUB\u0130TAK&#8217;\u0131n yay\u0131nlar ve at\u0131flar baz\u0131nda yapt\u0131\u011f\u0131 s\u0131ralamaya g\u00f6re, Bilkent Felsefe b\u00f6l\u00fcm\u00fc T\u00fcrkiye&#8217;de <a href=\"http:\/\/ulakbim.tubitak.gov.tr\/tr\/hizmetlerimiz\/sosyal-bilimler-2004-2014\">birinci s\u0131radad\u0131r<\/a>. Bilkent Felsefe b\u00f6l\u00fcm\u00fc dokuz farkl\u0131 \u00fclkeden hocalar\u0131yla uluslararas\u0131 bir profile sahiptir. Alan\u0131nda uzman <a href=\"http:\/\/www.phil.bilkent.edu.tr\/index.php\/faculty-members\/\">hocalar\u0131<\/a>, doktora derecelerini yurtd\u0131\u015f\u0131nda say\u0131l\u0131 felsefe b\u00f6l\u00fcmlerinden alm\u0131\u015flard\u0131r. B\u00f6l\u00fcmde y\u00fcr\u00fct\u00fclen ara\u015ft\u0131rmalar g\u00fcncel analitik felsefenin t\u00fcm alanlar\u0131n\u0131 ayn\u0131 zamanda felsefe tarihini kapsamaktad\u0131r. Y\u0131l boyunca yurt i\u00e7i ve yurt d\u0131\u015f\u0131ndan gelen&nbsp;<a href=\"http:\/\/www.phil.bilkent.edu.tr\/index.php\/seminars-conferences\/\">konu\u015fmac\u0131lar<\/a>, d\u00fczenlenen <a href=\"http:\/\/www.phil.bilkent.edu.tr\/index.php\/2017\/04\/10\/wollstonecraft-workshop\/\">\u00e7al\u0131\u015ftaylar<\/a> ve <a href=\"http:\/\/www.phil.bilkent.edu.tr\/index.php\/2016\/12\/08\/persons-selves-and-organisms-conference\/\">konferanslarla<\/a> zengin bir felsefe ortam\u0131na sahiptir. B\u00f6l\u00fcmde felsefe&nbsp;<a href=\"http:\/\/www.phil.bilkent.edu.tr\/index.php\/major-program\/\">lisans,<\/a>&nbsp;<a href=\"http:\/\/www.phil.bilkent.edu.tr\/index.php\/masters-program\/\">y\u00fcksek lisans<\/a> ve <a href=\"http:\/\/www.phil.bilkent.edu.tr\/index.php\/doctoral-program\/\">doktora<\/a> e\u011fitiminin yan\u0131 s\u0131ra ba\u015fka&nbsp;alanlarda okuyan \u00f6\u011frencilere <a href=\"http:\/\/www.phil.bilkent.edu.tr\/index.php\/minor-program\/\">felsefe yandal\u0131<\/a> sunulmaktad\u0131r.&nbsp;<a href=\"http:\/\/www.phil.bilkent.edu.tr\/index.php\/universite-adaylarina\/mezunlar\/\">Mezunlar\u0131m\u0131z<\/a> yurti\u00e7inde ve yurtd\u0131\u015f\u0131nda se\u00e7kin \u00fcniversitelerde lisans \u00fcst\u00fc \u00e7al\u0131\u015fmalar\u0131na devam ettikleri gibi \u00f6zel sekt\u00f6rde \u00e7e\u015fitli pozisyonlarda da \u00e7al\u0131\u015fmaktad\u0131rlar.<\/p>\n<p>Bilkent Felsefe b\u00f6l\u00fcm\u00fc hakk\u0131nda daha detayl\u0131 bilgi edinmek i\u00e7in:<\/p>\n<ul class=\"related-pages\">\n<li><a href=\"http:\/\/www.phil.bilkent.edu.tr\/index.php\/universite-adaylarina\/sikca-sorulan-sorular\/\">S\u0131k\u00e7a Sorulan Sorular<\/a><\/li>\n<li><a href=\"http:\/\/www.phil.bilkent.edu.tr\/index.php\/ogretim-kadrosu\/\">\u00d6\u011fretim Kadrosu<\/a><\/li>\n<li class=\"current-page\"><a href=\"http:\/\/www.phil.bilkent.edu.tr\/index.php\/universite-adaylarina\/bilkentte-felsefe\/\">Bilkent&#8217;te Felsefe<\/a><\/li>\n<li><a href=\"http:\/\/www.phil.bilkent.edu.tr\/index.php\/universite-adaylarina\/egitim-anlayisi\/\">E\u011fitim Anlay\u0131\u015f\u0131m\u0131z<\/a><\/li>\n<li><a href=\"https:\/\/stars.bilkent.edu.tr\/webserv\/curriculum\/?dil=tur&amp;options=&amp;bolum_kod=PHIL&amp;program_kod=PHIL_BA&amp;track_kod=&amp;mod=tntm\">Ders Program\u0131<\/a><\/li>\n<li><a href=\"http:\/\/www.phil.bilkent.edu.tr\/index.php\/universite-adaylarina\/mezunlar\/\">Mezunlar<\/a><\/li>\n<li>Mezun Profilleri:\n<ul>\n<li><a href=\"http:\/\/www.phil.bilkent.edu.tr\/index.php\/mezun-profili-selim-sazak\/\">Selim Sazak<\/a><\/li>\n<li><a href=\"http:\/\/www.phil.bilkent.edu.tr\/index.php\/mezun-profili-cem-erkli\/\">Cem Erkli<\/a><\/li>\n<li><a href=\"http:\/\/www.phil.bilkent.edu.tr\/index.php\/mezun-profili-gamze-kaya\/\">Gamze Kaya<\/a><\/li>\n<\/ul>\n<\/li>\n<li>Foto\u011fraf\u0131n Arkas\u0131ndaki Hikayeler:\n<ul>\n<li><a href=\"http:\/\/www.phil.bilkent.edu.tr\/index.php\/sartre-beauvoir-steinberg\/\">Sartre, Beauvoir &amp; Steinberg<\/a><\/li>\n<li><a href=\"http:\/\/www.phil.bilkent.edu.tr\/index.php\/maria-von-herbert\/\">Maria von Herbert<\/a><\/li>\n<li><a href=\"http:\/\/www.phil.bilkent.edu.tr\/index.php\/fotografin-arkasindaki-hikaye-sokratesin-olumu\/\">Sokrates\u2019in \u00d6l\u00fcm\u00fc<\/a><\/li>\n<li><a href=\"http:\/\/www.phil.bilkent.edu.tr\/index.php\/2025\/03\/01\/fotografin-arkasindaki-hikaye-phineas-gage\/\">Phineas Gage<\/a><\/li>\n<\/ul>\n<\/li>\n<\/ul>\n<p>&nbsp;<\/p>\n","protected":false},"excerpt":{"rendered":"<p>Bilkent Felsefe b\u00f6l\u00fcm\u00fc 2002 y\u0131l\u0131nda kuruldu\u011fundan beri y\u00fcksek kalitede felsefe e\u011fitimi ve ara\u015ft\u0131rmas\u0131nda hakl\u0131 bir \u00fcn sa\u011flam\u0131\u015ft\u0131r. B\u00f6l\u00fcm elemanlar\u0131 se\u00e7kin uluslararas\u0131 dergilerde makaleler ve y\u00fcksek profilli yay\u0131nc\u0131lar taraf\u0131ndan bas\u0131lan kitaplar [&hellip;]<\/p>\n","protected":false},"author":2,"featured_media":2524,"parent":0,"menu_order":0,"comment_status":"closed","ping_status":"closed","template":"","meta":{"inline_featured_image":false,"_monsterinsights_skip_tracking":false,"_monsterinsights_sitenote_active":false,"_monsterinsights_sitenote_note":"","_monsterinsights_sitenote_category":0,"ngg_post_thumbnail":0,"footnotes":""},"class_list":["post-1490","page","type-page","status-publish","has-post-thumbnail","hentry","has-post-video"],"yoast_head":"<!-- This site is optimized with the Yoast SEO plugin v27.3 - https:\/\/yoast.com\/product\/yoast-seo-wordpress\/ -->\n<title>\u00dcniversite Adaylar\u0131 - Bilkent Philosophy<\/title>\n<meta name=\"robots\" content=\"index, follow, max-snippet:-1, max-image-preview:large, max-video-preview:-1\" \/>\n<link rel=\"canonical\" href=\"http:\/\/www.phil.bilkent.edu.tr\/index.php\/universite-adaylarina\/\" \/>\n<meta property=\"og:locale\" content=\"en_US\" \/>\n<meta property=\"og:type\" content=\"article\" \/>\n<meta property=\"og:title\" content=\"\u00dcniversite Adaylar\u0131 - Bilkent Philosophy\" \/>\n<meta property=\"og:description\" content=\"Bilkent Felsefe b\u00f6l\u00fcm\u00fc 2002 y\u0131l\u0131nda kuruldu\u011fundan beri y\u00fcksek kalitede felsefe e\u011fitimi ve ara\u015ft\u0131rmas\u0131nda hakl\u0131 bir \u00fcn sa\u011flam\u0131\u015ft\u0131r. B\u00f6l\u00fcm elemanlar\u0131 se\u00e7kin uluslararas\u0131 dergilerde makaleler ve y\u00fcksek profilli yay\u0131nc\u0131lar taraf\u0131ndan bas\u0131lan kitaplar [&hellip;]\" \/>\n<meta property=\"og:url\" content=\"http:\/\/www.phil.bilkent.edu.tr\/index.php\/universite-adaylarina\/\" \/>\n<meta property=\"og:site_name\" content=\"Bilkent Philosophy\" \/>\n<meta property=\"article:publisher\" content=\"https:\/\/www.facebook.com\/bilkent.philosophy\" \/>\n<meta property=\"article:modified_time\" content=\"2025-05-19T07:55:44+00:00\" \/>\n<meta property=\"og:image\" content=\"http:\/\/www.phil.bilkent.edu.tr\/wp-content\/uploads\/2016\/12\/Nas\u0131l-bir-insan-olmak-istiyorsun.jpeg\" \/>\n\t<meta property=\"og:image:width\" content=\"1280\" \/>\n\t<meta property=\"og:image:height\" content=\"720\" \/>\n\t<meta property=\"og:image:type\" content=\"image\/jpeg\" \/>\n<meta name=\"twitter:card\" content=\"summary_large_image\" \/>\n<meta name=\"twitter:site\" content=\"@BilkentPhil\" \/>\n<meta name=\"twitter:label1\" content=\"Est. reading time\" \/>\n\t<meta name=\"twitter:data1\" content=\"1 minute\" \/>\n<script type=\"application\/ld+json\" class=\"yoast-schema-graph\">{\"@context\":\"https:\\\/\\\/schema.org\",\"@graph\":[{\"@type\":\"WebPage\",\"@id\":\"http:\\\/\\\/www.phil.bilkent.edu.tr\\\/index.php\\\/universite-adaylarina\\\/\",\"url\":\"http:\\\/\\\/www.phil.bilkent.edu.tr\\\/index.php\\\/universite-adaylarina\\\/\",\"name\":\"\u00dcniversite Adaylar\u0131 - Bilkent Philosophy\",\"isPartOf\":{\"@id\":\"http:\\\/\\\/www.phil.bilkent.edu.tr\\\/#website\"},\"primaryImageOfPage\":{\"@id\":\"http:\\\/\\\/www.phil.bilkent.edu.tr\\\/index.php\\\/universite-adaylarina\\\/#primaryimage\"},\"image\":{\"@id\":\"http:\\\/\\\/www.phil.bilkent.edu.tr\\\/index.php\\\/universite-adaylarina\\\/#primaryimage\"},\"thumbnailUrl\":\"http:\\\/\\\/www.phil.bilkent.edu.tr\\\/wp-content\\\/uploads\\\/2016\\\/12\\\/Nas\u0131l-bir-insan-olmak-istiyorsun.jpeg\",\"datePublished\":\"2016-12-10T09:09:41+00:00\",\"dateModified\":\"2025-05-19T07:55:44+00:00\",\"breadcrumb\":{\"@id\":\"http:\\\/\\\/www.phil.bilkent.edu.tr\\\/index.php\\\/universite-adaylarina\\\/#breadcrumb\"},\"inLanguage\":\"en-US\",\"potentialAction\":[{\"@type\":\"ReadAction\",\"target\":[\"http:\\\/\\\/www.phil.bilkent.edu.tr\\\/index.php\\\/universite-adaylarina\\\/\"]}]},{\"@type\":\"ImageObject\",\"inLanguage\":\"en-US\",\"@id\":\"http:\\\/\\\/www.phil.bilkent.edu.tr\\\/index.php\\\/universite-adaylarina\\\/#primaryimage\",\"url\":\"http:\\\/\\\/www.phil.bilkent.edu.tr\\\/wp-content\\\/uploads\\\/2016\\\/12\\\/Nas\u0131l-bir-insan-olmak-istiyorsun.jpeg\",\"contentUrl\":\"http:\\\/\\\/www.phil.bilkent.edu.tr\\\/wp-content\\\/uploads\\\/2016\\\/12\\\/Nas\u0131l-bir-insan-olmak-istiyorsun.jpeg\",\"width\":1280,\"height\":720},{\"@type\":\"BreadcrumbList\",\"@id\":\"http:\\\/\\\/www.phil.bilkent.edu.tr\\\/index.php\\\/universite-adaylarina\\\/#breadcrumb\",\"itemListElement\":[{\"@type\":\"ListItem\",\"position\":1,\"name\":\"Home\",\"item\":\"http:\\\/\\\/www.phil.bilkent.edu.tr\\\/\"},{\"@type\":\"ListItem\",\"position\":2,\"name\":\"\u00dcniversite Adaylar\u0131\"}]},{\"@type\":\"WebSite\",\"@id\":\"http:\\\/\\\/www.phil.bilkent.edu.tr\\\/#website\",\"url\":\"http:\\\/\\\/www.phil.bilkent.edu.tr\\\/\",\"name\":\"Bilkent Philosophy\",\"description\":\"Bilkent University\",\"publisher\":{\"@id\":\"http:\\\/\\\/www.phil.bilkent.edu.tr\\\/#organization\"},\"potentialAction\":[{\"@type\":\"SearchAction\",\"target\":{\"@type\":\"EntryPoint\",\"urlTemplate\":\"http:\\\/\\\/www.phil.bilkent.edu.tr\\\/?s={search_term_string}\"},\"query-input\":{\"@type\":\"PropertyValueSpecification\",\"valueRequired\":true,\"valueName\":\"search_term_string\"}}],\"inLanguage\":\"en-US\"},{\"@type\":\"Organization\",\"@id\":\"http:\\\/\\\/www.phil.bilkent.edu.tr\\\/#organization\",\"name\":\"Bilkent Philosophy\",\"url\":\"http:\\\/\\\/www.phil.bilkent.edu.tr\\\/\",\"logo\":{\"@type\":\"ImageObject\",\"inLanguage\":\"en-US\",\"@id\":\"http:\\\/\\\/www.phil.bilkent.edu.tr\\\/#\\\/schema\\\/logo\\\/image\\\/\",\"url\":\"http:\\\/\\\/www.phil.bilkent.edu.tr\\\/wp-content\\\/uploads\\\/2016\\\/10\\\/Bilkent-phil_logo.png\",\"contentUrl\":\"http:\\\/\\\/www.phil.bilkent.edu.tr\\\/wp-content\\\/uploads\\\/2016\\\/10\\\/Bilkent-phil_logo.png\",\"width\":328,\"height\":54,\"caption\":\"Bilkent Philosophy\"},\"image\":{\"@id\":\"http:\\\/\\\/www.phil.bilkent.edu.tr\\\/#\\\/schema\\\/logo\\\/image\\\/\"},\"sameAs\":[\"https:\\\/\\\/www.facebook.com\\\/bilkent.philosophy\",\"https:\\\/\\\/x.com\\\/BilkentPhil\",\"https:\\\/\\\/www.youtube.com\\\/channel\\\/UCzij4ZE6X-bu1d9t6DJhlLA\"]}]}<\/script>\n<!-- \/ Yoast SEO plugin. -->","yoast_head_json":{"title":"\u00dcniversite Adaylar\u0131 - Bilkent Philosophy","robots":{"index":"index","follow":"follow","max-snippet":"max-snippet:-1","max-image-preview":"max-image-preview:large","max-video-preview":"max-video-preview:-1"},"canonical":"http:\/\/www.phil.bilkent.edu.tr\/index.php\/universite-adaylarina\/","og_locale":"en_US","og_type":"article","og_title":"\u00dcniversite Adaylar\u0131 - Bilkent Philosophy","og_description":"Bilkent Felsefe b\u00f6l\u00fcm\u00fc 2002 y\u0131l\u0131nda kuruldu\u011fundan beri y\u00fcksek kalitede felsefe e\u011fitimi ve ara\u015ft\u0131rmas\u0131nda hakl\u0131 bir \u00fcn sa\u011flam\u0131\u015ft\u0131r. B\u00f6l\u00fcm elemanlar\u0131 se\u00e7kin uluslararas\u0131 dergilerde makaleler ve y\u00fcksek profilli yay\u0131nc\u0131lar taraf\u0131ndan bas\u0131lan kitaplar [&hellip;]","og_url":"http:\/\/www.phil.bilkent.edu.tr\/index.php\/universite-adaylarina\/","og_site_name":"Bilkent Philosophy","article_publisher":"https:\/\/www.facebook.com\/bilkent.philosophy","article_modified_time":"2025-05-19T07:55:44+00:00","og_image":[{"width":1280,"height":720,"url":"http:\/\/www.phil.bilkent.edu.tr\/wp-content\/uploads\/2016\/12\/Nas\u0131l-bir-insan-olmak-istiyorsun.jpeg","type":"image\/jpeg"}],"twitter_card":"summary_large_image","twitter_site":"@BilkentPhil","twitter_misc":{"Est. reading time":"1 minute"},"schema":{"@context":"https:\/\/schema.org","@graph":[{"@type":"WebPage","@id":"http:\/\/www.phil.bilkent.edu.tr\/index.php\/universite-adaylarina\/","url":"http:\/\/www.phil.bilkent.edu.tr\/index.php\/universite-adaylarina\/","name":"\u00dcniversite Adaylar\u0131 - Bilkent Philosophy","isPartOf":{"@id":"http:\/\/www.phil.bilkent.edu.tr\/#website"},"primaryImageOfPage":{"@id":"http:\/\/www.phil.bilkent.edu.tr\/index.php\/universite-adaylarina\/#primaryimage"},"image":{"@id":"http:\/\/www.phil.bilkent.edu.tr\/index.php\/universite-adaylarina\/#primaryimage"},"thumbnailUrl":"http:\/\/www.phil.bilkent.edu.tr\/wp-content\/uploads\/2016\/12\/Nas\u0131l-bir-insan-olmak-istiyorsun.jpeg","datePublished":"2016-12-10T09:09:41+00:00","dateModified":"2025-05-19T07:55:44+00:00","breadcrumb":{"@id":"http:\/\/www.phil.bilkent.edu.tr\/index.php\/universite-adaylarina\/#breadcrumb"},"inLanguage":"en-US","potentialAction":[{"@type":"ReadAction","target":["http:\/\/www.phil.bilkent.edu.tr\/index.php\/universite-adaylarina\/"]}]},{"@type":"ImageObject","inLanguage":"en-US","@id":"http:\/\/www.phil.bilkent.edu.tr\/index.php\/universite-adaylarina\/#primaryimage","url":"http:\/\/www.phil.bilkent.edu.tr\/wp-content\/uploads\/2016\/12\/Nas\u0131l-bir-insan-olmak-istiyorsun.jpeg","contentUrl":"http:\/\/www.phil.bilkent.edu.tr\/wp-content\/uploads\/2016\/12\/Nas\u0131l-bir-insan-olmak-istiyorsun.jpeg","width":1280,"height":720},{"@type":"BreadcrumbList","@id":"http:\/\/www.phil.bilkent.edu.tr\/index.php\/universite-adaylarina\/#breadcrumb","itemListElement":[{"@type":"ListItem","position":1,"name":"Home","item":"http:\/\/www.phil.bilkent.edu.tr\/"},{"@type":"ListItem","position":2,"name":"\u00dcniversite Adaylar\u0131"}]},{"@type":"WebSite","@id":"http:\/\/www.phil.bilkent.edu.tr\/#website","url":"http:\/\/www.phil.bilkent.edu.tr\/","name":"Bilkent Philosophy","description":"Bilkent University","publisher":{"@id":"http:\/\/www.phil.bilkent.edu.tr\/#organization"},"potentialAction":[{"@type":"SearchAction","target":{"@type":"EntryPoint","urlTemplate":"http:\/\/www.phil.bilkent.edu.tr\/?s={search_term_string}"},"query-input":{"@type":"PropertyValueSpecification","valueRequired":true,"valueName":"search_term_string"}}],"inLanguage":"en-US"},{"@type":"Organization","@id":"http:\/\/www.phil.bilkent.edu.tr\/#organization","name":"Bilkent Philosophy","url":"http:\/\/www.phil.bilkent.edu.tr\/","logo":{"@type":"ImageObject","inLanguage":"en-US","@id":"http:\/\/www.phil.bilkent.edu.tr\/#\/schema\/logo\/image\/","url":"http:\/\/www.phil.bilkent.edu.tr\/wp-content\/uploads\/2016\/10\/Bilkent-phil_logo.png","contentUrl":"http:\/\/www.phil.bilkent.edu.tr\/wp-content\/uploads\/2016\/10\/Bilkent-phil_logo.png","width":328,"height":54,"caption":"Bilkent Philosophy"},"image":{"@id":"http:\/\/www.phil.bilkent.edu.tr\/#\/schema\/logo\/image\/"},"sameAs":["https:\/\/www.facebook.com\/bilkent.philosophy","https:\/\/x.com\/BilkentPhil","https:\/\/www.youtube.com\/channel\/UCzij4ZE6X-bu1d9t6DJhlLA"]}]}},"_links":{"self":[{"href":"http:\/\/www.phil.bilkent.edu.tr\/index.php\/wp-json\/wp\/v2\/pages\/1490","targetHints":{"allow":["GET"]}}],"collection":[{"href":"http:\/\/www.phil.bilkent.edu.tr\/index.php\/wp-json\/wp\/v2\/pages"}],"about":[{"href":"http:\/\/www.phil.bilkent.edu.tr\/index.php\/wp-json\/wp\/v2\/types\/page"}],"author":[{"embeddable":true,"href":"http:\/\/www.phil.bilkent.edu.tr\/index.php\/wp-json\/wp\/v2\/users\/2"}],"replies":[{"embeddable":true,"href":"http:\/\/www.phil.bilkent.edu.tr\/index.php\/wp-json\/wp\/v2\/comments?post=1490"}],"version-history":[{"count":42,"href":"http:\/\/www.phil.bilkent.edu.tr\/index.php\/wp-json\/wp\/v2\/pages\/1490\/revisions"}],"predecessor-version":[{"id":9790,"href":"http:\/\/www.phil.bilkent.edu.tr\/index.php\/wp-json\/wp\/v2\/pages\/1490\/revisions\/9790"}],"wp:featuredmedia":[{"embeddable":true,"href":"http:\/\/www.phil.bilkent.edu.tr\/index.php\/wp-json\/wp\/v2\/media\/2524"}],"wp:attachment":[{"href":"http:\/\/www.phil.bilkent.edu.tr\/index.php\/wp-json\/wp\/v2\/media?parent=1490"}],"curies":[{"name":"wp","href":"https:\/\/api.w.org\/{rel}","templated":true}]}}