{"id":1502,"date":"2016-12-10T11:15:48","date_gmt":"2016-12-10T09:15:48","guid":{"rendered":"http:\/\/www.phil.bilkent.edu.tr\/?page_id=1502"},"modified":"2025-04-16T19:18:32","modified_gmt":"2025-04-16T16:18:32","slug":"mezunlar","status":"publish","type":"page","link":"http:\/\/www.phil.bilkent.edu.tr\/index.php\/universite-adaylarina\/mezunlar\/","title":{"rendered":"Mezunlar"},"content":{"rendered":"<p><img fetchpriority=\"high\" decoding=\"async\" class=\"alignnone size-large wp-image-1520\" src=\"http:\/\/www.phil.bilkent.edu.tr\/wp-content\/uploads\/2016\/12\/hkedu-universities-and-higher-education-1024x350.jpg\" alt=\"hkedu-universities-and-higher-education\" width=\"700\" height=\"239\" srcset=\"http:\/\/www.phil.bilkent.edu.tr\/wp-content\/uploads\/2016\/12\/hkedu-universities-and-higher-education-1024x350.jpg 1024w, http:\/\/www.phil.bilkent.edu.tr\/wp-content\/uploads\/2016\/12\/hkedu-universities-and-higher-education-300x103.jpg 300w, http:\/\/www.phil.bilkent.edu.tr\/wp-content\/uploads\/2016\/12\/hkedu-universities-and-higher-education-768x263.jpg 768w, http:\/\/www.phil.bilkent.edu.tr\/wp-content\/uploads\/2016\/12\/hkedu-universities-and-higher-education-161x55.jpg 161w, http:\/\/www.phil.bilkent.edu.tr\/wp-content\/uploads\/2016\/12\/hkedu-universities-and-higher-education.jpg 1140w\" sizes=\"(max-width: 700px) 100vw, 700px\" \/><\/p>\n<p><span lang=\"en-us\">B<\/span>\u00f6l\u00fcm\u00fcm\u00fcz <span lang=\"en-us\">2007<\/span> y\u0131l\u0131ndan beri mezun vermektedir. A\u015fa\u011f\u0131da, baz\u0131 mezunlar\u0131m\u0131z\u0131n mezuniyet sonras\u0131 (lisans-\u00fcst\u00fc) \u00e7al\u0131\u015fmalar yapt\u0131klar\u0131 okullar verilmektedir.<\/p>\n<h3><span style=\"font-size: medium;\">YURTDI\u015eINDA<\/span><\/h3>\n<ul>\n<li><b>Brown University<\/b>, doktora, International Relations<\/li>\n<li><strong>Cambridge University<\/strong>, doktora, Faculty of Law<\/li>\n<li><b>Central European University<\/b>, mast\u0131r ve doktora, Department of Philosophy<\/li>\n<li><b>Columbia University<\/b>, doktora, School of International and Public Affairs [Fulbright scholarship]<\/li>\n<li><strong>Concordia University<\/strong>, doktora, Department of History<\/li>\n<li><b>Erasmus University Rotterdam<\/b>, mast\u0131r, School of Philosophy<\/li>\n<li><b>Goldsmiths, University of London<\/b>, mast\u0131r, International Relations<\/li>\n<li><strong>Illinois State University<\/strong>, mast\u0131r, Clinical-Counseling Psychology<\/li>\n<li><b>Indiana University<\/b>, doktora, Department of Philosophy<\/li>\n<li><b>Katholieke Universiteit Leuven<\/b>, mast\u0131r, Institute of Philosophy<\/li>\n<li><strong>London Film School<\/strong>, mast\u0131r, Filmmaking<\/li>\n<li><strong>McGill University<\/strong>, doktora, Department of Philosophy<\/li>\n<li><b>Oxford University<\/b>, doktora, Oriental Studies<\/li>\n<li><strong>Ruhr-University Bochum<\/strong>, mast\u0131r, Department of Philosophy<\/li>\n<li><b>Simon Fraser University<\/b>, mast\u0131r, Department of Philosophy<\/li>\n<li><b>Simon Fraser University<\/b>, mast\u0131r, Department of Computing Science<\/li>\n<li><strong>The New School<\/strong>, mast\u0131r, Department of Philosophy<\/li>\n<li><b>University of Alberta, <\/b>mast\u0131r, Department of Philosophy<b>&nbsp;<\/b><\/li>\n<li><b>Universiteit van Amsterdam<\/b>, doktora, Amsterdam School for Cultural Analysis<\/li>\n<li><strong>University of Calgary<\/strong>, doktora, Department of Philosophy<\/li>\n<li><strong>University of California at Irvine<\/strong>, doktora, Department of Philosophy [Fulbright scholarship]<\/li>\n<li><strong>University of California at Los Angeles<\/strong>, doktora, Gender Studies<\/li>\n<li><strong>University of Cologne<\/strong>, doktora, CONCEPT<\/li>\n<li><b>University of Connecticut, <\/b>doktora, Department of Philosophy&nbsp;<\/li>\n<li><b>University of Illinois at Chicago<\/b>, mast\u0131r\/doktora, Department of Philosophy [Fulbright scholarship]<\/li>\n<li><b>University of Kansas, <\/b>doktora, Department of Philosophy [Fulbright scholarship]<\/li>\n<li><b>Universit\u00e9 de Lausanne<\/b>, doktora, Department of Philosophy<\/li>\n<li><strong>University of Leeds<\/strong>, doktora, Department of Philosophy<\/li>\n<li><b>Universit\u00e9 Libre de Bruxelles<\/b>, mast\u0131r, Applied Ethics<\/li>\n<li><b>University of Manchester<\/b>, doktora, Department of Philosophy<\/li>\n<li><b>University of Pittsburgh, <\/b>doktora, Department of History and Philosophy of Science<\/li>\n<li><b>University of Tennessee, <\/b>doktora, Department of Philosophy<\/li>\n<li><b>University of Western Ontario, <\/b>doktora, Department of Philosophy<\/li>\n<li><b>Washington University in St. Louis,<\/b> doktora, Philosophy-Neuroscience-Psychology<\/li>\n<\/ul>\n<h3><span style=\"font-size: medium;\">YURT\u0130\u00c7\u0130NDE<\/span><\/h3>\n<ul>\n<li><b>Bilkent \u00dcniversitesi<\/b>, mast\u0131r, \u0130leti\u015fim ve Tasar\u0131m B\u00f6l\u00fcm\u00fc<\/li>\n<li><b>Bilkent \u00dcniversitesi<\/b>, <span lang=\"en-us\">doktora<\/span>, <span lang=\"en-us\">Siyaset Bilimi<\/span> ve Kamu Y\u00f6netimi B\u00f6l\u00fcm\u00fc<\/li>\n<li><b>Bilkent \u00dcniversitesi<\/b>, mast\u0131r, Tarih B\u00f6l\u00fcm\u00fc<\/li>\n<li><b>Bilkent \u00dcniversitesi<\/b>, mast\u0131r\/doktora, T\u00fcrk Edebiyat\u0131 B\u00f6l\u00fcm\u00fc<\/li>\n<li><b>Bo\u011fazi\u00e7i \u00dcniversitesi<\/b>, mast\u0131r, Bili\u015fsel Bilim Program\u0131<\/li>\n<li><b>Bo\u011fazi\u00e7i \u00dcniversitesi<\/b>, mast\u0131r\/doktora, Felsefe B\u00f6l\u00fcm\u00fc<\/li>\n<li><b>Hacettepe \u00dcniversitesi<\/b>, mast\u0131r, Felsefe B\u00f6l\u00fcm\u00fc<\/li>\n<li><b>Hacettepe \u00dcniversitesi<\/b>, mast\u0131r, Sosyal Hizmet B\u00f6l\u00fcm\u00fc<\/li>\n<li><b>Hacettepe \u00dcniversitesi<\/b>, doktora, T\u0131p Eti\u011fi ve Tarihi Program\u0131<\/li>\n<li><b><span lang=\"en-us\">Orta Do<\/span>\u011f<span lang=\"en-us\">u Teknik <\/span>\u00dcniversitesi<\/b><span lang=\"en-us\">, <\/span> mast\u0131r, Bili\u015fsel Bilim Program\u0131<\/li>\n<li><b><span lang=\"en-us\">Orta Do<\/span>\u011f<span lang=\"en-us\">u Teknik <\/span>\u00dcniversitesi<\/b><span lang=\"en-us\">, mast\u0131r, Enformatik Enstit\u00fcs\u00fc&nbsp;<\/span><\/li>\n<li><b><span lang=\"en-us\">Orta Do<\/span>\u011f<span lang=\"en-us\">u Teknik <\/span>\u00dcniversitesi<\/b><span lang=\"en-us\">, mast\u0131r\/doktora, Felsefe <\/span>B\u00f6l\u00fcm\u00fc<b><span style=\"color: #800080;\">&nbsp;<\/span><\/b><\/li>\n<li><span lang=\"tr\"><b>\u00d6zye\u011fin \u00dcniversitesi<\/b>, mast\u0131r, Psikoloji B\u00f6l\u00fcm\u00fc&nbsp;<\/span><\/li>\n<li><b>Sabanc\u0131 \u00dcniversitesi<\/b>, mast\u0131r, K\u00fclt\u00fcrel \u00c7al\u0131\u015fmalar Program\u0131<\/li>\n<li><b>Sabanc\u0131 \u00dcniversitesi<\/b>, mast\u0131r, Uyu\u015fmazl\u0131k Analizi ve \u00c7\u00f6z\u00fcm\u00fc Program\u0131<\/li>\n<\/ul>\n<p align=\"left\">Felsefe mezunlar\u0131n\u0131n mutlaka akademik bir do\u011frultuya y\u00f6nelmesi gerekli de\u011fildir. \u00d6rnek vermek gerekirse, Vak\u0131fbank, Akbank, Anadolu Ajans<span lang=\"tr\">\u0131<\/span>, Milliyet, Eczac\u0131ba\u015f\u0131, Hyundai, Randstad, Ericsson Telecommunications, Microsoft gibi firmalarda \u00e7al\u0131\u015fan mezunlar\u0131m\u0131z oldu\u011fu gibi BM Uluslararas\u0131 G\u00f6\u00e7 \u00d6rg\u00fct\u00fc, Avaz, Goal gibi insani yard\u0131m odakl\u0131 sivil toplum kurulu\u015flar\u0131nda \u00e7al\u0131\u015fmalar\u0131n\u0131 s\u00fcrd\u00fcrmekte olan mezunlar\u0131m\u0131z da bulunmaktad\u0131r.<\/p>\n","protected":false},"excerpt":{"rendered":"<p>B\u00f6l\u00fcm\u00fcm\u00fcz 2007 y\u0131l\u0131ndan beri mezun vermektedir. A\u015fa\u011f\u0131da, baz\u0131 mezunlar\u0131m\u0131z\u0131n mezuniyet sonras\u0131 (lisans-\u00fcst\u00fc) \u00e7al\u0131\u015fmalar yapt\u0131klar\u0131 okullar verilmektedir. YURTDI\u015eINDA Brown University, doktora, International Relations Cambridge University, doktora, Faculty of Law Central European [&hellip;]<\/p>\n","protected":false},"author":2,"featured_media":0,"parent":1490,"menu_order":0,"comment_status":"closed","ping_status":"closed","template":"","meta":{"inline_featured_image":false,"_monsterinsights_skip_tracking":false,"_monsterinsights_sitenote_active":false,"_monsterinsights_sitenote_note":"","_monsterinsights_sitenote_category":0,"ngg_post_thumbnail":0,"footnotes":""},"class_list":["post-1502","page","type-page","status-publish","hentry"],"yoast_head":"<!-- This site is optimized with the Yoast SEO plugin v27.3 - https:\/\/yoast.com\/product\/yoast-seo-wordpress\/ -->\n<title>Mezunlar - Bilkent Philosophy<\/title>\n<meta name=\"robots\" content=\"index, follow, max-snippet:-1, max-image-preview:large, max-video-preview:-1\" \/>\n<link rel=\"canonical\" href=\"http:\/\/www.phil.bilkent.edu.tr\/index.php\/universite-adaylarina\/mezunlar\/\" \/>\n<meta property=\"og:locale\" content=\"en_US\" \/>\n<meta property=\"og:type\" content=\"article\" \/>\n<meta property=\"og:title\" content=\"Mezunlar - Bilkent Philosophy\" \/>\n<meta property=\"og:description\" content=\"B\u00f6l\u00fcm\u00fcm\u00fcz 2007 y\u0131l\u0131ndan beri mezun vermektedir. A\u015fa\u011f\u0131da, baz\u0131 mezunlar\u0131m\u0131z\u0131n mezuniyet sonras\u0131 (lisans-\u00fcst\u00fc) \u00e7al\u0131\u015fmalar yapt\u0131klar\u0131 okullar verilmektedir. YURTDI\u015eINDA Brown University, doktora, International Relations Cambridge University, doktora, Faculty of Law Central European [&hellip;]\" \/>\n<meta property=\"og:url\" content=\"http:\/\/www.phil.bilkent.edu.tr\/index.php\/universite-adaylarina\/mezunlar\/\" \/>\n<meta property=\"og:site_name\" content=\"Bilkent Philosophy\" \/>\n<meta property=\"article:publisher\" content=\"https:\/\/www.facebook.com\/bilkent.philosophy\" \/>\n<meta property=\"article:modified_time\" content=\"2025-04-16T16:18:32+00:00\" \/>\n<meta property=\"og:image\" content=\"http:\/\/www.phil.bilkent.edu.tr\/wp-content\/uploads\/2016\/12\/hkedu-universities-and-higher-education.jpg\" \/>\n\t<meta property=\"og:image:width\" content=\"1140\" \/>\n\t<meta property=\"og:image:height\" content=\"390\" \/>\n\t<meta property=\"og:image:type\" content=\"image\/jpeg\" \/>\n<meta name=\"twitter:card\" content=\"summary_large_image\" \/>\n<meta name=\"twitter:site\" content=\"@BilkentPhil\" \/>\n<meta name=\"twitter:label1\" content=\"Est. reading time\" \/>\n\t<meta name=\"twitter:data1\" content=\"3 minutes\" \/>\n<script type=\"application\/ld+json\" class=\"yoast-schema-graph\">{\"@context\":\"https:\\\/\\\/schema.org\",\"@graph\":[{\"@type\":\"WebPage\",\"@id\":\"http:\\\/\\\/www.phil.bilkent.edu.tr\\\/index.php\\\/universite-adaylarina\\\/mezunlar\\\/\",\"url\":\"http:\\\/\\\/www.phil.bilkent.edu.tr\\\/index.php\\\/universite-adaylarina\\\/mezunlar\\\/\",\"name\":\"Mezunlar - Bilkent Philosophy\",\"isPartOf\":{\"@id\":\"http:\\\/\\\/www.phil.bilkent.edu.tr\\\/#website\"},\"primaryImageOfPage\":{\"@id\":\"http:\\\/\\\/www.phil.bilkent.edu.tr\\\/index.php\\\/universite-adaylarina\\\/mezunlar\\\/#primaryimage\"},\"image\":{\"@id\":\"http:\\\/\\\/www.phil.bilkent.edu.tr\\\/index.php\\\/universite-adaylarina\\\/mezunlar\\\/#primaryimage\"},\"thumbnailUrl\":\"http:\\\/\\\/www.phil.bilkent.edu.tr\\\/wp-content\\\/uploads\\\/2016\\\/12\\\/hkedu-universities-and-higher-education-1024x350.jpg\",\"datePublished\":\"2016-12-10T09:15:48+00:00\",\"dateModified\":\"2025-04-16T16:18:32+00:00\",\"breadcrumb\":{\"@id\":\"http:\\\/\\\/www.phil.bilkent.edu.tr\\\/index.php\\\/universite-adaylarina\\\/mezunlar\\\/#breadcrumb\"},\"inLanguage\":\"en-US\",\"potentialAction\":[{\"@type\":\"ReadAction\",\"target\":[\"http:\\\/\\\/www.phil.bilkent.edu.tr\\\/index.php\\\/universite-adaylarina\\\/mezunlar\\\/\"]}]},{\"@type\":\"ImageObject\",\"inLanguage\":\"en-US\",\"@id\":\"http:\\\/\\\/www.phil.bilkent.edu.tr\\\/index.php\\\/universite-adaylarina\\\/mezunlar\\\/#primaryimage\",\"url\":\"http:\\\/\\\/www.phil.bilkent.edu.tr\\\/wp-content\\\/uploads\\\/2016\\\/12\\\/hkedu-universities-and-higher-education.jpg\",\"contentUrl\":\"http:\\\/\\\/www.phil.bilkent.edu.tr\\\/wp-content\\\/uploads\\\/2016\\\/12\\\/hkedu-universities-and-higher-education.jpg\",\"width\":1140,\"height\":390},{\"@type\":\"BreadcrumbList\",\"@id\":\"http:\\\/\\\/www.phil.bilkent.edu.tr\\\/index.php\\\/universite-adaylarina\\\/mezunlar\\\/#breadcrumb\",\"itemListElement\":[{\"@type\":\"ListItem\",\"position\":1,\"name\":\"Home\",\"item\":\"http:\\\/\\\/www.phil.bilkent.edu.tr\\\/\"},{\"@type\":\"ListItem\",\"position\":2,\"name\":\"\u00dcniversite Adaylar\u0131\",\"item\":\"http:\\\/\\\/www.phil.bilkent.edu.tr\\\/index.php\\\/universite-adaylarina\\\/\"},{\"@type\":\"ListItem\",\"position\":3,\"name\":\"Mezunlar\"}]},{\"@type\":\"WebSite\",\"@id\":\"http:\\\/\\\/www.phil.bilkent.edu.tr\\\/#website\",\"url\":\"http:\\\/\\\/www.phil.bilkent.edu.tr\\\/\",\"name\":\"Bilkent Philosophy\",\"description\":\"Bilkent University\",\"publisher\":{\"@id\":\"http:\\\/\\\/www.phil.bilkent.edu.tr\\\/#organization\"},\"potentialAction\":[{\"@type\":\"SearchAction\",\"target\":{\"@type\":\"EntryPoint\",\"urlTemplate\":\"http:\\\/\\\/www.phil.bilkent.edu.tr\\\/?s={search_term_string}\"},\"query-input\":{\"@type\":\"PropertyValueSpecification\",\"valueRequired\":true,\"valueName\":\"search_term_string\"}}],\"inLanguage\":\"en-US\"},{\"@type\":\"Organization\",\"@id\":\"http:\\\/\\\/www.phil.bilkent.edu.tr\\\/#organization\",\"name\":\"Bilkent Philosophy\",\"url\":\"http:\\\/\\\/www.phil.bilkent.edu.tr\\\/\",\"logo\":{\"@type\":\"ImageObject\",\"inLanguage\":\"en-US\",\"@id\":\"http:\\\/\\\/www.phil.bilkent.edu.tr\\\/#\\\/schema\\\/logo\\\/image\\\/\",\"url\":\"http:\\\/\\\/www.phil.bilkent.edu.tr\\\/wp-content\\\/uploads\\\/2016\\\/10\\\/Bilkent-phil_logo.png\",\"contentUrl\":\"http:\\\/\\\/www.phil.bilkent.edu.tr\\\/wp-content\\\/uploads\\\/2016\\\/10\\\/Bilkent-phil_logo.png\",\"width\":328,\"height\":54,\"caption\":\"Bilkent Philosophy\"},\"image\":{\"@id\":\"http:\\\/\\\/www.phil.bilkent.edu.tr\\\/#\\\/schema\\\/logo\\\/image\\\/\"},\"sameAs\":[\"https:\\\/\\\/www.facebook.com\\\/bilkent.philosophy\",\"https:\\\/\\\/x.com\\\/BilkentPhil\",\"https:\\\/\\\/www.youtube.com\\\/channel\\\/UCzij4ZE6X-bu1d9t6DJhlLA\"]}]}<\/script>\n<!-- \/ Yoast SEO plugin. -->","yoast_head_json":{"title":"Mezunlar - Bilkent Philosophy","robots":{"index":"index","follow":"follow","max-snippet":"max-snippet:-1","max-image-preview":"max-image-preview:large","max-video-preview":"max-video-preview:-1"},"canonical":"http:\/\/www.phil.bilkent.edu.tr\/index.php\/universite-adaylarina\/mezunlar\/","og_locale":"en_US","og_type":"article","og_title":"Mezunlar - Bilkent Philosophy","og_description":"B\u00f6l\u00fcm\u00fcm\u00fcz 2007 y\u0131l\u0131ndan beri mezun vermektedir. A\u015fa\u011f\u0131da, baz\u0131 mezunlar\u0131m\u0131z\u0131n mezuniyet sonras\u0131 (lisans-\u00fcst\u00fc) \u00e7al\u0131\u015fmalar yapt\u0131klar\u0131 okullar verilmektedir. YURTDI\u015eINDA Brown University, doktora, International Relations Cambridge University, doktora, Faculty of Law Central European [&hellip;]","og_url":"http:\/\/www.phil.bilkent.edu.tr\/index.php\/universite-adaylarina\/mezunlar\/","og_site_name":"Bilkent Philosophy","article_publisher":"https:\/\/www.facebook.com\/bilkent.philosophy","article_modified_time":"2025-04-16T16:18:32+00:00","og_image":[{"width":1140,"height":390,"url":"http:\/\/www.phil.bilkent.edu.tr\/wp-content\/uploads\/2016\/12\/hkedu-universities-and-higher-education.jpg","type":"image\/jpeg"}],"twitter_card":"summary_large_image","twitter_site":"@BilkentPhil","twitter_misc":{"Est. reading time":"3 minutes"},"schema":{"@context":"https:\/\/schema.org","@graph":[{"@type":"WebPage","@id":"http:\/\/www.phil.bilkent.edu.tr\/index.php\/universite-adaylarina\/mezunlar\/","url":"http:\/\/www.phil.bilkent.edu.tr\/index.php\/universite-adaylarina\/mezunlar\/","name":"Mezunlar - Bilkent Philosophy","isPartOf":{"@id":"http:\/\/www.phil.bilkent.edu.tr\/#website"},"primaryImageOfPage":{"@id":"http:\/\/www.phil.bilkent.edu.tr\/index.php\/universite-adaylarina\/mezunlar\/#primaryimage"},"image":{"@id":"http:\/\/www.phil.bilkent.edu.tr\/index.php\/universite-adaylarina\/mezunlar\/#primaryimage"},"thumbnailUrl":"http:\/\/www.phil.bilkent.edu.tr\/wp-content\/uploads\/2016\/12\/hkedu-universities-and-higher-education-1024x350.jpg","datePublished":"2016-12-10T09:15:48+00:00","dateModified":"2025-04-16T16:18:32+00:00","breadcrumb":{"@id":"http:\/\/www.phil.bilkent.edu.tr\/index.php\/universite-adaylarina\/mezunlar\/#breadcrumb"},"inLanguage":"en-US","potentialAction":[{"@type":"ReadAction","target":["http:\/\/www.phil.bilkent.edu.tr\/index.php\/universite-adaylarina\/mezunlar\/"]}]},{"@type":"ImageObject","inLanguage":"en-US","@id":"http:\/\/www.phil.bilkent.edu.tr\/index.php\/universite-adaylarina\/mezunlar\/#primaryimage","url":"http:\/\/www.phil.bilkent.edu.tr\/wp-content\/uploads\/2016\/12\/hkedu-universities-and-higher-education.jpg","contentUrl":"http:\/\/www.phil.bilkent.edu.tr\/wp-content\/uploads\/2016\/12\/hkedu-universities-and-higher-education.jpg","width":1140,"height":390},{"@type":"BreadcrumbList","@id":"http:\/\/www.phil.bilkent.edu.tr\/index.php\/universite-adaylarina\/mezunlar\/#breadcrumb","itemListElement":[{"@type":"ListItem","position":1,"name":"Home","item":"http:\/\/www.phil.bilkent.edu.tr\/"},{"@type":"ListItem","position":2,"name":"\u00dcniversite Adaylar\u0131","item":"http:\/\/www.phil.bilkent.edu.tr\/index.php\/universite-adaylarina\/"},{"@type":"ListItem","position":3,"name":"Mezunlar"}]},{"@type":"WebSite","@id":"http:\/\/www.phil.bilkent.edu.tr\/#website","url":"http:\/\/www.phil.bilkent.edu.tr\/","name":"Bilkent Philosophy","description":"Bilkent University","publisher":{"@id":"http:\/\/www.phil.bilkent.edu.tr\/#organization"},"potentialAction":[{"@type":"SearchAction","target":{"@type":"EntryPoint","urlTemplate":"http:\/\/www.phil.bilkent.edu.tr\/?s={search_term_string}"},"query-input":{"@type":"PropertyValueSpecification","valueRequired":true,"valueName":"search_term_string"}}],"inLanguage":"en-US"},{"@type":"Organization","@id":"http:\/\/www.phil.bilkent.edu.tr\/#organization","name":"Bilkent Philosophy","url":"http:\/\/www.phil.bilkent.edu.tr\/","logo":{"@type":"ImageObject","inLanguage":"en-US","@id":"http:\/\/www.phil.bilkent.edu.tr\/#\/schema\/logo\/image\/","url":"http:\/\/www.phil.bilkent.edu.tr\/wp-content\/uploads\/2016\/10\/Bilkent-phil_logo.png","contentUrl":"http:\/\/www.phil.bilkent.edu.tr\/wp-content\/uploads\/2016\/10\/Bilkent-phil_logo.png","width":328,"height":54,"caption":"Bilkent Philosophy"},"image":{"@id":"http:\/\/www.phil.bilkent.edu.tr\/#\/schema\/logo\/image\/"},"sameAs":["https:\/\/www.facebook.com\/bilkent.philosophy","https:\/\/x.com\/BilkentPhil","https:\/\/www.youtube.com\/channel\/UCzij4ZE6X-bu1d9t6DJhlLA"]}]}},"_links":{"self":[{"href":"http:\/\/www.phil.bilkent.edu.tr\/index.php\/wp-json\/wp\/v2\/pages\/1502","targetHints":{"allow":["GET"]}}],"collection":[{"href":"http:\/\/www.phil.bilkent.edu.tr\/index.php\/wp-json\/wp\/v2\/pages"}],"about":[{"href":"http:\/\/www.phil.bilkent.edu.tr\/index.php\/wp-json\/wp\/v2\/types\/page"}],"author":[{"embeddable":true,"href":"http:\/\/www.phil.bilkent.edu.tr\/index.php\/wp-json\/wp\/v2\/users\/2"}],"replies":[{"embeddable":true,"href":"http:\/\/www.phil.bilkent.edu.tr\/index.php\/wp-json\/wp\/v2\/comments?post=1502"}],"version-history":[{"count":47,"href":"http:\/\/www.phil.bilkent.edu.tr\/index.php\/wp-json\/wp\/v2\/pages\/1502\/revisions"}],"predecessor-version":[{"id":9641,"href":"http:\/\/www.phil.bilkent.edu.tr\/index.php\/wp-json\/wp\/v2\/pages\/1502\/revisions\/9641"}],"up":[{"embeddable":true,"href":"http:\/\/www.phil.bilkent.edu.tr\/index.php\/wp-json\/wp\/v2\/pages\/1490"}],"wp:attachment":[{"href":"http:\/\/www.phil.bilkent.edu.tr\/index.php\/wp-json\/wp\/v2\/media?parent=1502"}],"curies":[{"name":"wp","href":"https:\/\/api.w.org\/{rel}","templated":true}]}}