{"id":1506,"date":"2016-12-10T11:18:48","date_gmt":"2016-12-10T09:18:48","guid":{"rendered":"http:\/\/www.phil.bilkent.edu.tr\/?page_id=1506"},"modified":"2019-07-09T15:00:07","modified_gmt":"2019-07-09T12:00:07","slug":"bilkentte-felsefe","status":"publish","type":"page","link":"http:\/\/www.phil.bilkent.edu.tr\/index.php\/universite-adaylarina\/bilkentte-felsefe\/","title":{"rendered":"Bilkent&#8217;te Felsefe"},"content":{"rendered":"<div style=\"text-align: center;\"><iframe src=\"https:\/\/www.youtube.com\/embed\/1A84gcJqyzk\" width=\"560\" height=\"315\" frameborder=\"0\" allowfullscreen=\"allowfullscreen\"><\/iframe><\/div>\n<p><span lang=\"TR\">G\u00fcn\u00fcm\u00fcz\u00fcn en etkili felsefecilerinden Thomas Nagel&#8217;e g\u00f6re insanlar\u0131n zihinsel yetenekleri yakla\u015f\u0131k 14 ya\u015f civar\u0131nda \u00f6nemli felsefi problemleri kendi ba\u015flar\u0131na d\u00fc\u015f\u00fcnmeye yetecek d\u00fczeye gelmektedir. Bu a\u015famada bir gen\u00e7, as\u0131rlard\u0131r, hatta binlerce y\u0131ld\u0131r tart\u0131\u015f\u0131lan temel felsefi problemlere kendili\u011finden varabilmektedir. Bunun nedeni, felsefenin ana girdilerinin d\u00fcnya ve onunla olan ili\u015fkimiz olmas\u0131d\u0131r.<\/span><\/p>\n<p><span lang=\"TR\">Nagel&#8217;e g\u00f6re, felsefe tarihine vak\u0131f olmaks\u0131z\u0131n &#8212; yani, b\u00fcy\u00fck \u00f6lm\u00fc\u015f felsefecilerce yaz\u0131lanlar\u0131 okumaks\u0131z\u0131n &#8212; anla\u015f\u0131labilecek\u00a0 dokuz ana problem vard\u0131r. Bu problemler felsefecilerin esas olarak nelerle u\u011fra\u015ft\u0131klar\u0131n\u0131 g\u00f6stermek a\u00e7\u0131s\u0131ndan \u00f6nem ta\u015f\u0131rlar:<\/span><\/p>\n<ul>\n<li><span lang=\"TR\">Kendi akl\u0131m\u0131z d\u0131\u015f\u0131nda kalan d\u00fcnya hakk\u0131nda bilgi. (Akl\u0131m\u0131zdan ba\u015fka bir \u015feyin olmamas\u0131 anlaml\u0131 bir olas\u0131l\u0131\u011fa sahip midir?)<\/span><\/li>\n<li><span lang=\"TR\">Kendi akl\u0131m\u0131z d\u0131\u015f\u0131ndaki ak\u0131llar hakk\u0131nda bilgi. (Bu d\u00fcnyada kendimiz d\u0131\u015f\u0131nda bilin\u00e7li ya\u015fam\u0131n oldu\u011funa nas\u0131l emin olabiliriz?)<\/span><\/li>\n<li><span lang=\"TR\">Ak\u0131l ve beyin aras\u0131ndaki ili\u015fki. (Fiziksel d\u00fcnya d\u0131\u015f\u0131nda bir \u015fey var m\u0131d\u0131r?)<\/span><\/li>\n<li><span lang=\"TR\">Dil nas\u0131l olu\u015fabilmi\u015ftir? (Bu okudu\u011funuz yaz\u0131 da dahil, yaz\u0131lan veya s\u00f6ylenen \u015feyler nas\u0131l olupta bir anlam ifade etmektedir?)<\/span><\/li>\n<li><span lang=\"TR\">\u00d6zg\u00fcr iradeye sahip miyiz?\u00a0 (Bulunmu\u015f oldu\u011fumuz bir eylemin yerine ba\u015fka bir eylemde bulunabilirdik dedi\u011fimizde tam olarak neyi kastediyoruz?)<\/span><\/li>\n<li><span lang=\"TR\">Ahlak\u0131n temeli. (Do\u011fru ve yanl\u0131\u015f, i\u00e7inde bulunulan duruma g\u00f6recelik g\u00f6sterir mi?)<\/span><\/li>\n<li><span lang=\"TR\">Hangi e\u015fitsizlikler haks\u0131zd\u0131r? (Toplumsal\/k\u00fcresel adalet m\u00fcmk\u00fcn m\u00fcd\u00fcr?)<\/span><\/li>\n<li><span lang=\"TR\">\u00d6l\u00fcm\u00fcn do\u011fas\u0131. (\u00d6l\u00fcm her \u015feyin sonu mudur? \u00d6l\u00fcmden sonra ya\u015fam ne demektir?)<\/span><\/li>\n<li><span lang=\"TR\">Ya\u015fam\u0131n anlam\u0131. (Hayat\u0131 manas\u0131z bulmamak i\u00e7in Tanr\u0131&#8217;ya m\u0131 inanmal\u0131y\u0131z?)<\/span><\/li>\n<\/ul>\n<p>Felsefe B\u00f6l\u00fcm\u00fc m\u00fcfredat\u0131, bunlar ve benzeri temel felsefi sorunlar\u0131 ele almak, \u00f6nemli felsefi arg\u00fcmanlar\u0131 ve tart\u0131\u015fma modellerini incelemek suretiyle \u00f6\u011frencileri savunulabilir (do\u011fru) d\u00fc\u015f\u00fcnce \u015fekilleri ve hareket tarzlar\u0131 hakk\u0131nda zengin kaynaklarla donatmaya y\u00f6neliktir. Ana ama\u00e7, soyut problemleri ve arg\u00fcmanlar\u0131 ayr\u0131nt\u0131l\u0131 bir \u015fekilde incelemek ve \u00f6\u011frencilere felsefe alan\u0131nda lisans\u00fcst\u00fc ara\u015ft\u0131rmalara y\u00f6nelebilmeleri i\u00e7in sa\u011flam bir temel kazand\u0131rmakt\u0131r. Bu ba\u011flamda, \u00f6\u011frencilerin<\/p>\n<ul>\n<li>Karar verme s\u00fcrecinde iyi yarg\u0131lama ve rasyonel tav\u0131r alma,<\/li>\n<li>Problem \u00e7\u00f6zme s\u00fcrecinde yarat\u0131c\u0131 olma ve bildiklerini \u00f6zg\u00fcn bir \u015fekilde birle\u015ftirme,<\/li>\n<li>Farkl\u0131 g\u00f6r\u00fc\u015f ve ele\u015ftirilere ak\u0131l y\u00fcr\u00fctme metodunu a\u00e7\u0131klayarak kar<span lang=\"tr\">\u015f\u0131l\u0131k verme<\/span>,<\/li>\n<li>Kendine g\u00fcven duyma, dirayetli tart\u0131\u015fmac\u0131l\u0131k, v.b.<\/li>\n<\/ul>\n<p>mesleki becerilerini tamamlamak program\u0131n hedefleri aras\u0131ndad\u0131r.<\/p>\n","protected":false},"excerpt":{"rendered":"<p>G\u00fcn\u00fcm\u00fcz\u00fcn en etkili felsefecilerinden Thomas Nagel&#8217;e g\u00f6re insanlar\u0131n zihinsel yetenekleri yakla\u015f\u0131k 14 ya\u015f civar\u0131nda \u00f6nemli felsefi problemleri kendi ba\u015flar\u0131na d\u00fc\u015f\u00fcnmeye yetecek d\u00fczeye gelmektedir. Bu a\u015famada bir gen\u00e7, as\u0131rlard\u0131r, hatta binlerce [&hellip;]<\/p>\n","protected":false},"author":2,"featured_media":2524,"parent":1490,"menu_order":0,"comment_status":"closed","ping_status":"closed","template":"","meta":{"inline_featured_image":false,"_monsterinsights_skip_tracking":false,"_monsterinsights_sitenote_active":false,"_monsterinsights_sitenote_note":"","_monsterinsights_sitenote_category":0,"ngg_post_thumbnail":0,"footnotes":""},"class_list":["post-1506","page","type-page","status-publish","has-post-thumbnail","hentry","has-post-video"],"yoast_head":"<!-- This site is optimized with the Yoast SEO plugin v27.3 - https:\/\/yoast.com\/product\/yoast-seo-wordpress\/ -->\n<title>Bilkent&#039;te Felsefe - Bilkent Philosophy<\/title>\n<meta name=\"robots\" content=\"index, follow, max-snippet:-1, max-image-preview:large, max-video-preview:-1\" \/>\n<link rel=\"canonical\" href=\"http:\/\/www.phil.bilkent.edu.tr\/index.php\/universite-adaylarina\/bilkentte-felsefe\/\" \/>\n<meta property=\"og:locale\" content=\"en_US\" \/>\n<meta property=\"og:type\" content=\"article\" \/>\n<meta property=\"og:title\" content=\"Bilkent&#039;te Felsefe - Bilkent Philosophy\" \/>\n<meta property=\"og:description\" content=\"G\u00fcn\u00fcm\u00fcz\u00fcn en etkili felsefecilerinden Thomas Nagel&#8217;e g\u00f6re insanlar\u0131n zihinsel yetenekleri yakla\u015f\u0131k 14 ya\u015f civar\u0131nda \u00f6nemli felsefi problemleri kendi ba\u015flar\u0131na d\u00fc\u015f\u00fcnmeye yetecek d\u00fczeye gelmektedir. Bu a\u015famada bir gen\u00e7, as\u0131rlard\u0131r, hatta binlerce [&hellip;]\" \/>\n<meta property=\"og:url\" content=\"http:\/\/www.phil.bilkent.edu.tr\/index.php\/universite-adaylarina\/bilkentte-felsefe\/\" \/>\n<meta property=\"og:site_name\" content=\"Bilkent Philosophy\" \/>\n<meta property=\"article:publisher\" content=\"https:\/\/www.facebook.com\/bilkent.philosophy\" \/>\n<meta property=\"article:modified_time\" content=\"2019-07-09T12:00:07+00:00\" \/>\n<meta property=\"og:image\" content=\"http:\/\/www.phil.bilkent.edu.tr\/wp-content\/uploads\/2016\/12\/Nas\u0131l-bir-insan-olmak-istiyorsun.jpeg\" \/>\n\t<meta property=\"og:image:width\" content=\"1280\" \/>\n\t<meta property=\"og:image:height\" content=\"720\" \/>\n\t<meta property=\"og:image:type\" content=\"image\/jpeg\" \/>\n<meta name=\"twitter:card\" content=\"summary_large_image\" \/>\n<meta name=\"twitter:site\" content=\"@BilkentPhil\" \/>\n<meta name=\"twitter:label1\" content=\"Est. reading time\" \/>\n\t<meta name=\"twitter:data1\" content=\"2 minutes\" \/>\n<script type=\"application\/ld+json\" class=\"yoast-schema-graph\">{\"@context\":\"https:\\\/\\\/schema.org\",\"@graph\":[{\"@type\":\"WebPage\",\"@id\":\"http:\\\/\\\/www.phil.bilkent.edu.tr\\\/index.php\\\/universite-adaylarina\\\/bilkentte-felsefe\\\/\",\"url\":\"http:\\\/\\\/www.phil.bilkent.edu.tr\\\/index.php\\\/universite-adaylarina\\\/bilkentte-felsefe\\\/\",\"name\":\"Bilkent'te Felsefe - Bilkent Philosophy\",\"isPartOf\":{\"@id\":\"http:\\\/\\\/www.phil.bilkent.edu.tr\\\/#website\"},\"primaryImageOfPage\":{\"@id\":\"http:\\\/\\\/www.phil.bilkent.edu.tr\\\/index.php\\\/universite-adaylarina\\\/bilkentte-felsefe\\\/#primaryimage\"},\"image\":{\"@id\":\"http:\\\/\\\/www.phil.bilkent.edu.tr\\\/index.php\\\/universite-adaylarina\\\/bilkentte-felsefe\\\/#primaryimage\"},\"thumbnailUrl\":\"http:\\\/\\\/www.phil.bilkent.edu.tr\\\/wp-content\\\/uploads\\\/2016\\\/12\\\/Nas\u0131l-bir-insan-olmak-istiyorsun.jpeg\",\"datePublished\":\"2016-12-10T09:18:48+00:00\",\"dateModified\":\"2019-07-09T12:00:07+00:00\",\"breadcrumb\":{\"@id\":\"http:\\\/\\\/www.phil.bilkent.edu.tr\\\/index.php\\\/universite-adaylarina\\\/bilkentte-felsefe\\\/#breadcrumb\"},\"inLanguage\":\"en-US\",\"potentialAction\":[{\"@type\":\"ReadAction\",\"target\":[\"http:\\\/\\\/www.phil.bilkent.edu.tr\\\/index.php\\\/universite-adaylarina\\\/bilkentte-felsefe\\\/\"]}]},{\"@type\":\"ImageObject\",\"inLanguage\":\"en-US\",\"@id\":\"http:\\\/\\\/www.phil.bilkent.edu.tr\\\/index.php\\\/universite-adaylarina\\\/bilkentte-felsefe\\\/#primaryimage\",\"url\":\"http:\\\/\\\/www.phil.bilkent.edu.tr\\\/wp-content\\\/uploads\\\/2016\\\/12\\\/Nas\u0131l-bir-insan-olmak-istiyorsun.jpeg\",\"contentUrl\":\"http:\\\/\\\/www.phil.bilkent.edu.tr\\\/wp-content\\\/uploads\\\/2016\\\/12\\\/Nas\u0131l-bir-insan-olmak-istiyorsun.jpeg\",\"width\":1280,\"height\":720},{\"@type\":\"BreadcrumbList\",\"@id\":\"http:\\\/\\\/www.phil.bilkent.edu.tr\\\/index.php\\\/universite-adaylarina\\\/bilkentte-felsefe\\\/#breadcrumb\",\"itemListElement\":[{\"@type\":\"ListItem\",\"position\":1,\"name\":\"Home\",\"item\":\"http:\\\/\\\/www.phil.bilkent.edu.tr\\\/\"},{\"@type\":\"ListItem\",\"position\":2,\"name\":\"\u00dcniversite Adaylar\u0131\",\"item\":\"http:\\\/\\\/www.phil.bilkent.edu.tr\\\/index.php\\\/universite-adaylarina\\\/\"},{\"@type\":\"ListItem\",\"position\":3,\"name\":\"Bilkent&#8217;te Felsefe\"}]},{\"@type\":\"WebSite\",\"@id\":\"http:\\\/\\\/www.phil.bilkent.edu.tr\\\/#website\",\"url\":\"http:\\\/\\\/www.phil.bilkent.edu.tr\\\/\",\"name\":\"Bilkent Philosophy\",\"description\":\"Bilkent University\",\"publisher\":{\"@id\":\"http:\\\/\\\/www.phil.bilkent.edu.tr\\\/#organization\"},\"potentialAction\":[{\"@type\":\"SearchAction\",\"target\":{\"@type\":\"EntryPoint\",\"urlTemplate\":\"http:\\\/\\\/www.phil.bilkent.edu.tr\\\/?s={search_term_string}\"},\"query-input\":{\"@type\":\"PropertyValueSpecification\",\"valueRequired\":true,\"valueName\":\"search_term_string\"}}],\"inLanguage\":\"en-US\"},{\"@type\":\"Organization\",\"@id\":\"http:\\\/\\\/www.phil.bilkent.edu.tr\\\/#organization\",\"name\":\"Bilkent Philosophy\",\"url\":\"http:\\\/\\\/www.phil.bilkent.edu.tr\\\/\",\"logo\":{\"@type\":\"ImageObject\",\"inLanguage\":\"en-US\",\"@id\":\"http:\\\/\\\/www.phil.bilkent.edu.tr\\\/#\\\/schema\\\/logo\\\/image\\\/\",\"url\":\"http:\\\/\\\/www.phil.bilkent.edu.tr\\\/wp-content\\\/uploads\\\/2016\\\/10\\\/Bilkent-phil_logo.png\",\"contentUrl\":\"http:\\\/\\\/www.phil.bilkent.edu.tr\\\/wp-content\\\/uploads\\\/2016\\\/10\\\/Bilkent-phil_logo.png\",\"width\":328,\"height\":54,\"caption\":\"Bilkent Philosophy\"},\"image\":{\"@id\":\"http:\\\/\\\/www.phil.bilkent.edu.tr\\\/#\\\/schema\\\/logo\\\/image\\\/\"},\"sameAs\":[\"https:\\\/\\\/www.facebook.com\\\/bilkent.philosophy\",\"https:\\\/\\\/x.com\\\/BilkentPhil\",\"https:\\\/\\\/www.youtube.com\\\/channel\\\/UCzij4ZE6X-bu1d9t6DJhlLA\"]}]}<\/script>\n<!-- \/ Yoast SEO plugin. -->","yoast_head_json":{"title":"Bilkent'te Felsefe - Bilkent Philosophy","robots":{"index":"index","follow":"follow","max-snippet":"max-snippet:-1","max-image-preview":"max-image-preview:large","max-video-preview":"max-video-preview:-1"},"canonical":"http:\/\/www.phil.bilkent.edu.tr\/index.php\/universite-adaylarina\/bilkentte-felsefe\/","og_locale":"en_US","og_type":"article","og_title":"Bilkent'te Felsefe - Bilkent Philosophy","og_description":"G\u00fcn\u00fcm\u00fcz\u00fcn en etkili felsefecilerinden Thomas Nagel&#8217;e g\u00f6re insanlar\u0131n zihinsel yetenekleri yakla\u015f\u0131k 14 ya\u015f civar\u0131nda \u00f6nemli felsefi problemleri kendi ba\u015flar\u0131na d\u00fc\u015f\u00fcnmeye yetecek d\u00fczeye gelmektedir. Bu a\u015famada bir gen\u00e7, as\u0131rlard\u0131r, hatta binlerce [&hellip;]","og_url":"http:\/\/www.phil.bilkent.edu.tr\/index.php\/universite-adaylarina\/bilkentte-felsefe\/","og_site_name":"Bilkent Philosophy","article_publisher":"https:\/\/www.facebook.com\/bilkent.philosophy","article_modified_time":"2019-07-09T12:00:07+00:00","og_image":[{"width":1280,"height":720,"url":"http:\/\/www.phil.bilkent.edu.tr\/wp-content\/uploads\/2016\/12\/Nas\u0131l-bir-insan-olmak-istiyorsun.jpeg","type":"image\/jpeg"}],"twitter_card":"summary_large_image","twitter_site":"@BilkentPhil","twitter_misc":{"Est. reading time":"2 minutes"},"schema":{"@context":"https:\/\/schema.org","@graph":[{"@type":"WebPage","@id":"http:\/\/www.phil.bilkent.edu.tr\/index.php\/universite-adaylarina\/bilkentte-felsefe\/","url":"http:\/\/www.phil.bilkent.edu.tr\/index.php\/universite-adaylarina\/bilkentte-felsefe\/","name":"Bilkent'te Felsefe - Bilkent Philosophy","isPartOf":{"@id":"http:\/\/www.phil.bilkent.edu.tr\/#website"},"primaryImageOfPage":{"@id":"http:\/\/www.phil.bilkent.edu.tr\/index.php\/universite-adaylarina\/bilkentte-felsefe\/#primaryimage"},"image":{"@id":"http:\/\/www.phil.bilkent.edu.tr\/index.php\/universite-adaylarina\/bilkentte-felsefe\/#primaryimage"},"thumbnailUrl":"http:\/\/www.phil.bilkent.edu.tr\/wp-content\/uploads\/2016\/12\/Nas\u0131l-bir-insan-olmak-istiyorsun.jpeg","datePublished":"2016-12-10T09:18:48+00:00","dateModified":"2019-07-09T12:00:07+00:00","breadcrumb":{"@id":"http:\/\/www.phil.bilkent.edu.tr\/index.php\/universite-adaylarina\/bilkentte-felsefe\/#breadcrumb"},"inLanguage":"en-US","potentialAction":[{"@type":"ReadAction","target":["http:\/\/www.phil.bilkent.edu.tr\/index.php\/universite-adaylarina\/bilkentte-felsefe\/"]}]},{"@type":"ImageObject","inLanguage":"en-US","@id":"http:\/\/www.phil.bilkent.edu.tr\/index.php\/universite-adaylarina\/bilkentte-felsefe\/#primaryimage","url":"http:\/\/www.phil.bilkent.edu.tr\/wp-content\/uploads\/2016\/12\/Nas\u0131l-bir-insan-olmak-istiyorsun.jpeg","contentUrl":"http:\/\/www.phil.bilkent.edu.tr\/wp-content\/uploads\/2016\/12\/Nas\u0131l-bir-insan-olmak-istiyorsun.jpeg","width":1280,"height":720},{"@type":"BreadcrumbList","@id":"http:\/\/www.phil.bilkent.edu.tr\/index.php\/universite-adaylarina\/bilkentte-felsefe\/#breadcrumb","itemListElement":[{"@type":"ListItem","position":1,"name":"Home","item":"http:\/\/www.phil.bilkent.edu.tr\/"},{"@type":"ListItem","position":2,"name":"\u00dcniversite Adaylar\u0131","item":"http:\/\/www.phil.bilkent.edu.tr\/index.php\/universite-adaylarina\/"},{"@type":"ListItem","position":3,"name":"Bilkent&#8217;te Felsefe"}]},{"@type":"WebSite","@id":"http:\/\/www.phil.bilkent.edu.tr\/#website","url":"http:\/\/www.phil.bilkent.edu.tr\/","name":"Bilkent Philosophy","description":"Bilkent University","publisher":{"@id":"http:\/\/www.phil.bilkent.edu.tr\/#organization"},"potentialAction":[{"@type":"SearchAction","target":{"@type":"EntryPoint","urlTemplate":"http:\/\/www.phil.bilkent.edu.tr\/?s={search_term_string}"},"query-input":{"@type":"PropertyValueSpecification","valueRequired":true,"valueName":"search_term_string"}}],"inLanguage":"en-US"},{"@type":"Organization","@id":"http:\/\/www.phil.bilkent.edu.tr\/#organization","name":"Bilkent Philosophy","url":"http:\/\/www.phil.bilkent.edu.tr\/","logo":{"@type":"ImageObject","inLanguage":"en-US","@id":"http:\/\/www.phil.bilkent.edu.tr\/#\/schema\/logo\/image\/","url":"http:\/\/www.phil.bilkent.edu.tr\/wp-content\/uploads\/2016\/10\/Bilkent-phil_logo.png","contentUrl":"http:\/\/www.phil.bilkent.edu.tr\/wp-content\/uploads\/2016\/10\/Bilkent-phil_logo.png","width":328,"height":54,"caption":"Bilkent Philosophy"},"image":{"@id":"http:\/\/www.phil.bilkent.edu.tr\/#\/schema\/logo\/image\/"},"sameAs":["https:\/\/www.facebook.com\/bilkent.philosophy","https:\/\/x.com\/BilkentPhil","https:\/\/www.youtube.com\/channel\/UCzij4ZE6X-bu1d9t6DJhlLA"]}]}},"_links":{"self":[{"href":"http:\/\/www.phil.bilkent.edu.tr\/index.php\/wp-json\/wp\/v2\/pages\/1506","targetHints":{"allow":["GET"]}}],"collection":[{"href":"http:\/\/www.phil.bilkent.edu.tr\/index.php\/wp-json\/wp\/v2\/pages"}],"about":[{"href":"http:\/\/www.phil.bilkent.edu.tr\/index.php\/wp-json\/wp\/v2\/types\/page"}],"author":[{"embeddable":true,"href":"http:\/\/www.phil.bilkent.edu.tr\/index.php\/wp-json\/wp\/v2\/users\/2"}],"replies":[{"embeddable":true,"href":"http:\/\/www.phil.bilkent.edu.tr\/index.php\/wp-json\/wp\/v2\/comments?post=1506"}],"version-history":[{"count":10,"href":"http:\/\/www.phil.bilkent.edu.tr\/index.php\/wp-json\/wp\/v2\/pages\/1506\/revisions"}],"predecessor-version":[{"id":4334,"href":"http:\/\/www.phil.bilkent.edu.tr\/index.php\/wp-json\/wp\/v2\/pages\/1506\/revisions\/4334"}],"up":[{"embeddable":true,"href":"http:\/\/www.phil.bilkent.edu.tr\/index.php\/wp-json\/wp\/v2\/pages\/1490"}],"wp:featuredmedia":[{"embeddable":true,"href":"http:\/\/www.phil.bilkent.edu.tr\/index.php\/wp-json\/wp\/v2\/media\/2524"}],"wp:attachment":[{"href":"http:\/\/www.phil.bilkent.edu.tr\/index.php\/wp-json\/wp\/v2\/media?parent=1506"}],"curies":[{"name":"wp","href":"https:\/\/api.w.org\/{rel}","templated":true}]}}