{"id":1511,"date":"2016-12-10T11:29:33","date_gmt":"2016-12-10T09:29:33","guid":{"rendered":"http:\/\/www.phil.bilkent.edu.tr\/?page_id=1511"},"modified":"2016-12-10T11:48:07","modified_gmt":"2016-12-10T09:48:07","slug":"egitim-anlayisi","status":"publish","type":"page","link":"http:\/\/www.phil.bilkent.edu.tr\/index.php\/universite-adaylarina\/egitim-anlayisi\/","title":{"rendered":"E\u011fitim Anlay\u0131\u015f\u0131m\u0131z"},"content":{"rendered":"<p><img fetchpriority=\"high\" decoding=\"async\" class=\"alignnone size-full wp-image-1523\" src=\"http:\/\/www.phil.bilkent.edu.tr\/wp-content\/uploads\/2016\/12\/interdisc_study.jpg\" alt=\"interdisc_study\" width=\"700\" height=\"315\" srcset=\"http:\/\/www.phil.bilkent.edu.tr\/wp-content\/uploads\/2016\/12\/interdisc_study.jpg 700w, http:\/\/www.phil.bilkent.edu.tr\/wp-content\/uploads\/2016\/12\/interdisc_study-300x135.jpg 300w, http:\/\/www.phil.bilkent.edu.tr\/wp-content\/uploads\/2016\/12\/interdisc_study-122x55.jpg 122w\" sizes=\"(max-width: 700px) 100vw, 700px\" \/><br \/>\nT\u00fcrkiye&#8217;de halihaz\u0131rda \u00e7e\u015fitli \u00fcniversitelerde felsefe programlar\u0131 bulunmaktad\u0131r. Bu programlara bak\u0131ld\u0131\u011f\u0131nda g\u00f6r\u00fclen \u015fudur: programlar \u00f6\u011frencilere a\u011f\u0131rl\u0131kl\u0131 olarak tarihsel felsefe bilgileri vermekte ve salt felsefi beceriler kazand\u0131rmaya y\u00f6nelik bir dizi \u00e7al\u0131\u015fma uygulamaktad\u0131r. \u00d6te yandan, d\u00fcnyadaki \u00f6nemli felsefe programlar\u0131na bak\u0131ld\u0131\u011f\u0131nda, bunlar\u0131n daha geni\u015f tabanl\u0131 olduklar\u0131 g\u00f6zlenmektedir. Geni\u015f tabanl\u0131 programlar, felsefi ara\u015ft\u0131rma prati\u011fi sonucu kazan\u0131lan entelekt\u00fcel yetenekleri kullanarak h\u0131zla de\u011fi\u015fen bir d\u00fcnyada \u00f6\u011frencinin \u00e7ok y\u00f6nl\u00fc ve becerikli olmas\u0131n\u0131 sa\u011flamaya y\u00f6neliktir. Bu t\u00fcr programlarda, yaln\u0131zca felsefeye odaklanmak yerine daha geni\u015f bir bak\u0131\u015f a\u00e7\u0131s\u0131 se\u00e7ilmekte ve felsefeyle ilgili di\u011fer alanlar\u0131n dengeli bir \u015fekilde ele al\u0131nmas\u0131 sa\u011flanmaktad\u0131r.<\/p>\n<p>Bilkent Felsefe program\u0131 da geni\u015f tabanl\u0131d\u0131r, \u00e7\u00fcnk\u00fc \u00f6\u011frencilerin felsefe d\u0131\u015f\u0131nda bir tak\u0131m alanlarda &#8212; fizik, biyoloji, bilgisayar, matematik, istatistik, ekonomi, yabanc\u0131 dil, edebiyat, tarih, sanat &#8212; dersler almas\u0131n\u0131 \u00f6ng\u00f6rmektedir. Bu yakla\u015f\u0131m\u0131n \u00fc\u00e7 nedeni vard\u0131r:<\/p>\n<ul>\n<li>Program \u00f6\u011frenciye fizik, matematik, ekonomi, tarih gibi alanlar\u0131nda \u00f6nemli anlay\u0131\u015flar kazand\u0131raca\u011f\u0131 i\u00e7in, \u00f6\u011frencinin bu alanlardaki \u00e7al\u0131\u015fmalar\u0131 bilirki\u015fi pozisyonundan sorgulamas\u0131 m\u00fcmk\u00fcn olacakt\u0131r. Ayn\u0131 sebeple, \u00f6\u011frenci, bu di\u011fer alanlar\u0131n s\u00fcrekli gerek duyulan y\u00f6nlerini tan\u0131mlayabilecek ve takdir edebilecek yetkinli\u011fe sahip olacakt\u0131r.<\/li>\n<li>Akademik ara\u015ft\u0131rmada, \u00f6zellikle aralar\u0131nda ilintili alanlarda fikirlerin birbirini beslemesi esast\u0131r. Bu anlamda, felsefe \u00f6\u011frencisi bir yandan felsefe d\u0131\u015f\u0131nda dersleri kullanarak felsefi anlay\u0131\u015f\u0131n\u0131 geli\u015ftirecek, di\u011fer yandan felsefe bilgisine dayanarak di\u011fer alanlardaki konulara daha verimli bir \u015fekilde yakla\u015fabilecektir. Bilhassa lisans \u00fcst\u00fc \u00e7al\u0131\u015fmalar yapacak \u00f6\u011frenciler i\u00e7in bu b\u00fcy\u00fck yararlar sa\u011flayacakt\u0131r.<\/li>\n<li>Felsefe derecesinin al\u0131nmas\u0131 i\u00e7in ge\u00e7en d\u00f6rt y\u0131l boyunca al\u0131nacak bir tak\u0131m dersler \u2013 ikinci yabanc\u0131 dil, istatistik, bilgisayar, v.b. \u2013 i\u015fyerinde ve lisans \u00fcst\u00fc \u00e7al\u0131\u015fmalarda gerekli \u00f6zel becerileri sa\u011flayacakt\u0131r. \u00d6zellikle ikinci yabanc\u0131 dil bilgisinin, felsefi metinlerin \u00f6zg\u00fcn kaynaklar\u0131ndan okunmas\u0131n\u0131 zorunlu (veya en az\u0131ndan arzu edilir) k\u0131lan yerle\u015fik akademik e\u011filim dikkate al\u0131nd\u0131\u011f\u0131nda \u00f6nem ta\u015f\u0131d\u0131\u011f\u0131 a\u00e7\u0131kt\u0131r.<\/li>\n<\/ul>\n<p>Mezunlar\u0131n b\u00fcy\u00fck bir b\u00f6l\u00fcm\u00fc lisans \u00fcst\u00fc \u00e7al\u0131\u015fmalara devam ederek akademik bir do\u011frultuda \u00e7al\u0131\u015fmalar\u0131n\u0131 s\u00fcrd\u00fcrecektir. Ancak mezunlar i\u00e7in olas\u0131 tek do\u011frultu bununla kalmamaktad\u0131r. Felsefe mezunlar\u0131n\u0131n sahip olacaklar\u0131 bir dizi \u00f6nemli \u00f6zellik olacakt\u0131r:<\/p>\n<ul>\n<li>Gerekti\u011finde ele\u015ftirel olabilen yap\u0131c\u0131 ve bilimsel bak\u0131\u015f,<\/li>\n<li>Sa\u011fduyusal ak\u0131l y\u00fcr\u00fctme,<\/li>\n<li>D\u00fcnya d\u00fc\u015f\u00fcnce tarihindeki \u00f6nemli kilometre ta\u015flar\u0131n\u0131 bilme,<\/li>\n<li>T\u00fcrkiye ve d\u00fcnyay\u0131 anlamaya y\u00f6nelik toplumsal\/tarihsel bilin\u00e7,<\/li>\n<li>M\u00fckemmel \u0130ngilizceye ek olarak geli\u015fkin ikinci yabanc\u0131 dil bilgisi,<\/li>\n<li>Fendeki \u00e7a\u011fda\u015f kuramlarla tan\u0131\u015f\u0131kl\u0131k,<\/li>\n<li>Matematiksel olgunluk,<\/li>\n<li>Bilgisayar kullanma ve programlama bilgileri,<\/li>\n<li>D\u00fczg\u00fcn yazma ve konu\u015fma,<\/li>\n<li>Sanat ve edebiyat zevki.<\/li>\n<\/ul>\n<p>K\u00fcreselle\u015fen d\u00fcnyada bu \u00f6zellikleri ki\u015fili\u011finde toplayan bir bireyin \u00f6n\u00fcnde zengin i\u015f olanaklar\u0131 a\u00e7\u0131laca\u011f\u0131n\u0131 beklemek do\u011fald\u0131r. \u00d6zellikle Anglo-Sakson d\u00fcnyas\u0131nda, felsefe b\u00f6l\u00fcm\u00fc mezunlar\u0131n\u0131n \u00f6nemli bir k\u0131sm\u0131n\u0131n zorlanmadan sosyal bilimlerin ve be\u015feri bilimlerin \u00e7e\u015fitli alanlar\u0131na girdikleri bir ger\u00e7ek olarak kar\u015f\u0131m\u0131zda durmaktad\u0131r. \u00dclkemizde de b\u00f6ylesi bir programdan mezun olacak olgun ki\u015filerin yapaca\u011f\u0131 katk\u0131lara gereksinim oldu\u011fu a\u00e7\u0131kt\u0131r. \u00d6rne\u011fin, son y\u0131llarda \u00e7e\u015fitlilik ve b\u00fcy\u00fckl\u00fck a\u00e7\u0131lar\u0131ndan etkileyici bir noktaya ula\u015fan T\u00fcrk kitap\/dergi yay\u0131nc\u0131l\u0131\u011f\u0131 sekt\u00f6r\u00fcnde, felsefe program\u0131ndan mezun ki\u015filerin dan\u0131\u015fman, edit\u00f6r, ele\u015ftirmen, \u00e7evirmen gibi g\u00f6revlerde istihdam edilmeleri beklebilir. Benzer \u015fekilde; tutarl\u0131, etik ve estetik olmas\u0131 ka\u00e7\u0131n\u0131lmaz olan yaz\u0131l\u0131\/g\u00f6rsel medyada, felsefe program\u0131 mezunlar\u0131 \u00f6nemli yol g\u00f6sterici roller oynayabilirler. Bunlara ek olarak, programdan mezun olanlar\u0131n T\u00fcrkiye&#8217;nin se\u00e7kin orta \u00f6\u011fretim kurumlar\u0131nda felsefe \u00f6\u011fretmeni olarak istihdam edilmesi beklenebilir.<\/p>\n<p><img decoding=\"async\" class=\"alignnone size-full wp-image-1499\" src=\"http:\/\/www.phil.bilkent.edu.tr\/wp-content\/uploads\/2016\/12\/g11.jpg\" alt=\"g11\" width=\"940\" height=\"300\" srcset=\"http:\/\/www.phil.bilkent.edu.tr\/wp-content\/uploads\/2016\/12\/g11.jpg 940w, http:\/\/www.phil.bilkent.edu.tr\/wp-content\/uploads\/2016\/12\/g11-300x96.jpg 300w, http:\/\/www.phil.bilkent.edu.tr\/wp-content\/uploads\/2016\/12\/g11-768x245.jpg 768w, http:\/\/www.phil.bilkent.edu.tr\/wp-content\/uploads\/2016\/12\/g11-172x55.jpg 172w\" sizes=\"(max-width: 940px) 100vw, 940px\" \/><\/p>\n<p>\u00d6\u011frencilerin almas\u0131 gereken zorunlu ve se\u00e7meli t\u00fcm derslerin kodlar\u0131, adlar\u0131 ve kredileri, <a href=\"http:\/\/catalog.bilkent.edu.tr\/current\/dep\/d25.html\">bu sayfada<\/a> d\u00f6nem baz\u0131nda g\u00f6sterilmi\u015ftir.&nbsp;<span lang=\"tr\">Yaz aylar\u0131nda yap\u0131lacak 2 adet birer ayl\u0131k staj da bu dersler aras\u0131ndad\u0131r. <\/span>Programda yer alan her dersin gerisinde, \u00f6\u011frencinin ba\u011f\u0131ms\u0131z ara\u015ft\u0131rma yetene\u011fini giderek geli\u015ftirme d\u00fc\u015f\u00fcncesi yatmaktad\u0131r. D\u00f6rd\u00fcnc\u00fc s\u0131n\u0131fta bir \u00f6\u011fretim \u00fcyesinin g\u00f6zetiminde haz\u0131rlanacak mezuniyet teziyle bu d\u00fc\u015f\u00fcnce son a\u015famas\u0131na ula\u015fmaktad\u0131r.&nbsp;<\/p>\n<p>Program, \u015fu anda felsefede en iyi programlara ve \u00f6\u011fretim elemanlar\u0131na sahip \u00fcniversitelerde (\u00f6rne\u011fin, A.B.D.&#8217;de <a href=\"http:\/\/www.nyu.edu\/gsas\/dept\/philo\/\" target=\"new\">New York \u00dcniversitesi<\/a>, <a href=\"http:\/\/web.princeton.edu\/sites\/philosph\/\" target=\"new\">Princeton \u00dcniversitesi<\/a>, <a href=\"http:\/\/philosophy.rutgers.edu\/\" target=\"new\">Rutgers \u00dcniversitesi<\/a>, <a href=\"http:\/\/philosophy.stanford.edu\/\" target=\"new\">Stanford \u00dcniversitesi<\/a>, <a href=\"http:\/\/www.fas.harvard.edu\/~phildept\/\" target=\"new\">Harvard \u00dcniversitesi<\/a>, <a href=\"http:\/\/www.yale.edu\/philos\" target=\"new\">Yale \u00dcniversitesi<\/a>,<a href=\"http:\/\/web.mit.edu\/philos\/www\/index.html\" target=\"new\">Massachusetts Teknoloji Enstit\u00fcs\u00fc<\/a>; \u0130ngiltere&#8217;de <a href=\"http:\/\/www.philosophy.ox.ac.uk\/\" target=\"new\">Oxford \u00dcniversitesi<\/a>, <a href=\"http:\/\/www.phil.cam.ac.uk\/\" target=\"new\">Cambridge \u00dcniversitesi<\/a>) uyguland\u0131\u011f\u0131 \u00fczere, sadece kaliteli felsefe \u00f6\u011fretimine ve ara\u015ft\u0131rmas\u0131na y\u00f6neliktir. Bilimsel \u00f6l\u00e7\u00fctlere uygun her t\u00fcrl\u00fc akademik felsefi s\u00f6ylem ve konu, program\u0131n kapsama alan\u0131 dahilindedir. Mamafih program\u0131n ayr\u0131nt\u0131lar\u0131 incelendi\u011finde \u00e7\u00f6z\u00fcmlemeli (analitik) yan\u0131n\u0131n \u00e7ok daha belirgin oldu\u011fu g\u00f6r\u00fclecektir. &nbsp;Yukar\u0131da an\u0131lan Amerikan ve \u0130ngiliz \u00fcniversitelerinde de durum bu \u015fekildedir. \u0130ngiliz felsefecisi Sir Peter Strawson, analitik bir felsefecinin, kavramsal \u00e7\u00f6z\u00fcmlemeyi (analizi) kullanan &#8212; yani bir kavram veya fikrin hangi \u00f6\u011felerden olu\u015ftu\u011funa ve bunlar aras\u0131ndaki ili\u015fkilere e\u011filen &#8212; ki\u015fi oldu\u011funu s\u00f6yler. Bu do\u011frultuda, Bilkent Felsefe program\u0131 anla\u015f\u0131labilir ve mant\u0131k silsilesini izleyen arg\u00fcmanlardan olu\u015fan felsefi \u00e7al\u0131\u015fmalar\u0131n &#8216;iyi&#8217; felsefenin nas\u0131l olmas\u0131 gerekti\u011fi konusunda ipu\u00e7lar\u0131 verdi\u011fine inan\u0131r. Ayr\u0131ca, g\u00fcn\u00fcm\u00fczde bilimsel sonu\u00e7lar\u0131n felsefe a\u00e7\u0131s\u0131ndan \u00f6nemi artt\u0131\u011f\u0131 i\u00e7in, programda felsefe ve fen s\u0131k s\u0131k kesi\u015fmektedir.<\/p>\n<p>Bilkent Bilgisayar Merkezince i\u015fletilen bilgisayar laboratuvarlar\u0131nda h\u0131zl\u0131 \u0130nternet ba\u011flant\u0131l\u0131 ve en son teknolojiye sahip ki\u015fisel bilgisayarlar Felsefe \u00f6\u011frencilerinin kullan\u0131m\u0131na a\u00e7\u0131k olacakt\u0131r. Bilgisayarlar, \u00f6\u011frenciler taraf\u0131ndan; yaz\u0131l\u0131 \u00f6dev\/s\u00f6zel sunum haz\u0131rlamak, program yazmak, e-posta, internet, v.b. ama\u00e7larla serbest\u00e7e kullan\u0131lacakt\u0131r.<\/p>\n<p>Felsefeyle ilgili \u00fcniversitemiz k\u00fct\u00fcphanesinde bulunan kitaplar\u0131n say\u0131s\u0131 10,000&#8217;den fazlad\u0131r. Kitaplar\u0131n k\u00fcnye bilgileri <a href=\"http:\/\/library.bilkent.edu.tr\/\">Bilkent K\u00fct\u00fcphanesi web sitesinden<\/a> Library Catalog b\u00f6l\u00fcm\u00fcne t\u0131klayarak incelenebilir. <a href=\"http:\/\/lists.bilkent.edu.tr\/ejournals\/goster.cgi?subject=Philosophy&amp;cmd=title_sort\">Bu sayfadan<\/a> da K\u00fct\u00fcphanemizin bas\u0131l\u0131 ve\/veya elektronik formatta abone oldu\u011fu 100&#8217;den fazla felsefe dergisiyle ilgili bilgileri g\u00f6rmek m\u00fcmk\u00fcnd\u00fcr.<\/p>\n","protected":false},"excerpt":{"rendered":"<p>T\u00fcrkiye&#8217;de halihaz\u0131rda \u00e7e\u015fitli \u00fcniversitelerde felsefe programlar\u0131 bulunmaktad\u0131r. Bu programlara bak\u0131ld\u0131\u011f\u0131nda g\u00f6r\u00fclen \u015fudur: programlar \u00f6\u011frencilere a\u011f\u0131rl\u0131kl\u0131 olarak tarihsel felsefe bilgileri vermekte ve salt felsefi beceriler kazand\u0131rmaya y\u00f6nelik bir dizi \u00e7al\u0131\u015fma uygulamaktad\u0131r. [&hellip;]<\/p>\n","protected":false},"author":2,"featured_media":0,"parent":1490,"menu_order":0,"comment_status":"closed","ping_status":"closed","template":"","meta":{"inline_featured_image":false,"_monsterinsights_skip_tracking":false,"_monsterinsights_sitenote_active":false,"_monsterinsights_sitenote_note":"","_monsterinsights_sitenote_category":0,"ngg_post_thumbnail":0,"footnotes":""},"class_list":["post-1511","page","type-page","status-publish","hentry"],"yoast_head":"<!-- This site is optimized with the Yoast SEO plugin v27.3 - https:\/\/yoast.com\/product\/yoast-seo-wordpress\/ -->\n<title>E\u011fitim Anlay\u0131\u015f\u0131m\u0131z - Bilkent Philosophy<\/title>\n<meta name=\"robots\" content=\"index, follow, max-snippet:-1, max-image-preview:large, max-video-preview:-1\" \/>\n<link rel=\"canonical\" href=\"http:\/\/www.phil.bilkent.edu.tr\/index.php\/universite-adaylarina\/egitim-anlayisi\/\" \/>\n<meta property=\"og:locale\" content=\"en_US\" \/>\n<meta property=\"og:type\" content=\"article\" \/>\n<meta property=\"og:title\" content=\"E\u011fitim Anlay\u0131\u015f\u0131m\u0131z - Bilkent Philosophy\" \/>\n<meta property=\"og:description\" content=\"T\u00fcrkiye&#8217;de halihaz\u0131rda \u00e7e\u015fitli \u00fcniversitelerde felsefe programlar\u0131 bulunmaktad\u0131r. Bu programlara bak\u0131ld\u0131\u011f\u0131nda g\u00f6r\u00fclen \u015fudur: programlar \u00f6\u011frencilere a\u011f\u0131rl\u0131kl\u0131 olarak tarihsel felsefe bilgileri vermekte ve salt felsefi beceriler kazand\u0131rmaya y\u00f6nelik bir dizi \u00e7al\u0131\u015fma uygulamaktad\u0131r. [&hellip;]\" \/>\n<meta property=\"og:url\" content=\"http:\/\/www.phil.bilkent.edu.tr\/index.php\/universite-adaylarina\/egitim-anlayisi\/\" \/>\n<meta property=\"og:site_name\" content=\"Bilkent Philosophy\" \/>\n<meta property=\"article:publisher\" content=\"https:\/\/www.facebook.com\/bilkent.philosophy\" \/>\n<meta property=\"article:modified_time\" content=\"2016-12-10T09:48:07+00:00\" \/>\n<meta property=\"og:image\" content=\"http:\/\/www.phil.bilkent.edu.tr\/wp-content\/uploads\/2016\/12\/interdisc_study.jpg\" \/>\n<meta name=\"twitter:card\" content=\"summary_large_image\" \/>\n<meta name=\"twitter:site\" content=\"@BilkentPhil\" \/>\n<meta name=\"twitter:label1\" content=\"Est. reading time\" \/>\n\t<meta name=\"twitter:data1\" content=\"5 minutes\" \/>\n<script type=\"application\/ld+json\" class=\"yoast-schema-graph\">{\"@context\":\"https:\\\/\\\/schema.org\",\"@graph\":[{\"@type\":\"WebPage\",\"@id\":\"http:\\\/\\\/www.phil.bilkent.edu.tr\\\/index.php\\\/universite-adaylarina\\\/egitim-anlayisi\\\/\",\"url\":\"http:\\\/\\\/www.phil.bilkent.edu.tr\\\/index.php\\\/universite-adaylarina\\\/egitim-anlayisi\\\/\",\"name\":\"E\u011fitim Anlay\u0131\u015f\u0131m\u0131z - Bilkent Philosophy\",\"isPartOf\":{\"@id\":\"http:\\\/\\\/www.phil.bilkent.edu.tr\\\/#website\"},\"primaryImageOfPage\":{\"@id\":\"http:\\\/\\\/www.phil.bilkent.edu.tr\\\/index.php\\\/universite-adaylarina\\\/egitim-anlayisi\\\/#primaryimage\"},\"image\":{\"@id\":\"http:\\\/\\\/www.phil.bilkent.edu.tr\\\/index.php\\\/universite-adaylarina\\\/egitim-anlayisi\\\/#primaryimage\"},\"thumbnailUrl\":\"http:\\\/\\\/www.phil.bilkent.edu.tr\\\/wp-content\\\/uploads\\\/2016\\\/12\\\/interdisc_study.jpg\",\"datePublished\":\"2016-12-10T09:29:33+00:00\",\"dateModified\":\"2016-12-10T09:48:07+00:00\",\"breadcrumb\":{\"@id\":\"http:\\\/\\\/www.phil.bilkent.edu.tr\\\/index.php\\\/universite-adaylarina\\\/egitim-anlayisi\\\/#breadcrumb\"},\"inLanguage\":\"en-US\",\"potentialAction\":[{\"@type\":\"ReadAction\",\"target\":[\"http:\\\/\\\/www.phil.bilkent.edu.tr\\\/index.php\\\/universite-adaylarina\\\/egitim-anlayisi\\\/\"]}]},{\"@type\":\"ImageObject\",\"inLanguage\":\"en-US\",\"@id\":\"http:\\\/\\\/www.phil.bilkent.edu.tr\\\/index.php\\\/universite-adaylarina\\\/egitim-anlayisi\\\/#primaryimage\",\"url\":\"http:\\\/\\\/www.phil.bilkent.edu.tr\\\/wp-content\\\/uploads\\\/2016\\\/12\\\/interdisc_study.jpg\",\"contentUrl\":\"http:\\\/\\\/www.phil.bilkent.edu.tr\\\/wp-content\\\/uploads\\\/2016\\\/12\\\/interdisc_study.jpg\",\"width\":700,\"height\":315},{\"@type\":\"BreadcrumbList\",\"@id\":\"http:\\\/\\\/www.phil.bilkent.edu.tr\\\/index.php\\\/universite-adaylarina\\\/egitim-anlayisi\\\/#breadcrumb\",\"itemListElement\":[{\"@type\":\"ListItem\",\"position\":1,\"name\":\"Home\",\"item\":\"http:\\\/\\\/www.phil.bilkent.edu.tr\\\/\"},{\"@type\":\"ListItem\",\"position\":2,\"name\":\"\u00dcniversite Adaylar\u0131\",\"item\":\"http:\\\/\\\/www.phil.bilkent.edu.tr\\\/index.php\\\/universite-adaylarina\\\/\"},{\"@type\":\"ListItem\",\"position\":3,\"name\":\"E\u011fitim Anlay\u0131\u015f\u0131m\u0131z\"}]},{\"@type\":\"WebSite\",\"@id\":\"http:\\\/\\\/www.phil.bilkent.edu.tr\\\/#website\",\"url\":\"http:\\\/\\\/www.phil.bilkent.edu.tr\\\/\",\"name\":\"Bilkent Philosophy\",\"description\":\"Bilkent University\",\"publisher\":{\"@id\":\"http:\\\/\\\/www.phil.bilkent.edu.tr\\\/#organization\"},\"potentialAction\":[{\"@type\":\"SearchAction\",\"target\":{\"@type\":\"EntryPoint\",\"urlTemplate\":\"http:\\\/\\\/www.phil.bilkent.edu.tr\\\/?s={search_term_string}\"},\"query-input\":{\"@type\":\"PropertyValueSpecification\",\"valueRequired\":true,\"valueName\":\"search_term_string\"}}],\"inLanguage\":\"en-US\"},{\"@type\":\"Organization\",\"@id\":\"http:\\\/\\\/www.phil.bilkent.edu.tr\\\/#organization\",\"name\":\"Bilkent Philosophy\",\"url\":\"http:\\\/\\\/www.phil.bilkent.edu.tr\\\/\",\"logo\":{\"@type\":\"ImageObject\",\"inLanguage\":\"en-US\",\"@id\":\"http:\\\/\\\/www.phil.bilkent.edu.tr\\\/#\\\/schema\\\/logo\\\/image\\\/\",\"url\":\"http:\\\/\\\/www.phil.bilkent.edu.tr\\\/wp-content\\\/uploads\\\/2016\\\/10\\\/Bilkent-phil_logo.png\",\"contentUrl\":\"http:\\\/\\\/www.phil.bilkent.edu.tr\\\/wp-content\\\/uploads\\\/2016\\\/10\\\/Bilkent-phil_logo.png\",\"width\":328,\"height\":54,\"caption\":\"Bilkent Philosophy\"},\"image\":{\"@id\":\"http:\\\/\\\/www.phil.bilkent.edu.tr\\\/#\\\/schema\\\/logo\\\/image\\\/\"},\"sameAs\":[\"https:\\\/\\\/www.facebook.com\\\/bilkent.philosophy\",\"https:\\\/\\\/x.com\\\/BilkentPhil\",\"https:\\\/\\\/www.youtube.com\\\/channel\\\/UCzij4ZE6X-bu1d9t6DJhlLA\"]}]}<\/script>\n<!-- \/ Yoast SEO plugin. -->","yoast_head_json":{"title":"E\u011fitim Anlay\u0131\u015f\u0131m\u0131z - Bilkent Philosophy","robots":{"index":"index","follow":"follow","max-snippet":"max-snippet:-1","max-image-preview":"max-image-preview:large","max-video-preview":"max-video-preview:-1"},"canonical":"http:\/\/www.phil.bilkent.edu.tr\/index.php\/universite-adaylarina\/egitim-anlayisi\/","og_locale":"en_US","og_type":"article","og_title":"E\u011fitim Anlay\u0131\u015f\u0131m\u0131z - Bilkent Philosophy","og_description":"T\u00fcrkiye&#8217;de halihaz\u0131rda \u00e7e\u015fitli \u00fcniversitelerde felsefe programlar\u0131 bulunmaktad\u0131r. Bu programlara bak\u0131ld\u0131\u011f\u0131nda g\u00f6r\u00fclen \u015fudur: programlar \u00f6\u011frencilere a\u011f\u0131rl\u0131kl\u0131 olarak tarihsel felsefe bilgileri vermekte ve salt felsefi beceriler kazand\u0131rmaya y\u00f6nelik bir dizi \u00e7al\u0131\u015fma uygulamaktad\u0131r. [&hellip;]","og_url":"http:\/\/www.phil.bilkent.edu.tr\/index.php\/universite-adaylarina\/egitim-anlayisi\/","og_site_name":"Bilkent Philosophy","article_publisher":"https:\/\/www.facebook.com\/bilkent.philosophy","article_modified_time":"2016-12-10T09:48:07+00:00","og_image":[{"url":"http:\/\/www.phil.bilkent.edu.tr\/wp-content\/uploads\/2016\/12\/interdisc_study.jpg","type":"","width":"","height":""}],"twitter_card":"summary_large_image","twitter_site":"@BilkentPhil","twitter_misc":{"Est. reading time":"5 minutes"},"schema":{"@context":"https:\/\/schema.org","@graph":[{"@type":"WebPage","@id":"http:\/\/www.phil.bilkent.edu.tr\/index.php\/universite-adaylarina\/egitim-anlayisi\/","url":"http:\/\/www.phil.bilkent.edu.tr\/index.php\/universite-adaylarina\/egitim-anlayisi\/","name":"E\u011fitim Anlay\u0131\u015f\u0131m\u0131z - Bilkent Philosophy","isPartOf":{"@id":"http:\/\/www.phil.bilkent.edu.tr\/#website"},"primaryImageOfPage":{"@id":"http:\/\/www.phil.bilkent.edu.tr\/index.php\/universite-adaylarina\/egitim-anlayisi\/#primaryimage"},"image":{"@id":"http:\/\/www.phil.bilkent.edu.tr\/index.php\/universite-adaylarina\/egitim-anlayisi\/#primaryimage"},"thumbnailUrl":"http:\/\/www.phil.bilkent.edu.tr\/wp-content\/uploads\/2016\/12\/interdisc_study.jpg","datePublished":"2016-12-10T09:29:33+00:00","dateModified":"2016-12-10T09:48:07+00:00","breadcrumb":{"@id":"http:\/\/www.phil.bilkent.edu.tr\/index.php\/universite-adaylarina\/egitim-anlayisi\/#breadcrumb"},"inLanguage":"en-US","potentialAction":[{"@type":"ReadAction","target":["http:\/\/www.phil.bilkent.edu.tr\/index.php\/universite-adaylarina\/egitim-anlayisi\/"]}]},{"@type":"ImageObject","inLanguage":"en-US","@id":"http:\/\/www.phil.bilkent.edu.tr\/index.php\/universite-adaylarina\/egitim-anlayisi\/#primaryimage","url":"http:\/\/www.phil.bilkent.edu.tr\/wp-content\/uploads\/2016\/12\/interdisc_study.jpg","contentUrl":"http:\/\/www.phil.bilkent.edu.tr\/wp-content\/uploads\/2016\/12\/interdisc_study.jpg","width":700,"height":315},{"@type":"BreadcrumbList","@id":"http:\/\/www.phil.bilkent.edu.tr\/index.php\/universite-adaylarina\/egitim-anlayisi\/#breadcrumb","itemListElement":[{"@type":"ListItem","position":1,"name":"Home","item":"http:\/\/www.phil.bilkent.edu.tr\/"},{"@type":"ListItem","position":2,"name":"\u00dcniversite Adaylar\u0131","item":"http:\/\/www.phil.bilkent.edu.tr\/index.php\/universite-adaylarina\/"},{"@type":"ListItem","position":3,"name":"E\u011fitim Anlay\u0131\u015f\u0131m\u0131z"}]},{"@type":"WebSite","@id":"http:\/\/www.phil.bilkent.edu.tr\/#website","url":"http:\/\/www.phil.bilkent.edu.tr\/","name":"Bilkent Philosophy","description":"Bilkent University","publisher":{"@id":"http:\/\/www.phil.bilkent.edu.tr\/#organization"},"potentialAction":[{"@type":"SearchAction","target":{"@type":"EntryPoint","urlTemplate":"http:\/\/www.phil.bilkent.edu.tr\/?s={search_term_string}"},"query-input":{"@type":"PropertyValueSpecification","valueRequired":true,"valueName":"search_term_string"}}],"inLanguage":"en-US"},{"@type":"Organization","@id":"http:\/\/www.phil.bilkent.edu.tr\/#organization","name":"Bilkent Philosophy","url":"http:\/\/www.phil.bilkent.edu.tr\/","logo":{"@type":"ImageObject","inLanguage":"en-US","@id":"http:\/\/www.phil.bilkent.edu.tr\/#\/schema\/logo\/image\/","url":"http:\/\/www.phil.bilkent.edu.tr\/wp-content\/uploads\/2016\/10\/Bilkent-phil_logo.png","contentUrl":"http:\/\/www.phil.bilkent.edu.tr\/wp-content\/uploads\/2016\/10\/Bilkent-phil_logo.png","width":328,"height":54,"caption":"Bilkent Philosophy"},"image":{"@id":"http:\/\/www.phil.bilkent.edu.tr\/#\/schema\/logo\/image\/"},"sameAs":["https:\/\/www.facebook.com\/bilkent.philosophy","https:\/\/x.com\/BilkentPhil","https:\/\/www.youtube.com\/channel\/UCzij4ZE6X-bu1d9t6DJhlLA"]}]}},"_links":{"self":[{"href":"http:\/\/www.phil.bilkent.edu.tr\/index.php\/wp-json\/wp\/v2\/pages\/1511","targetHints":{"allow":["GET"]}}],"collection":[{"href":"http:\/\/www.phil.bilkent.edu.tr\/index.php\/wp-json\/wp\/v2\/pages"}],"about":[{"href":"http:\/\/www.phil.bilkent.edu.tr\/index.php\/wp-json\/wp\/v2\/types\/page"}],"author":[{"embeddable":true,"href":"http:\/\/www.phil.bilkent.edu.tr\/index.php\/wp-json\/wp\/v2\/users\/2"}],"replies":[{"embeddable":true,"href":"http:\/\/www.phil.bilkent.edu.tr\/index.php\/wp-json\/wp\/v2\/comments?post=1511"}],"version-history":[{"count":5,"href":"http:\/\/www.phil.bilkent.edu.tr\/index.php\/wp-json\/wp\/v2\/pages\/1511\/revisions"}],"predecessor-version":[{"id":1525,"href":"http:\/\/www.phil.bilkent.edu.tr\/index.php\/wp-json\/wp\/v2\/pages\/1511\/revisions\/1525"}],"up":[{"embeddable":true,"href":"http:\/\/www.phil.bilkent.edu.tr\/index.php\/wp-json\/wp\/v2\/pages\/1490"}],"wp:attachment":[{"href":"http:\/\/www.phil.bilkent.edu.tr\/index.php\/wp-json\/wp\/v2\/media?parent=1511"}],"curies":[{"name":"wp","href":"https:\/\/api.w.org\/{rel}","templated":true}]}}