{"id":1648,"date":"2017-01-27T16:01:08","date_gmt":"2017-01-27T14:01:08","guid":{"rendered":"http:\/\/www.phil.bilkent.edu.tr\/?page_id=1648"},"modified":"2017-01-27T16:01:08","modified_gmt":"2017-01-27T14:01:08","slug":"mezun-profili-selim-sazak","status":"publish","type":"page","link":"http:\/\/www.phil.bilkent.edu.tr\/index.php\/mezun-profili-selim-sazak\/","title":{"rendered":"Mezun Profili: Selim Sazak"},"content":{"rendered":"<p><em><img fetchpriority=\"high\" decoding=\"async\" class=\"size-medium wp-image-1605 alignleft\" src=\"http:\/\/www.phil.bilkent.edu.tr\/wp-content\/uploads\/2017\/01\/13243670_10156841682480332_6965062839684363327_o-300x300.jpg\" alt=\"13243670_10156841682480332_6965062839684363327_o\" width=\"300\" height=\"300\" srcset=\"http:\/\/www.phil.bilkent.edu.tr\/wp-content\/uploads\/2017\/01\/13243670_10156841682480332_6965062839684363327_o-300x300.jpg 300w, http:\/\/www.phil.bilkent.edu.tr\/wp-content\/uploads\/2017\/01\/13243670_10156841682480332_6965062839684363327_o-150x150.jpg 150w, http:\/\/www.phil.bilkent.edu.tr\/wp-content\/uploads\/2017\/01\/13243670_10156841682480332_6965062839684363327_o-768x768.jpg 768w, http:\/\/www.phil.bilkent.edu.tr\/wp-content\/uploads\/2017\/01\/13243670_10156841682480332_6965062839684363327_o-1024x1024.jpg 1024w, http:\/\/www.phil.bilkent.edu.tr\/wp-content\/uploads\/2017\/01\/13243670_10156841682480332_6965062839684363327_o-55x55.jpg 55w, http:\/\/www.phil.bilkent.edu.tr\/wp-content\/uploads\/2017\/01\/13243670_10156841682480332_6965062839684363327_o-30x30.jpg 30w, http:\/\/www.phil.bilkent.edu.tr\/wp-content\/uploads\/2017\/01\/13243670_10156841682480332_6965062839684363327_o.jpg 1080w\" sizes=\"(max-width: 300px) 100vw, 300px\" \/>B.A. Felsefe<\/em>&nbsp;(Bilkent \u00dcniversitesi, 2011)<br \/>\n<em>M.I.A. Uluslararas\u0131 G\u00fcvenlik Politikas\u0131 <\/em>&nbsp;(Colombia \u00dcniversitesi, 2015) (Fulbright Bursuyla)<br \/>\n<em>Ph.D. Siyaset Bilimi <\/em>&nbsp;(Brown \u00dcniversitesi, 2016 \u2013 )<br \/>\n____________<\/p>\n<p><strong>1. Merhaba Selim! Bize biraz kendinden bahset. Bilkent\u2019ten mezun oldu\u011fundan bu yana neler yap\u0131yorsun?<\/strong><br \/>\nBilkent\u2019ten mezun olduktan sonra NATO Anti-ter\u00f6rizm Merkezi\u2019nde bir ara\u015ft\u0131rma pozisyonunda T\u00fcrkiye ve Orta Do\u011fu\u2019daki devlet-d\u0131\u015f\u0131 \u015fiddet hakk\u0131nda \u00e7al\u0131\u015fmaya ba\u015flad\u0131m. NATO\u2019da ge\u00e7irdi\u011fim yakla\u015f\u0131k iki y\u0131ldan sonra n\u00fckleer silahlanma olan b\u00f6lgelerdeki silahl\u0131 \u00e7at\u0131\u015fma riskini azaltma hakk\u0131ndaki \u00e7al\u0131\u015fmas\u0131yla 1995 Nobel Bar\u0131\u015f \u00d6d\u00fcl\u00fc\u2019n\u00fc kazanan Pugwash Konferans\u2019\u0131na kat\u0131ld\u0131m ve Pugwash\u2019\u0131n Kas\u0131m 2013\u2019te ger\u00e7ekle\u015fen 60. \u0130stanbul Bienal Konferans\u0131\u2019n\u0131 organize eden tak\u0131m\u0131n y\u00f6netiminde g\u00f6rev ald\u0131m. Ayn\u0131 y\u0131l, Fullbright bursunu kazanarak Columbia \u00dcniversitesi\u2019nde y\u00fcksek lisans e\u011fitimime ba\u015flad\u0131m ve 2015\u2019te Uluslararas\u0131 G\u00fcvenlik Politikas\u0131 program\u0131ndan mezun oldum. Ayn\u0131 zamanda Columbia \u00dcniversitesi\u2019nin Uluslararas\u0131 \u00d6\u011frenci program\u0131na \u00fcye oldum ve bar\u0131\u015f alan\u0131ndaki en iyi y\u00fcksek lisans makalesine verilen Dasturdaza Jal Pavry \u00f6d\u00fcl\u00fcn\u00fc kazand\u0131m. Daha sonra New York merkezli The Century Foundation\u2019da d\u0131\u015f politika \u00fczerine ara\u015ft\u0131rmac\u0131 olarak yer ald\u0131m. Bu y\u0131l ise doktora program\u0131na ad\u0131m\u0131m\u0131 att\u0131m.<\/p>\n<p><strong>2. Doktoran\u0131 nerede yap\u0131yorsun ve ne \u00fczerine \u00e7al\u0131\u015f\u0131yorsun?<\/strong><br \/>\n\u015eu an Brown \u00dcniversitesi\u2019nde Siyaset Bilimi b\u00f6l\u00fcm\u00fcnde doktora \u00f6\u011frencisiyim. The Century Foundation\u2019daki g\u00f6revime de ek olarak devam ediyorum. \u00c7al\u0131\u015fmam genel olarak uluslararas\u0131 g\u00fcvenlikle ilgili; n\u00fckleer kaynak ve silah kullan\u0131m\u0131n\u0131n yayg\u0131nla\u015fmas\u0131n\u0131 \u00f6nleme projelerinden anti-ter\u00f6rism\u2019e ve sivil-asker ili\u015fkilerine kadar bir\u00e7ok konuyu kaps\u0131yor. \u00c7al\u0131\u015fmam\u0131 iki temel proje \u015fekillendiriyor: biri do\u011fal kaynaklar hakk\u0131ndaki ortakla\u015fa \u00e7al\u0131\u015fman\u0131n n\u00fckleer silahlar\u0131n Orta Do\u011fu\u2019daki yayg\u0131nla\u015fmas\u0131n\u0131 nas\u0131l engelledi\u011fi hakk\u0131nda. Di\u011feri ise Brezilya ve T\u00fcrkiye\u2019nin \u0130ran\u2019la olan n\u00fckleer diplomasideki rol\u00fc \u00fczerine.<\/p>\n<p><strong>3. Neden Bilkent\u2019te felsefe okumay\u0131 se\u00e7tin?<\/strong><br \/>\nBu anlatmay\u0131 \u00e7ok sevdi\u011fim bir hikaye. Politika ilgimi hep \u00e7ok \u00e7ekerdi ve \u00d6SS\u2019ye girmeden \u00f6nce dahi e\u011fer ba\u015farabilirsem Bilkent\u2019i se\u00e7ece\u011fimi biliyordum.<br \/>\nS\u0131navdan olduk\u00e7a y\u00fcksek bir puan ald\u0131m. \u0130lk 100\u2019deydim ve bu istedi\u011fim herhangi bir b\u00f6l\u00fcmde okuyabilece\u011fim anlam\u0131na geliyordu. Bilkent\u2019i ziyaret edip \u00f6\u011frencilerle ve \u00f6\u011fretim g\u00f6revlileriyle g\u00f6r\u00fc\u015fme f\u0131rsat\u0131 buldum. Ba\u015fta beni heyecanland\u0131r\u0131yor gibi g\u00f6r\u00fcnen bir\u00e7ok b\u00f6l\u00fcm\u00fcn o kadar da heyecan verici olmad\u0131\u011f\u0131n\u0131 fark ettim. Kendi m\u00fcfredat\u0131m\u0131 d\u00fczenleme konusunda \u00f6zg\u00fcrl\u00fck sahibi olmak istiyordum ve bunu Hukuk Fak\u00fcltesi\u2019nde yapamayaca\u011f\u0131m a\u00e7\u0131kt\u0131. Matematikte \u00e7ok yetenekli oldu\u011fum da s\u00f6ylenemezdi bu y\u00fczden \u0130ktisat\u2019\u0131 da eledim. Siyaset Bilimi ve Uluslararas\u0131 \u0130li\u015fkiler b\u00f6l\u00fcmlerinin m\u00fcfredatlar\u0131 ise neredeyse tamamen T\u00fcrkiye ve T\u00fcrkiye tarihi \u00fczerineydi ve bu ilgimi \u00e7ekmedi. Tarih b\u00f6l\u00fcm\u00fc pek etkileyici g\u00f6r\u00fcn\u00fcyordu ama lisans program\u0131na sahip de\u011fildi.<br \/>\n\u015eansl\u0131 bir \u015fekilde, Be\u015feri Bilimler Fak\u00fcltesi Dekan\u0131 Talat Halman\u2019la Bilkent ziyaretimden birka\u00e7 ay \u00f6nce lisemde yapt\u0131\u011f\u0131 bir konu\u015fma suretiyle tan\u0131\u015fm\u0131\u015ft\u0131m. E\u011fer kamp\u00fcse gelirsem kesinlikle ofisine u\u011framam\u0131 istemi\u015fti. Ofisine u\u011fray\u0131p karars\u0131zl\u0131\u011f\u0131mdan bahsetti\u011fimde Halman bana felsefeyi d\u00fc\u015f\u00fcn\u00fcp d\u00fc\u015f\u00fcnmedi\u011fimi sordu. Daha \u00f6nce Bilkent Felsefe B\u00f6l\u00fcm\u00fc\u2019n\u00fcn bili\u015f ve sinirbilim \u00fczerine yo\u011funla\u015ft\u0131\u011f\u0131n\u0131 duydu\u011fum i\u00e7in benim i\u00e7in pek de do\u011fru bir yer olmad\u0131\u011f\u0131n\u0131 d\u00fc\u015f\u00fcnm\u00fc\u015ft\u00fcm. Fakat b\u00f6l\u00fcme u\u011frad\u0131\u011f\u0131mda g\u00f6rd\u00fcm ki bu ger\u00e7ekten daha uzak olamazd\u0131. \u0130lk tan\u0131\u015ft\u0131\u011f\u0131m ki\u015fi Simon Wigley\u2019di. Bir siyaset felsefecisi olmas\u0131n\u0131n d\u0131\u015f\u0131nda, Wigley benim ilgi alan\u0131mdaki sorular hakk\u0131nda \u00e7al\u0131\u015fmak isteyen bir akademisyendi ki zaten daha sonra tez dan\u0131\u015fman\u0131m ve ak\u0131l hocam oldu. Daha sonra siyaset ve hukuk felsefesi \u00e7al\u0131\u015fan Lars Vinx\u2019le tan\u0131\u015ft\u0131m. Her \u015feyden \u00f6nce, Felsefe B\u00f6l\u00fcm\u00fc kamp\u00fcs i\u00e7indeki en samimi ve s\u0131cak ortamd\u0131. Ve bu Bilkent\u2019te ge\u00e7irdi\u011fim s\u00fcre i\u00e7inde hep ayn\u0131 kald\u0131.<\/p>\n<p><strong>4. Bilkent\u2019te felsefe okumak nas\u0131l bir deneyimdi?<\/strong><br \/>\n\u00d6ncelikle, k\u00fc\u00e7\u00fck bir b\u00f6l\u00fcm olmas\u0131na ra\u011fmen, felsefe b\u00f6l\u00fcm\u00fc entelekt\u00fcel olarak kamp\u00fcsteki en \u00e7e\u015fitli ve en \u00e7ok sesli b\u00f6l\u00fcm. \u0130nsani ve sosyal bilimler fak\u00fcltesindeki neredeyse her b\u00f6l\u00fcmden ders ald\u0131m ve her zaman entelekt\u00fcel olarak en provokatif diyaloglara felsefe derslerinde girdim. Kendi d\u00f6nemimde yakla\u015f\u0131k bir d\u00fczine kadar \u00f6\u011frenciydik ve her birimizin ilgi alan\u0131 farkl\u0131yd\u0131. S\u0131n\u0131f arkada\u015flar\u0131mdan birisi bo\u015f zamanlar\u0131nda edebiyat ele\u015ftirileri yazarken, bir di\u011feri sembolik mant\u0131k \u00e7al\u0131\u015fan bir matematik\u00e7iydi. \u0130lgileri Sufi metafizi\u011finden yapay zekaya, anayasa hukukundan \u0130sko\u00e7 ayd\u0131nlanmas\u0131na kadar de\u011fi\u015fen insanlarla ayn\u0131 s\u0131n\u0131fta e\u011fitim ald\u0131m. Bu, \u00f6zellikle \u00fcniversite hayat\u0131n\u0131 d\u00f6rt y\u0131ll\u0131k bir okul s\u00fcrecinden \u00e7ok hayat boyu devam edecek bir e\u011fitim s\u00fcrecinin bir par\u00e7as\u0131 olarak g\u00f6r\u00fcyorsan\u0131z, ufuk a\u00e7an bir deneyim.<br \/>\nDahas\u0131, di\u011fer bir\u00e7ok b\u00f6l\u00fcmden farkl\u0131 olmak \u00fczere, felsefe b\u00f6l\u00fcm\u00fc size \u00f6zg\u00fcrl\u00fck sa\u011flayan bir \u00e7evre olmas\u0131yla da \u00f6nce \u00e7\u0131k\u0131yor. \u00d6nemsiz g\u00f6r\u00fcn\u00fcyor olabilir fakat size engel olmak yerine her zaman yan\u0131n\u0131zda olan bir b\u00f6l\u00fcmde olmak ger\u00e7ekten \u00e7ok k\u0131ymetli. Ben Bilkent Model UN tak\u0131m\u0131n\u0131n kaptan\u0131, \u00f6\u011frenci konseyinin genel sekreteri, GazeteBilkent\u2019in kurucu edit\u00f6r\u00fcyd\u00fcm ve \u00fcniversite senatosunda yer al\u0131yordum. Ve bunlara ek olarak, y\u00fcksek onur derecesiyle mezun oldum, e\u011fer yanl\u0131\u015f hat\u0131rlam\u0131yorsam b\u00f6l\u00fcm\u00fc ikinci olarak bitirdim. Bir kez olsun \u00f6\u011fretim g\u00f6revlileri bunca \u015feyi bir arada yapman\u0131n alt\u0131ndan kalkabilece\u011fimi sorgulamad\u0131. Hi\u00e7bir zaman bir ders almay\u0131 isteyip alamad\u0131\u011f\u0131m olmad\u0131. \u201cE\u011fer herhangi bir konu hakk\u0131nda yard\u0131ma ihtiyac\u0131n varsa, belirtmen yeterli.\u201d Bilkent Felsefe\u2019de tak\u0131n\u0131lan tav\u0131r, \u00e7o\u011fu zaman bu c\u00fcmleden ibaretti. Beni g\u00fc\u00e7lendiren, cesaretlendiren ve her zaman arkamda duran bir b\u00f6l\u00fcmde okudum. E\u011fer durum farkl\u0131 olsayd\u0131, arkam\u0131 kollad\u0131klar\u0131n\u0131 biliyor olmasayd\u0131m ve her d\u00f6n\u00fc\u015f\u00fcmde benim i\u00e7in orada duruyor olmasalard\u0131 yapt\u0131\u011f\u0131m \u015feylerin b\u00fcy\u00fck bir k\u0131sm\u0131n\u0131 yapm\u0131\u015f ve b\u00fcy\u00fck olas\u0131l\u0131kla kariyerimde bu kadar ilerlemi\u015f olamazd\u0131m.<\/p>\n<p><strong>5. Felsefe Lisans e\u011fitimin akademik kariyer ve i\u015f hayat\u0131na nas\u0131l etki etti?<\/strong><br \/>\nB\u00fcy\u00fck bir etkisi oldu. Felsefe e\u011fitimi sizi girdi ve \u00e7\u0131kt\u0131lar \u00fczerine e\u011fitmektense analitik bir s\u00fcre\u00e7 i\u00e7inde yeti\u015ftiriyor. Bu konuyu a\u00e7\u0131klamak i\u00e7in kullanmay\u0131 sevdi\u011fim bir benzetme var. Di\u011fer bir\u00e7ok b\u00f6l\u00fcm birer yaz\u0131l\u0131m gibi; kimisi m\u00fczik \u00e7al\u0131yor, di\u011feri internette geziniyor, not alman\u0131 sa\u011fl\u0131yor. Bunlar iyi olduklar\u0131 tek \u015feyde ger\u00e7ekten de iyiler. Ama felsefe bir programlama dili gibi. Yolu bildi\u011finiz s\u00fcrece, istedi\u011finiz herhangi bir yaz\u0131l\u0131m\u0131 kendi kendinize yazabilirsiniz.<br \/>\n\u00d6nceden belirtti\u011fim gibi, bir\u00e7ok i\u015fle u\u011fra\u015f\u0131yorum ve her i\u015fim farkl\u0131 g\u00f6revler gerektiriyor. Okulda makaleler yaz\u0131yor ve dersler veriyorum. \u0130\u015fimde, siyasi plan raporlar\u0131 yaz\u0131yor, politikac\u0131lara brifingler veriyor, ya da gazetecilere yorumlarda bulunuyorum. Kimi zamanlarda, yeni yat\u0131r\u0131mlar hakk\u0131nda \u015firketlere ya da uluslararas\u0131 davalarda \u00e7al\u0131\u015fan hukuk\u00e7ulara dan\u0131\u015fmanl\u0131k yapmam isteniyor. Bunlar\u0131n hepsi farkl\u0131 becerilerde ustal\u0131k gerektiriyor. \u00d6rne\u011fime d\u00f6necek olursak; bunlar\u0131n herbiri farkl\u0131 bir yaz\u0131l\u0131m gerektiriyor. E\u011fer lisans d\u00f6nemimde ba\u015fka bir b\u00f6l\u00fcmde okumu\u015f olsayd\u0131m, bir konudan di\u011ferine bu kadar kolayca ge\u00e7i\u015f yapam\u0131yor olurdum; bu ge\u00e7i\u015fleri yapmam\u0131 sa\u011flayan becerilerim eksik olurdu. Felsefe derecesi size analitik bir yakla\u015f\u0131m i\u00e7in gerekli aletlerden olu\u015fan bir tak\u0131m \u00e7antas\u0131 sa\u011fl\u0131yor ve i\u00e7indekileri nas\u0131l kullanman\u0131z gerekti\u011fini \u00f6\u011fretiyor. Nas\u0131l ki usta bir marangoz herhangi bir a\u011fa\u00e7 par\u00e7as\u0131ndan istedi\u011fi \u015feyi \u00e7\u0131karabiliyorsa, felsefe e\u011fitimi, bana herhangi bir soruyla nas\u0131l ba\u015fa \u00e7\u0131kabilece\u011fim ve herhangi bir problemin alt\u0131ndan nas\u0131l kalkabilece\u011fim konusunda beceriler sa\u011flad\u0131.<\/p>\n","protected":false},"excerpt":{"rendered":"<p>B.A. Felsefe&nbsp;(Bilkent \u00dcniversitesi, 2011) M.I.A. Uluslararas\u0131 G\u00fcvenlik Politikas\u0131 &nbsp;(Colombia \u00dcniversitesi, 2015) (Fulbright Bursuyla) Ph.D. Siyaset Bilimi &nbsp;(Brown \u00dcniversitesi, 2016 \u2013 ) ____________ 1. Merhaba Selim! Bize biraz kendinden bahset. Bilkent\u2019ten [&hellip;]<\/p>\n","protected":false},"author":2,"featured_media":1614,"parent":0,"menu_order":0,"comment_status":"closed","ping_status":"closed","template":"","meta":{"inline_featured_image":false,"_monsterinsights_skip_tracking":false,"_monsterinsights_sitenote_active":false,"_monsterinsights_sitenote_note":"","_monsterinsights_sitenote_category":0,"ngg_post_thumbnail":0,"footnotes":""},"class_list":["post-1648","page","type-page","status-publish","has-post-thumbnail","hentry"],"yoast_head":"<!-- This site is optimized with the Yoast SEO plugin v27.3 - https:\/\/yoast.com\/product\/yoast-seo-wordpress\/ -->\n<title>Mezun Profili: Selim Sazak - Bilkent Philosophy<\/title>\n<meta name=\"robots\" content=\"index, follow, max-snippet:-1, max-image-preview:large, max-video-preview:-1\" \/>\n<link rel=\"canonical\" href=\"http:\/\/www.phil.bilkent.edu.tr\/index.php\/mezun-profili-selim-sazak\/\" \/>\n<meta property=\"og:locale\" content=\"en_US\" \/>\n<meta property=\"og:type\" content=\"article\" \/>\n<meta property=\"og:title\" content=\"Mezun Profili: Selim Sazak - Bilkent Philosophy\" \/>\n<meta property=\"og:description\" content=\"B.A. Felsefe&nbsp;(Bilkent \u00dcniversitesi, 2011) M.I.A. Uluslararas\u0131 G\u00fcvenlik Politikas\u0131 &nbsp;(Colombia \u00dcniversitesi, 2015) (Fulbright Bursuyla) Ph.D. Siyaset Bilimi &nbsp;(Brown \u00dcniversitesi, 2016 \u2013 ) ____________ 1. Merhaba Selim! Bize biraz kendinden bahset. Bilkent\u2019ten [&hellip;]\" \/>\n<meta property=\"og:url\" content=\"http:\/\/www.phil.bilkent.edu.tr\/index.php\/mezun-profili-selim-sazak\/\" \/>\n<meta property=\"og:site_name\" content=\"Bilkent Philosophy\" \/>\n<meta property=\"article:publisher\" content=\"https:\/\/www.facebook.com\/bilkent.philosophy\" \/>\n<meta property=\"og:image\" content=\"http:\/\/www.phil.bilkent.edu.tr\/wp-content\/uploads\/2017\/01\/Selim-cover-1.jpg\" \/>\n\t<meta property=\"og:image:width\" content=\"710\" \/>\n\t<meta property=\"og:image:height\" content=\"300\" \/>\n\t<meta property=\"og:image:type\" content=\"image\/jpeg\" \/>\n<meta name=\"twitter:card\" content=\"summary_large_image\" \/>\n<meta name=\"twitter:site\" content=\"@BilkentPhil\" \/>\n<meta name=\"twitter:label1\" content=\"Est. reading time\" \/>\n\t<meta name=\"twitter:data1\" content=\"7 minutes\" \/>\n<script type=\"application\/ld+json\" class=\"yoast-schema-graph\">{\"@context\":\"https:\\\/\\\/schema.org\",\"@graph\":[{\"@type\":\"WebPage\",\"@id\":\"http:\\\/\\\/www.phil.bilkent.edu.tr\\\/index.php\\\/mezun-profili-selim-sazak\\\/\",\"url\":\"http:\\\/\\\/www.phil.bilkent.edu.tr\\\/index.php\\\/mezun-profili-selim-sazak\\\/\",\"name\":\"Mezun Profili: Selim Sazak - Bilkent Philosophy\",\"isPartOf\":{\"@id\":\"http:\\\/\\\/www.phil.bilkent.edu.tr\\\/#website\"},\"primaryImageOfPage\":{\"@id\":\"http:\\\/\\\/www.phil.bilkent.edu.tr\\\/index.php\\\/mezun-profili-selim-sazak\\\/#primaryimage\"},\"image\":{\"@id\":\"http:\\\/\\\/www.phil.bilkent.edu.tr\\\/index.php\\\/mezun-profili-selim-sazak\\\/#primaryimage\"},\"thumbnailUrl\":\"http:\\\/\\\/www.phil.bilkent.edu.tr\\\/wp-content\\\/uploads\\\/2017\\\/01\\\/Selim-cover-1.jpg\",\"datePublished\":\"2017-01-27T14:01:08+00:00\",\"breadcrumb\":{\"@id\":\"http:\\\/\\\/www.phil.bilkent.edu.tr\\\/index.php\\\/mezun-profili-selim-sazak\\\/#breadcrumb\"},\"inLanguage\":\"en-US\",\"potentialAction\":[{\"@type\":\"ReadAction\",\"target\":[\"http:\\\/\\\/www.phil.bilkent.edu.tr\\\/index.php\\\/mezun-profili-selim-sazak\\\/\"]}]},{\"@type\":\"ImageObject\",\"inLanguage\":\"en-US\",\"@id\":\"http:\\\/\\\/www.phil.bilkent.edu.tr\\\/index.php\\\/mezun-profili-selim-sazak\\\/#primaryimage\",\"url\":\"http:\\\/\\\/www.phil.bilkent.edu.tr\\\/wp-content\\\/uploads\\\/2017\\\/01\\\/Selim-cover-1.jpg\",\"contentUrl\":\"http:\\\/\\\/www.phil.bilkent.edu.tr\\\/wp-content\\\/uploads\\\/2017\\\/01\\\/Selim-cover-1.jpg\",\"width\":710,\"height\":300},{\"@type\":\"BreadcrumbList\",\"@id\":\"http:\\\/\\\/www.phil.bilkent.edu.tr\\\/index.php\\\/mezun-profili-selim-sazak\\\/#breadcrumb\",\"itemListElement\":[{\"@type\":\"ListItem\",\"position\":1,\"name\":\"Home\",\"item\":\"http:\\\/\\\/www.phil.bilkent.edu.tr\\\/\"},{\"@type\":\"ListItem\",\"position\":2,\"name\":\"Mezun Profili: Selim Sazak\"}]},{\"@type\":\"WebSite\",\"@id\":\"http:\\\/\\\/www.phil.bilkent.edu.tr\\\/#website\",\"url\":\"http:\\\/\\\/www.phil.bilkent.edu.tr\\\/\",\"name\":\"Bilkent Philosophy\",\"description\":\"Bilkent University\",\"publisher\":{\"@id\":\"http:\\\/\\\/www.phil.bilkent.edu.tr\\\/#organization\"},\"potentialAction\":[{\"@type\":\"SearchAction\",\"target\":{\"@type\":\"EntryPoint\",\"urlTemplate\":\"http:\\\/\\\/www.phil.bilkent.edu.tr\\\/?s={search_term_string}\"},\"query-input\":{\"@type\":\"PropertyValueSpecification\",\"valueRequired\":true,\"valueName\":\"search_term_string\"}}],\"inLanguage\":\"en-US\"},{\"@type\":\"Organization\",\"@id\":\"http:\\\/\\\/www.phil.bilkent.edu.tr\\\/#organization\",\"name\":\"Bilkent Philosophy\",\"url\":\"http:\\\/\\\/www.phil.bilkent.edu.tr\\\/\",\"logo\":{\"@type\":\"ImageObject\",\"inLanguage\":\"en-US\",\"@id\":\"http:\\\/\\\/www.phil.bilkent.edu.tr\\\/#\\\/schema\\\/logo\\\/image\\\/\",\"url\":\"http:\\\/\\\/www.phil.bilkent.edu.tr\\\/wp-content\\\/uploads\\\/2016\\\/10\\\/Bilkent-phil_logo.png\",\"contentUrl\":\"http:\\\/\\\/www.phil.bilkent.edu.tr\\\/wp-content\\\/uploads\\\/2016\\\/10\\\/Bilkent-phil_logo.png\",\"width\":328,\"height\":54,\"caption\":\"Bilkent Philosophy\"},\"image\":{\"@id\":\"http:\\\/\\\/www.phil.bilkent.edu.tr\\\/#\\\/schema\\\/logo\\\/image\\\/\"},\"sameAs\":[\"https:\\\/\\\/www.facebook.com\\\/bilkent.philosophy\",\"https:\\\/\\\/x.com\\\/BilkentPhil\",\"https:\\\/\\\/www.youtube.com\\\/channel\\\/UCzij4ZE6X-bu1d9t6DJhlLA\"]}]}<\/script>\n<!-- \/ Yoast SEO plugin. -->","yoast_head_json":{"title":"Mezun Profili: Selim Sazak - Bilkent Philosophy","robots":{"index":"index","follow":"follow","max-snippet":"max-snippet:-1","max-image-preview":"max-image-preview:large","max-video-preview":"max-video-preview:-1"},"canonical":"http:\/\/www.phil.bilkent.edu.tr\/index.php\/mezun-profili-selim-sazak\/","og_locale":"en_US","og_type":"article","og_title":"Mezun Profili: Selim Sazak - Bilkent Philosophy","og_description":"B.A. Felsefe&nbsp;(Bilkent \u00dcniversitesi, 2011) M.I.A. Uluslararas\u0131 G\u00fcvenlik Politikas\u0131 &nbsp;(Colombia \u00dcniversitesi, 2015) (Fulbright Bursuyla) Ph.D. Siyaset Bilimi &nbsp;(Brown \u00dcniversitesi, 2016 \u2013 ) ____________ 1. Merhaba Selim! Bize biraz kendinden bahset. Bilkent\u2019ten [&hellip;]","og_url":"http:\/\/www.phil.bilkent.edu.tr\/index.php\/mezun-profili-selim-sazak\/","og_site_name":"Bilkent Philosophy","article_publisher":"https:\/\/www.facebook.com\/bilkent.philosophy","og_image":[{"width":710,"height":300,"url":"http:\/\/www.phil.bilkent.edu.tr\/wp-content\/uploads\/2017\/01\/Selim-cover-1.jpg","type":"image\/jpeg"}],"twitter_card":"summary_large_image","twitter_site":"@BilkentPhil","twitter_misc":{"Est. reading time":"7 minutes"},"schema":{"@context":"https:\/\/schema.org","@graph":[{"@type":"WebPage","@id":"http:\/\/www.phil.bilkent.edu.tr\/index.php\/mezun-profili-selim-sazak\/","url":"http:\/\/www.phil.bilkent.edu.tr\/index.php\/mezun-profili-selim-sazak\/","name":"Mezun Profili: Selim Sazak - Bilkent Philosophy","isPartOf":{"@id":"http:\/\/www.phil.bilkent.edu.tr\/#website"},"primaryImageOfPage":{"@id":"http:\/\/www.phil.bilkent.edu.tr\/index.php\/mezun-profili-selim-sazak\/#primaryimage"},"image":{"@id":"http:\/\/www.phil.bilkent.edu.tr\/index.php\/mezun-profili-selim-sazak\/#primaryimage"},"thumbnailUrl":"http:\/\/www.phil.bilkent.edu.tr\/wp-content\/uploads\/2017\/01\/Selim-cover-1.jpg","datePublished":"2017-01-27T14:01:08+00:00","breadcrumb":{"@id":"http:\/\/www.phil.bilkent.edu.tr\/index.php\/mezun-profili-selim-sazak\/#breadcrumb"},"inLanguage":"en-US","potentialAction":[{"@type":"ReadAction","target":["http:\/\/www.phil.bilkent.edu.tr\/index.php\/mezun-profili-selim-sazak\/"]}]},{"@type":"ImageObject","inLanguage":"en-US","@id":"http:\/\/www.phil.bilkent.edu.tr\/index.php\/mezun-profili-selim-sazak\/#primaryimage","url":"http:\/\/www.phil.bilkent.edu.tr\/wp-content\/uploads\/2017\/01\/Selim-cover-1.jpg","contentUrl":"http:\/\/www.phil.bilkent.edu.tr\/wp-content\/uploads\/2017\/01\/Selim-cover-1.jpg","width":710,"height":300},{"@type":"BreadcrumbList","@id":"http:\/\/www.phil.bilkent.edu.tr\/index.php\/mezun-profili-selim-sazak\/#breadcrumb","itemListElement":[{"@type":"ListItem","position":1,"name":"Home","item":"http:\/\/www.phil.bilkent.edu.tr\/"},{"@type":"ListItem","position":2,"name":"Mezun Profili: Selim Sazak"}]},{"@type":"WebSite","@id":"http:\/\/www.phil.bilkent.edu.tr\/#website","url":"http:\/\/www.phil.bilkent.edu.tr\/","name":"Bilkent Philosophy","description":"Bilkent University","publisher":{"@id":"http:\/\/www.phil.bilkent.edu.tr\/#organization"},"potentialAction":[{"@type":"SearchAction","target":{"@type":"EntryPoint","urlTemplate":"http:\/\/www.phil.bilkent.edu.tr\/?s={search_term_string}"},"query-input":{"@type":"PropertyValueSpecification","valueRequired":true,"valueName":"search_term_string"}}],"inLanguage":"en-US"},{"@type":"Organization","@id":"http:\/\/www.phil.bilkent.edu.tr\/#organization","name":"Bilkent Philosophy","url":"http:\/\/www.phil.bilkent.edu.tr\/","logo":{"@type":"ImageObject","inLanguage":"en-US","@id":"http:\/\/www.phil.bilkent.edu.tr\/#\/schema\/logo\/image\/","url":"http:\/\/www.phil.bilkent.edu.tr\/wp-content\/uploads\/2016\/10\/Bilkent-phil_logo.png","contentUrl":"http:\/\/www.phil.bilkent.edu.tr\/wp-content\/uploads\/2016\/10\/Bilkent-phil_logo.png","width":328,"height":54,"caption":"Bilkent Philosophy"},"image":{"@id":"http:\/\/www.phil.bilkent.edu.tr\/#\/schema\/logo\/image\/"},"sameAs":["https:\/\/www.facebook.com\/bilkent.philosophy","https:\/\/x.com\/BilkentPhil","https:\/\/www.youtube.com\/channel\/UCzij4ZE6X-bu1d9t6DJhlLA"]}]}},"_links":{"self":[{"href":"http:\/\/www.phil.bilkent.edu.tr\/index.php\/wp-json\/wp\/v2\/pages\/1648","targetHints":{"allow":["GET"]}}],"collection":[{"href":"http:\/\/www.phil.bilkent.edu.tr\/index.php\/wp-json\/wp\/v2\/pages"}],"about":[{"href":"http:\/\/www.phil.bilkent.edu.tr\/index.php\/wp-json\/wp\/v2\/types\/page"}],"author":[{"embeddable":true,"href":"http:\/\/www.phil.bilkent.edu.tr\/index.php\/wp-json\/wp\/v2\/users\/2"}],"replies":[{"embeddable":true,"href":"http:\/\/www.phil.bilkent.edu.tr\/index.php\/wp-json\/wp\/v2\/comments?post=1648"}],"version-history":[{"count":1,"href":"http:\/\/www.phil.bilkent.edu.tr\/index.php\/wp-json\/wp\/v2\/pages\/1648\/revisions"}],"predecessor-version":[{"id":1649,"href":"http:\/\/www.phil.bilkent.edu.tr\/index.php\/wp-json\/wp\/v2\/pages\/1648\/revisions\/1649"}],"wp:featuredmedia":[{"embeddable":true,"href":"http:\/\/www.phil.bilkent.edu.tr\/index.php\/wp-json\/wp\/v2\/media\/1614"}],"wp:attachment":[{"href":"http:\/\/www.phil.bilkent.edu.tr\/index.php\/wp-json\/wp\/v2\/media?parent=1648"}],"curies":[{"name":"wp","href":"https:\/\/api.w.org\/{rel}","templated":true}]}}