{"id":2216,"date":"2017-09-13T10:22:00","date_gmt":"2017-09-13T07:22:00","guid":{"rendered":"http:\/\/www.phil.bilkent.edu.tr\/?page_id=2216"},"modified":"2026-04-03T08:10:16","modified_gmt":"2026-04-03T05:10:16","slug":"tufan-kiymaz","status":"publish","type":"page","link":"http:\/\/www.phil.bilkent.edu.tr\/index.php\/tufan-kiymaz\/","title":{"rendered":"Tufan K\u0131ymaz"},"content":{"rendered":"<h3><img fetchpriority=\"high\" decoding=\"async\" class=\"alignright size-medium wp-image-2224\" src=\"http:\/\/www.phil.bilkent.edu.tr\/wp-content\/uploads\/2017\/09\/DSC2096-Edit-2-300x300.jpg\" alt=\"\" width=\"300\" height=\"300\" srcset=\"http:\/\/www.phil.bilkent.edu.tr\/wp-content\/uploads\/2017\/09\/DSC2096-Edit-2-300x300.jpg 300w, http:\/\/www.phil.bilkent.edu.tr\/wp-content\/uploads\/2017\/09\/DSC2096-Edit-2-150x150.jpg 150w, http:\/\/www.phil.bilkent.edu.tr\/wp-content\/uploads\/2017\/09\/DSC2096-Edit-2-768x768.jpg 768w, http:\/\/www.phil.bilkent.edu.tr\/wp-content\/uploads\/2017\/09\/DSC2096-Edit-2-1024x1024.jpg 1024w, http:\/\/www.phil.bilkent.edu.tr\/wp-content\/uploads\/2017\/09\/DSC2096-Edit-2-55x55.jpg 55w, http:\/\/www.phil.bilkent.edu.tr\/wp-content\/uploads\/2017\/09\/DSC2096-Edit-2-30x30.jpg 30w\" sizes=\"(max-width: 300px) 100vw, 300px\" \/>Assistant Professor<\/h3>\n<p><strong>Assistant Chair and Associate Dean<\/strong><\/p>\n<p><em>Ph.D.,<\/em> Indiana University, Bloomington<\/p>\n<p><strong>Areas of Interest:<\/strong> Philosophy of Mind, Philosophy of Religion, Philosophy of Well-Being<\/p>\n<p><strong>Personal Homepage:<\/strong> <a href=\"https:\/\/tufankiymaz.com\" target=\"_blank\" rel=\"noopener\">https:\/\/tufankiymaz.com<\/a><\/p>\n<p><strong>Email<\/strong>: <a href=\"mailto:tufan.kiymaz@bilkent.edu.tr\">tufan.kiymaz@bilkent.edu.tr<\/a><br \/>\n<strong>Phone<\/strong>: +90-312-290 1049<br \/>\n<strong>Office<\/strong>: H-233A<\/p>\n<h3>&nbsp;<\/h3>\n<h3>About<\/h3>\n<p>Tufan K\u0131ymaz received his PhD in Philosophy, with a minor in History and Philosophy of Science, from Indiana University, Bloomington, in 2017. The same year he joined the philosophy department in Bilkent, from where he has received his Bachelor\u2019s degree. His main area of research is philosophy of mind, more specifically our first-personal knowledge of subjective qualities like what it is like to see red or what it is like to be in pain, and the possibility of a fully materialistic and scientific explanation of this type of knowledge. He is also interested in philosophy of religion, philosophy of well-being, Modern Stoicism, and philosophical pedagogy.<\/p>\n<p>&nbsp;<\/p>\n<h4><strong>Sample publications<\/strong><\/h4>\n<p><span style=\"font-size: 10pt;\">K\u0131ymaz, T. (2021) <a href=\"https:\/\/dergipark.org.tr\/tr\/pub\/flsf\/issue\/62323\/854772\" target=\"_blank\" rel=\"noopener\">The Fine-Tuning Argument and the Objection from Artificial Intelligence<\/a>. <em>Flsf<\/em>, 31: 1-13<\/span><\/p>\n<p><span style=\"font-size: 10pt;\">K\u0131ymaz, T. (2021) <a href=\"https:\/\/www.journals.vu.lt\/problemos\/article\/view\/18045\" target=\"_blank\" rel=\"noopener\">On the Paradigmatic Conception of the Physical<\/a>. <em>Problemos,<\/em> 99: 80-86&nbsp;&nbsp;<\/span><\/p>\n<p><span style=\"font-size: 10pt;\">K\u0131ymaz, T. (2020) <a href=\"https:\/\/dialnet.unirioja.es\/descarga\/articulo\/7449299.pdf\" target=\"_blank\" rel=\"noopener\">A Priori Physicalism and the Knowledge Argument<\/a>. <em>Teorema,<\/em> 39\/2: 87-103<\/span><\/p>\n<p><span style=\"font-size: 10pt;\">K\u0131ymaz, T. (2020) <a href=\"http:\/\/www.beytulhikme.org\/Makaleler\/1122847755_09_Kiymaz_(1367-1381).pdf\" target=\"_blank\" rel=\"noopener\">Hassas Ayar Arg\u00fcman\u0131: Bilim Tanr\u0131\u2019y\u0131 M\u0131 \u0130\u015faret Ediyor?<\/a> <em>Beyt\u00fclhikme<\/em>, 10\/4: 1367-1381<\/span><\/p>\n<p><span style=\"font-size: 10pt;\">K\u0131ymaz, T. (2019) <a href=\"https:\/\/pdfs.semanticscholar.org\/6098\/210945d65d4f619a0844f5c247ec39b523e9.pdf?_ga=2.10798781.868591371.1614275335-704691270.1609959263\" target=\"_blank\" rel=\"noopener\">Phenomenal Concepts and Physical Facts: A Dialogue with Mary<\/a>. <i>Filozofia: Journal for Philosophy,<\/i>&nbsp;74\/10: 797-807<\/span><\/p>\n<p><span style=\"font-size: 10pt;\">K\u0131ymaz, T. (2019) <a href=\"https:\/\/onlinelibrary.wiley.com\/doi\/full\/10.1111\/phil.12237\" target=\"_blank\" rel=\"noopener\">Kant and the Impossibility of Non-Euclidean Space<\/a>. <i>Philosophical Forum,<\/i> 50\/4: 485-491<\/span><\/p>\n<p><span style=\"font-size: 10pt;\">K\u0131ymaz, T. (2019) <a href=\"https:\/\/www.pdcnet.org\/collection\/show?id=jpr_2019_0044_0293_0311&amp;file_type=pdf\" target=\"_blank\" rel=\"noopener\">What Gary Couldn&#8217;t Imagine<\/a>. <i>Journal of Philosophical Research,<\/i>&nbsp;44: 293-311&nbsp;<\/span><\/p>\n<p><span style=\"font-size: 10pt;\">K\u0131ymaz, T. (2019) <a href=\"https:\/\/pdfs.semanticscholar.org\/9dbf\/ce041cb090a0b249dbcb63e5454d4cdb4942.pdf?_ga=2.19008433.868591371.1614275335-704691270.1609959263\" target=\"_blank\" rel=\"noopener\">On The Meaning of &#8220;The Meaning of Life<\/a>.&#8221; <em>Filosofia Unisinos: Unisinos Journal of Philosophy, <\/em>20\/2: 146-154<\/span><\/p>\n<p><span style=\"font-size: 10pt;\">K\u0131ymaz, T. (2019) <a href=\"https:\/\/dergipark.org.tr\/en\/download\/article-file\/917573\" target=\"_blank\" rel=\"noopener\">Subjective Physicalism as a Response to the Knowledge Argument<\/a>.<em> MetaZihin, 2\/2: 199-211<\/em><\/span><\/p>\n<p><span style=\"font-size: 10pt;\">K\u0131ymaz, T. (2018) <a href=\"https:\/\/www.fn.uw.edu.pl\/index.php\/fn\/article\/view\/1029\" target=\"_blank\" rel=\"noopener\">Baker&#8217;s Theory of Material Constitution and Thinking Things into Existence<\/a>.&nbsp;<i>Filozofia Nauki: The Philosophy of Science, <\/i>26\/4: 49-56<\/span><\/p>\n<p><span style=\"font-size: 10pt;\">K\u0131ymaz, T. (2018) <a href=\"http:\/\/proje.akdeniz.edu.tr\/mcri\/mjh\/8-2\/MJH-26-Tufan_KIYMAZ.pdf\" target=\"_blank\" rel=\"noopener\">Aristotle on the Naturalness of Death from Old Age<\/a>. <i>Mediterranean Journal of Humanities,<\/i> VIII\/2: 427-436<\/span><\/p>\n<p>&nbsp;<\/p>\n<p>Sample Turkish language publications<\/p>\n<p><span style=\"font-size: 10pt;\">K\u0131ymaz, T. (2022) <a href=\"https:\/\/destekdukkan.com\/magaza\/urun\/mutluluk-hayatin-direncsiz-akisidir-kibrisli-zenon\" target=\"_blank\" rel=\"noopener\"><em>K\u0131br\u0131sl\u0131 Zenon &#8211; Mutluluk Hayat\u0131n Diren\u00e7siz Ak\u0131\u015f\u0131d\u0131r<\/em><\/a>. Destek Yay\u0131nlar\u0131.<\/span><\/p>\n<p><span style=\"font-size: 10pt;\">K\u0131ymaz, T. (2021) <a href=\"https:\/\/dergipark.org.tr\/tr\/pub\/metazihin\/issue\/67455\/1000368\" target=\"_blank\" rel=\"noopener\">G\u00f6r\u00fcng\u00fcsel Bilgi ve \u0130mgelem Yetene\u011fi<\/a>. <em>MetaZihin<\/em>, 2\/2: 79-90<\/span><\/p>\n<p><span style=\"font-size: 10pt;\">K\u0131ymaz, T. (2021) <a href=\"https:\/\/dergipark.org.tr\/en\/pub\/kaygi\/issue\/62840\/956171\" target=\"_blank\" rel=\"noopener\">Fizikselcilik Kar\u015f\u0131t\u0131 Bilgi Arg\u00fcman\u0131&#8217;n\u0131n Bir Savunusu<\/a>. <em>Kayg\u0131,<\/em>&nbsp;20\/2: 653-695<\/span><\/p>\n","protected":false},"excerpt":{"rendered":"<p>Assistant Professor Assistant Chair and Associate Dean Ph.D., Indiana University, Bloomington Areas of Interest: Philosophy of Mind, Philosophy of Religion, Philosophy of Well-Being Personal Homepage: https:\/\/tufankiymaz.com Email: tufan.kiymaz@bilkent.edu.tr Phone: +90-312-290 [&hellip;]<\/p>\n","protected":false},"author":2,"featured_media":0,"parent":0,"menu_order":0,"comment_status":"closed","ping_status":"closed","template":"","meta":{"inline_featured_image":false,"_monsterinsights_skip_tracking":false,"_monsterinsights_sitenote_active":false,"_monsterinsights_sitenote_note":"","_monsterinsights_sitenote_category":0,"ngg_post_thumbnail":0,"footnotes":""},"class_list":["post-2216","page","type-page","status-publish","hentry"],"yoast_head":"<!-- This site is optimized with the Yoast SEO plugin v27.3 - https:\/\/yoast.com\/product\/yoast-seo-wordpress\/ -->\n<title>Tufan K\u0131ymaz - Bilkent Philosophy<\/title>\n<meta name=\"robots\" content=\"index, follow, max-snippet:-1, max-image-preview:large, max-video-preview:-1\" \/>\n<link rel=\"canonical\" href=\"http:\/\/www.phil.bilkent.edu.tr\/index.php\/tufan-kiymaz\/\" \/>\n<meta property=\"og:locale\" content=\"en_US\" \/>\n<meta property=\"og:type\" content=\"article\" \/>\n<meta property=\"og:title\" content=\"Tufan K\u0131ymaz - Bilkent Philosophy\" \/>\n<meta property=\"og:description\" content=\"Assistant Professor Assistant Chair and Associate Dean Ph.D., Indiana University, Bloomington Areas of Interest: Philosophy of Mind, Philosophy of Religion, Philosophy of Well-Being Personal Homepage: https:\/\/tufankiymaz.com Email: tufan.kiymaz@bilkent.edu.tr Phone: +90-312-290 [&hellip;]\" \/>\n<meta property=\"og:url\" content=\"http:\/\/www.phil.bilkent.edu.tr\/index.php\/tufan-kiymaz\/\" \/>\n<meta property=\"og:site_name\" content=\"Bilkent Philosophy\" \/>\n<meta property=\"article:publisher\" content=\"https:\/\/www.facebook.com\/bilkent.philosophy\" \/>\n<meta property=\"article:modified_time\" content=\"2026-04-03T05:10:16+00:00\" \/>\n<meta property=\"og:image\" content=\"http:\/\/www.phil.bilkent.edu.tr\/wp-content\/uploads\/2017\/09\/DSC2096-Edit-2-1024x1024.jpg\" \/>\n\t<meta property=\"og:image:width\" content=\"1024\" \/>\n\t<meta property=\"og:image:height\" content=\"1024\" \/>\n\t<meta property=\"og:image:type\" content=\"image\/jpeg\" \/>\n<meta name=\"twitter:card\" content=\"summary_large_image\" \/>\n<meta name=\"twitter:site\" content=\"@BilkentPhil\" \/>\n<meta name=\"twitter:label1\" content=\"Est. reading time\" \/>\n\t<meta name=\"twitter:data1\" content=\"2 minutes\" \/>\n<script type=\"application\/ld+json\" class=\"yoast-schema-graph\">{\"@context\":\"https:\\\/\\\/schema.org\",\"@graph\":[{\"@type\":\"WebPage\",\"@id\":\"http:\\\/\\\/www.phil.bilkent.edu.tr\\\/index.php\\\/tufan-kiymaz\\\/\",\"url\":\"http:\\\/\\\/www.phil.bilkent.edu.tr\\\/index.php\\\/tufan-kiymaz\\\/\",\"name\":\"Tufan K\u0131ymaz - Bilkent Philosophy\",\"isPartOf\":{\"@id\":\"http:\\\/\\\/www.phil.bilkent.edu.tr\\\/#website\"},\"primaryImageOfPage\":{\"@id\":\"http:\\\/\\\/www.phil.bilkent.edu.tr\\\/index.php\\\/tufan-kiymaz\\\/#primaryimage\"},\"image\":{\"@id\":\"http:\\\/\\\/www.phil.bilkent.edu.tr\\\/index.php\\\/tufan-kiymaz\\\/#primaryimage\"},\"thumbnailUrl\":\"http:\\\/\\\/www.phil.bilkent.edu.tr\\\/wp-content\\\/uploads\\\/2017\\\/09\\\/DSC2096-Edit-2-300x300.jpg\",\"datePublished\":\"2017-09-13T07:22:00+00:00\",\"dateModified\":\"2026-04-03T05:10:16+00:00\",\"breadcrumb\":{\"@id\":\"http:\\\/\\\/www.phil.bilkent.edu.tr\\\/index.php\\\/tufan-kiymaz\\\/#breadcrumb\"},\"inLanguage\":\"en-US\",\"potentialAction\":[{\"@type\":\"ReadAction\",\"target\":[\"http:\\\/\\\/www.phil.bilkent.edu.tr\\\/index.php\\\/tufan-kiymaz\\\/\"]}]},{\"@type\":\"ImageObject\",\"inLanguage\":\"en-US\",\"@id\":\"http:\\\/\\\/www.phil.bilkent.edu.tr\\\/index.php\\\/tufan-kiymaz\\\/#primaryimage\",\"url\":\"http:\\\/\\\/www.phil.bilkent.edu.tr\\\/wp-content\\\/uploads\\\/2017\\\/09\\\/DSC2096-Edit-2.jpg\",\"contentUrl\":\"http:\\\/\\\/www.phil.bilkent.edu.tr\\\/wp-content\\\/uploads\\\/2017\\\/09\\\/DSC2096-Edit-2.jpg\",\"width\":2832,\"height\":2832,\"caption\":\"Tufan Kiymaz\"},{\"@type\":\"BreadcrumbList\",\"@id\":\"http:\\\/\\\/www.phil.bilkent.edu.tr\\\/index.php\\\/tufan-kiymaz\\\/#breadcrumb\",\"itemListElement\":[{\"@type\":\"ListItem\",\"position\":1,\"name\":\"Home\",\"item\":\"http:\\\/\\\/www.phil.bilkent.edu.tr\\\/\"},{\"@type\":\"ListItem\",\"position\":2,\"name\":\"Tufan K\u0131ymaz\"}]},{\"@type\":\"WebSite\",\"@id\":\"http:\\\/\\\/www.phil.bilkent.edu.tr\\\/#website\",\"url\":\"http:\\\/\\\/www.phil.bilkent.edu.tr\\\/\",\"name\":\"Bilkent Philosophy\",\"description\":\"Bilkent University\",\"publisher\":{\"@id\":\"http:\\\/\\\/www.phil.bilkent.edu.tr\\\/#organization\"},\"potentialAction\":[{\"@type\":\"SearchAction\",\"target\":{\"@type\":\"EntryPoint\",\"urlTemplate\":\"http:\\\/\\\/www.phil.bilkent.edu.tr\\\/?s={search_term_string}\"},\"query-input\":{\"@type\":\"PropertyValueSpecification\",\"valueRequired\":true,\"valueName\":\"search_term_string\"}}],\"inLanguage\":\"en-US\"},{\"@type\":\"Organization\",\"@id\":\"http:\\\/\\\/www.phil.bilkent.edu.tr\\\/#organization\",\"name\":\"Bilkent Philosophy\",\"url\":\"http:\\\/\\\/www.phil.bilkent.edu.tr\\\/\",\"logo\":{\"@type\":\"ImageObject\",\"inLanguage\":\"en-US\",\"@id\":\"http:\\\/\\\/www.phil.bilkent.edu.tr\\\/#\\\/schema\\\/logo\\\/image\\\/\",\"url\":\"http:\\\/\\\/www.phil.bilkent.edu.tr\\\/wp-content\\\/uploads\\\/2016\\\/10\\\/Bilkent-phil_logo.png\",\"contentUrl\":\"http:\\\/\\\/www.phil.bilkent.edu.tr\\\/wp-content\\\/uploads\\\/2016\\\/10\\\/Bilkent-phil_logo.png\",\"width\":328,\"height\":54,\"caption\":\"Bilkent Philosophy\"},\"image\":{\"@id\":\"http:\\\/\\\/www.phil.bilkent.edu.tr\\\/#\\\/schema\\\/logo\\\/image\\\/\"},\"sameAs\":[\"https:\\\/\\\/www.facebook.com\\\/bilkent.philosophy\",\"https:\\\/\\\/x.com\\\/BilkentPhil\",\"https:\\\/\\\/www.youtube.com\\\/channel\\\/UCzij4ZE6X-bu1d9t6DJhlLA\"]}]}<\/script>\n<!-- \/ Yoast SEO plugin. -->","yoast_head_json":{"title":"Tufan K\u0131ymaz - Bilkent Philosophy","robots":{"index":"index","follow":"follow","max-snippet":"max-snippet:-1","max-image-preview":"max-image-preview:large","max-video-preview":"max-video-preview:-1"},"canonical":"http:\/\/www.phil.bilkent.edu.tr\/index.php\/tufan-kiymaz\/","og_locale":"en_US","og_type":"article","og_title":"Tufan K\u0131ymaz - Bilkent Philosophy","og_description":"Assistant Professor Assistant Chair and Associate Dean Ph.D., Indiana University, Bloomington Areas of Interest: Philosophy of Mind, Philosophy of Religion, Philosophy of Well-Being Personal Homepage: https:\/\/tufankiymaz.com Email: tufan.kiymaz@bilkent.edu.tr Phone: +90-312-290 [&hellip;]","og_url":"http:\/\/www.phil.bilkent.edu.tr\/index.php\/tufan-kiymaz\/","og_site_name":"Bilkent Philosophy","article_publisher":"https:\/\/www.facebook.com\/bilkent.philosophy","article_modified_time":"2026-04-03T05:10:16+00:00","og_image":[{"width":1024,"height":1024,"url":"http:\/\/www.phil.bilkent.edu.tr\/wp-content\/uploads\/2017\/09\/DSC2096-Edit-2-1024x1024.jpg","type":"image\/jpeg"}],"twitter_card":"summary_large_image","twitter_site":"@BilkentPhil","twitter_misc":{"Est. reading time":"2 minutes"},"schema":{"@context":"https:\/\/schema.org","@graph":[{"@type":"WebPage","@id":"http:\/\/www.phil.bilkent.edu.tr\/index.php\/tufan-kiymaz\/","url":"http:\/\/www.phil.bilkent.edu.tr\/index.php\/tufan-kiymaz\/","name":"Tufan K\u0131ymaz - Bilkent Philosophy","isPartOf":{"@id":"http:\/\/www.phil.bilkent.edu.tr\/#website"},"primaryImageOfPage":{"@id":"http:\/\/www.phil.bilkent.edu.tr\/index.php\/tufan-kiymaz\/#primaryimage"},"image":{"@id":"http:\/\/www.phil.bilkent.edu.tr\/index.php\/tufan-kiymaz\/#primaryimage"},"thumbnailUrl":"http:\/\/www.phil.bilkent.edu.tr\/wp-content\/uploads\/2017\/09\/DSC2096-Edit-2-300x300.jpg","datePublished":"2017-09-13T07:22:00+00:00","dateModified":"2026-04-03T05:10:16+00:00","breadcrumb":{"@id":"http:\/\/www.phil.bilkent.edu.tr\/index.php\/tufan-kiymaz\/#breadcrumb"},"inLanguage":"en-US","potentialAction":[{"@type":"ReadAction","target":["http:\/\/www.phil.bilkent.edu.tr\/index.php\/tufan-kiymaz\/"]}]},{"@type":"ImageObject","inLanguage":"en-US","@id":"http:\/\/www.phil.bilkent.edu.tr\/index.php\/tufan-kiymaz\/#primaryimage","url":"http:\/\/www.phil.bilkent.edu.tr\/wp-content\/uploads\/2017\/09\/DSC2096-Edit-2.jpg","contentUrl":"http:\/\/www.phil.bilkent.edu.tr\/wp-content\/uploads\/2017\/09\/DSC2096-Edit-2.jpg","width":2832,"height":2832,"caption":"Tufan Kiymaz"},{"@type":"BreadcrumbList","@id":"http:\/\/www.phil.bilkent.edu.tr\/index.php\/tufan-kiymaz\/#breadcrumb","itemListElement":[{"@type":"ListItem","position":1,"name":"Home","item":"http:\/\/www.phil.bilkent.edu.tr\/"},{"@type":"ListItem","position":2,"name":"Tufan K\u0131ymaz"}]},{"@type":"WebSite","@id":"http:\/\/www.phil.bilkent.edu.tr\/#website","url":"http:\/\/www.phil.bilkent.edu.tr\/","name":"Bilkent Philosophy","description":"Bilkent University","publisher":{"@id":"http:\/\/www.phil.bilkent.edu.tr\/#organization"},"potentialAction":[{"@type":"SearchAction","target":{"@type":"EntryPoint","urlTemplate":"http:\/\/www.phil.bilkent.edu.tr\/?s={search_term_string}"},"query-input":{"@type":"PropertyValueSpecification","valueRequired":true,"valueName":"search_term_string"}}],"inLanguage":"en-US"},{"@type":"Organization","@id":"http:\/\/www.phil.bilkent.edu.tr\/#organization","name":"Bilkent Philosophy","url":"http:\/\/www.phil.bilkent.edu.tr\/","logo":{"@type":"ImageObject","inLanguage":"en-US","@id":"http:\/\/www.phil.bilkent.edu.tr\/#\/schema\/logo\/image\/","url":"http:\/\/www.phil.bilkent.edu.tr\/wp-content\/uploads\/2016\/10\/Bilkent-phil_logo.png","contentUrl":"http:\/\/www.phil.bilkent.edu.tr\/wp-content\/uploads\/2016\/10\/Bilkent-phil_logo.png","width":328,"height":54,"caption":"Bilkent Philosophy"},"image":{"@id":"http:\/\/www.phil.bilkent.edu.tr\/#\/schema\/logo\/image\/"},"sameAs":["https:\/\/www.facebook.com\/bilkent.philosophy","https:\/\/x.com\/BilkentPhil","https:\/\/www.youtube.com\/channel\/UCzij4ZE6X-bu1d9t6DJhlLA"]}]}},"_links":{"self":[{"href":"http:\/\/www.phil.bilkent.edu.tr\/index.php\/wp-json\/wp\/v2\/pages\/2216","targetHints":{"allow":["GET"]}}],"collection":[{"href":"http:\/\/www.phil.bilkent.edu.tr\/index.php\/wp-json\/wp\/v2\/pages"}],"about":[{"href":"http:\/\/www.phil.bilkent.edu.tr\/index.php\/wp-json\/wp\/v2\/types\/page"}],"author":[{"embeddable":true,"href":"http:\/\/www.phil.bilkent.edu.tr\/index.php\/wp-json\/wp\/v2\/users\/2"}],"replies":[{"embeddable":true,"href":"http:\/\/www.phil.bilkent.edu.tr\/index.php\/wp-json\/wp\/v2\/comments?post=2216"}],"version-history":[{"count":63,"href":"http:\/\/www.phil.bilkent.edu.tr\/index.php\/wp-json\/wp\/v2\/pages\/2216\/revisions"}],"predecessor-version":[{"id":11031,"href":"http:\/\/www.phil.bilkent.edu.tr\/index.php\/wp-json\/wp\/v2\/pages\/2216\/revisions\/11031"}],"wp:attachment":[{"href":"http:\/\/www.phil.bilkent.edu.tr\/index.php\/wp-json\/wp\/v2\/media?parent=2216"}],"curies":[{"name":"wp","href":"https:\/\/api.w.org\/{rel}","templated":true}]}}