{"id":2389,"date":"2017-11-12T13:57:53","date_gmt":"2017-11-12T11:57:53","guid":{"rendered":"http:\/\/www.phil.bilkent.edu.tr\/?page_id=2389"},"modified":"2022-09-30T10:20:53","modified_gmt":"2022-09-30T07:20:53","slug":"mezun-profili-cem-erkli","status":"publish","type":"page","link":"http:\/\/www.phil.bilkent.edu.tr\/index.php\/mezun-profili-cem-erkli\/","title":{"rendered":"Mezun Profili: Cem Erkli"},"content":{"rendered":"<p><em><img fetchpriority=\"high\" decoding=\"async\" class=\"alignleft wp-image-2382 \" src=\"http:\/\/www.phil.bilkent.edu.tr\/wp-content\/uploads\/2017\/11\/DSC1550-Edit-681x1024.jpg\" alt=\"\" width=\"329\" height=\"494\" srcset=\"http:\/\/www.phil.bilkent.edu.tr\/wp-content\/uploads\/2017\/11\/DSC1550-Edit-681x1024.jpg 681w, http:\/\/www.phil.bilkent.edu.tr\/wp-content\/uploads\/2017\/11\/DSC1550-Edit-200x300.jpg 200w, http:\/\/www.phil.bilkent.edu.tr\/wp-content\/uploads\/2017\/11\/DSC1550-Edit-768x1154.jpg 768w, http:\/\/www.phil.bilkent.edu.tr\/wp-content\/uploads\/2017\/11\/DSC1550-Edit-37x55.jpg 37w\" sizes=\"(max-width: 329px) 100vw, 329px\" \/>B.A. Felsefe (Bilkent \u00dcniversitesi, 2016)<br \/>\n<\/em><em>M.A. Philosophy (Simon Fraser University, 2016 \u2013 2019)<br \/>\nPhD. Philosophy (McGill University, 2019 \u2013 )<\/em><br \/>\n____________<\/p>\n<p><strong>1. Merhaba Cem! Bize biraz kendinden bahset. Bilkent\u2019ten mezun oldu\u011fundan bu yana neler yap\u0131yorsun?<\/strong><br \/>\nMerhaba! Mezun oldu\u011fumdan beri \u00e7ok fazla \u015fey yapma \u015fans\u0131m olmad\u0131. Bilkent\u2019teki son birka\u00e7 d\u00f6nemim lisans\u00fcst\u00fc programlara ba\u015fvurmakla ge\u00e7mi\u015fti, yaz\u0131n da Kanada\u2019ya ta\u015f\u0131nd\u0131m ve y\u00fcksek lisans\u0131ma ba\u015flad\u0131m. Bunun d\u0131\u015f\u0131nda hen\u00fcz \u00e7ok bir \u015fey yapmad\u0131m!<\/p>\n<p><strong>2. \u015eimdi neredesin ve ne \u00fczerine \u00e7al\u0131\u015f\u0131yorsun?<\/strong><br \/>\n\u015euan Simon Fraser University\u2019de felsefe y\u00fcksek lisans\u0131m\u0131 tamaml\u0131yorum. Bunun yan\u0131nda okul masraflar\u0131m\u0131 kar\u015f\u0131lamak i\u00e7in de \u00f6\u011fretim asistanl\u0131\u011f\u0131 yap\u0131yorum. Vaktimi dersler ve asistanl\u0131kla ge\u00e7iriyorum!<\/p>\n<p><strong>3. Neden Bilkent\u2019te felsefe okumay\u0131 se\u00e7tin?<\/strong><br \/>\nSan\u0131r\u0131m felsefeye y\u00f6nelme sebeplerim di\u011fer felsefe b\u00f6l\u00fcmleri aras\u0131ndan Bilkent\u2019in s\u0131yr\u0131lmas\u0131na yard\u0131mc\u0131 oldu. Felsefeyle ilgilenme sebebim biraz daha teorik sorularla ilgileniyor olmamd\u0131. \u0130leride felsefeden ba\u015fka bir alana y\u00f6nelebilece\u011fimi de d\u00fc\u015f\u00fcnd\u00fc\u011f\u00fcm i\u00e7in Bilkent\u2019te felsefe okumak makul bir se\u00e7im haline geldi, \u00e7\u00fcnk\u00fc b\u00f6l\u00fcm\u00fcn m\u00fcfredat\u0131 \u00e7ok geni\u015f bir alan\u0131 kaps\u0131yor ve \u00f6\u011frencilerine felsefe d\u0131\u015f\u0131nda disiplinlere de aktar\u0131labilecek yetenekler kat\u0131yor. Bunun yan\u0131nda yandal yapabilme imkan\u0131 da heyecan vericiydi!<br \/>\nMezun olduktan sonra bir akademik kariyere y\u00f6nelebilece\u011fimi de d\u00fc\u015f\u00fcn\u00fcyordum, ki bu noktada Bilkent Felsefe e\u015fsiz. B\u00f6l\u00fcmde canl\u0131 bir ara\u015ft\u0131rma k\u00fclt\u00fcr\u00fc var, ve \u00f6\u011fretim \u00fcyeleri alanlar\u0131ndaki en g\u00fcncel tart\u0131\u015fmalara katk\u0131da bulunuyorlar. Bilkent Felsefe akademik k\u00fclt\u00fcr edinmek i\u00e7in harika bir yer. B\u00f6l\u00fcm\u00fcn y\u00fcksek akademik sayg\u0131nl\u0131\u011f\u0131n\u0131 \u00f6\u011frendi\u011fimde Bilkent\u2019te felsefe okuman\u0131n benim gibi akademik bir kariyer d\u00fc\u015f\u00fcnen biri i\u00e7in en iyisi oldu\u011funa karar verdim.<\/p>\n<p><strong>4. Bilkent\u2019te felsefe okumak nas\u0131l bir deneyimdi?<\/strong><br \/>\nBilkent\u2019te felsefe okumak benim i\u00e7in ger\u00e7ekten \u00e7ok keyifliydi. \u00c7ok y\u00fcksek standartlarda bir felsefe e\u011fitimi ald\u0131m, ve ders i\u00e7inde ve d\u0131\u015f\u0131nda kendimi geli\u015ftirecek bir s\u00fcr\u00fc f\u0131rsat\u0131m oldu.<\/p>\n<p>Bilkent Felsefeyle ilgili en memnun oldu\u011fum \u015feylerden birisi \u00f6\u011frencilere yard\u0131mc\u0131 olmak i\u00e7in herkesin \u00e7abalamas\u0131. B\u00f6l\u00fcm\u00fcn g\u00f6rece k\u00fc\u00e7\u00fck boyutu sayesinde \u00f6\u011fretim \u00fcyeleri \u00f6\u011frencilere bol bol zaman ay\u0131rabiliyorlar, ve bu sayede hem \u00f6\u011frenciler \u00fcrettikleri i\u015fler konusunda detayl\u0131 yorumlar alabiliyor, hem de ders d\u0131\u015f\u0131 bir \u00e7ok \u00f6nemli etkinlik m\u00fcmk\u00fcn hale geliyor. \u00d6rne\u011fin \u00f6\u011frencilerden bir \u00e7al\u0131\u015ftay, konferans veya okuma grubu gibi bir fikir geldi\u011finde, b\u00f6l\u00fcm bu fikirleri ger\u00e7e\u011fe d\u00f6n\u00fc\u015ft\u00fcrmek i\u00e7in b\u00fct\u00fcn imkanlar\u0131n\u0131 kullan\u0131yor. Bu tarz imkanlar\u0131n \u00f6\u011frencilere sunulmas\u0131 da \u00f6\u011frencinin kendini geli\u015ftirmesi i\u00e7in \u00e7ok \u00f6nemli.<\/p>\n<p>B\u00f6l\u00fcmde \u00e7ok destekleyici ve dostane bir ortam var. Bu olumlu ve aktif iklim sayesinde ben e\u011fitimim boyunca b\u00f6l\u00fcmde hep evimde hissettim.<\/p>\n<p><strong>5. Felsefe lisans e\u011fitimin akademik kariyer veya i\u015f hayat\u0131na nas\u0131l etki etti?<\/strong><br \/>\n\u015eu an bir felsefe y\u00fcksek lisans\u0131 yapt\u0131\u011f\u0131m i\u00e7in, lisans s\u00fcresince edindi\u011fim yetenekleri do\u011frudan kulland\u0131\u011f\u0131m\u0131 s\u00f6yleyebilirim. Yaln\u0131zca derslerin i\u00e7eriklerine a\u015fina olmaktan \u00f6te (ki i\u00e7erik a\u00e7\u0131s\u0131ndan Bilkent\u2019in beni y\u00fcksek lisans i\u00e7in inan\u0131lmaz iyi haz\u0131rlad\u0131\u011f\u0131n\u0131 s\u00f6ylemeden olmaz) taslak \u00e7\u0131karmak, ara\u015ft\u0131rma yapmak, yazmak, sunum yapmak ve tart\u0131\u015fmalara kat\u0131lmak gibi yetenekleri de lisans e\u011fitimim sayesinde ald\u0131m. Bu yeteneklerin hepsi lisans\u00fcst\u00fc e\u011fitim i\u00e7in inan\u0131lmaz de\u011ferli, ve lisans y\u0131llar\u0131m boyunca bu yetenekleri geli\u015ftirebildi\u011fim i\u00e7in memnunum.<\/p>\n<p>Y\u00fcksek lisans \u00f6\u011frencili\u011finin yan\u0131nda, bir \u00f6\u011fretim asistan\u0131 olarak ders i\u015flemem ve \u00f6\u011frencilerime sunacak malzeme haz\u0131rlamam gerekiyor. \u0130\u015fin mutfa\u011f\u0131na ge\u00e7ip ders veren tarafa d\u00fc\u015f\u00fcnce asl\u0131nda felsefe e\u011fitiminin beni buna ne kadar iyi haz\u0131rlad\u0131\u011f\u0131n\u0131 fark ettim. \u00d6rne\u011fin, derslere haz\u0131rlan\u0131rken genelde o hafta i\u015flenen metinleri anla\u015f\u0131labilir k\u0131lmam ve \u00f6zl\u00fc bir \u015fekilde \u00f6\u011frencilere sunmam gerekiyor. Tart\u0131\u015fmalar\u0131n veya sorunlar\u0131n \u00f6z\u00fcn\u00fc saptamak ve bunun \u00fczerinden anla\u015f\u0131labilir diyalog kurmak felsefe e\u011fitiminin bana katt\u0131\u011f\u0131 en temel yeteneklerden biriydi. Dolay\u0131s\u0131yla felsefe e\u011fitimi beni ders i\u015flemeye de iyi haz\u0131rlad\u0131 diyebilirim.<\/p>\n","protected":false},"excerpt":{"rendered":"<p>B.A. Felsefe (Bilkent \u00dcniversitesi, 2016) M.A. Philosophy (Simon Fraser University, 2016 \u2013 2019) PhD. Philosophy (McGill University, 2019 \u2013 ) ____________ 1. Merhaba Cem! Bize biraz kendinden bahset. Bilkent\u2019ten mezun [&hellip;]<\/p>\n","protected":false},"author":2,"featured_media":2387,"parent":0,"menu_order":0,"comment_status":"closed","ping_status":"closed","template":"","meta":{"inline_featured_image":false,"_monsterinsights_skip_tracking":false,"_monsterinsights_sitenote_active":false,"_monsterinsights_sitenote_note":"","_monsterinsights_sitenote_category":0,"ngg_post_thumbnail":0,"footnotes":""},"class_list":["post-2389","page","type-page","status-publish","has-post-thumbnail","hentry"],"yoast_head":"<!-- This site is optimized with the Yoast SEO plugin v27.4 - https:\/\/yoast.com\/product\/yoast-seo-wordpress\/ -->\n<title>Mezun Profili: Cem Erkli - Bilkent Philosophy<\/title>\n<meta name=\"robots\" content=\"index, follow, max-snippet:-1, max-image-preview:large, max-video-preview:-1\" \/>\n<link rel=\"canonical\" href=\"http:\/\/www.phil.bilkent.edu.tr\/index.php\/mezun-profili-cem-erkli\/\" \/>\n<meta property=\"og:locale\" content=\"en_US\" \/>\n<meta property=\"og:type\" content=\"article\" \/>\n<meta property=\"og:title\" content=\"Mezun Profili: Cem Erkli - Bilkent Philosophy\" \/>\n<meta property=\"og:description\" content=\"B.A. Felsefe (Bilkent \u00dcniversitesi, 2016) M.A. Philosophy (Simon Fraser University, 2016 \u2013 2019) PhD. Philosophy (McGill University, 2019 \u2013 ) ____________ 1. Merhaba Cem! Bize biraz kendinden bahset. Bilkent\u2019ten mezun [&hellip;]\" \/>\n<meta property=\"og:url\" content=\"http:\/\/www.phil.bilkent.edu.tr\/index.php\/mezun-profili-cem-erkli\/\" \/>\n<meta property=\"og:site_name\" content=\"Bilkent Philosophy\" \/>\n<meta property=\"article:publisher\" content=\"https:\/\/www.facebook.com\/bilkent.philosophy\" \/>\n<meta property=\"article:modified_time\" content=\"2022-09-30T07:20:53+00:00\" \/>\n<meta property=\"og:image\" content=\"http:\/\/www.phil.bilkent.edu.tr\/wp-content\/uploads\/2017\/11\/Cem-c.png\" \/>\n\t<meta property=\"og:image:width\" content=\"700\" \/>\n\t<meta property=\"og:image:height\" content=\"300\" \/>\n\t<meta property=\"og:image:type\" content=\"image\/png\" \/>\n<meta name=\"twitter:card\" content=\"summary_large_image\" \/>\n<meta name=\"twitter:site\" content=\"@BilkentPhil\" \/>\n<meta name=\"twitter:label1\" content=\"Est. reading time\" \/>\n\t<meta name=\"twitter:data1\" content=\"4 minutes\" \/>\n<script type=\"application\/ld+json\" class=\"yoast-schema-graph\">{\"@context\":\"https:\\\/\\\/schema.org\",\"@graph\":[{\"@type\":\"WebPage\",\"@id\":\"http:\\\/\\\/www.phil.bilkent.edu.tr\\\/index.php\\\/mezun-profili-cem-erkli\\\/\",\"url\":\"http:\\\/\\\/www.phil.bilkent.edu.tr\\\/index.php\\\/mezun-profili-cem-erkli\\\/\",\"name\":\"Mezun Profili: Cem Erkli - Bilkent Philosophy\",\"isPartOf\":{\"@id\":\"http:\\\/\\\/www.phil.bilkent.edu.tr\\\/#website\"},\"primaryImageOfPage\":{\"@id\":\"http:\\\/\\\/www.phil.bilkent.edu.tr\\\/index.php\\\/mezun-profili-cem-erkli\\\/#primaryimage\"},\"image\":{\"@id\":\"http:\\\/\\\/www.phil.bilkent.edu.tr\\\/index.php\\\/mezun-profili-cem-erkli\\\/#primaryimage\"},\"thumbnailUrl\":\"http:\\\/\\\/www.phil.bilkent.edu.tr\\\/wp-content\\\/uploads\\\/2017\\\/11\\\/Cem-c.png\",\"datePublished\":\"2017-11-12T11:57:53+00:00\",\"dateModified\":\"2022-09-30T07:20:53+00:00\",\"breadcrumb\":{\"@id\":\"http:\\\/\\\/www.phil.bilkent.edu.tr\\\/index.php\\\/mezun-profili-cem-erkli\\\/#breadcrumb\"},\"inLanguage\":\"en-US\",\"potentialAction\":[{\"@type\":\"ReadAction\",\"target\":[\"http:\\\/\\\/www.phil.bilkent.edu.tr\\\/index.php\\\/mezun-profili-cem-erkli\\\/\"]}]},{\"@type\":\"ImageObject\",\"inLanguage\":\"en-US\",\"@id\":\"http:\\\/\\\/www.phil.bilkent.edu.tr\\\/index.php\\\/mezun-profili-cem-erkli\\\/#primaryimage\",\"url\":\"http:\\\/\\\/www.phil.bilkent.edu.tr\\\/wp-content\\\/uploads\\\/2017\\\/11\\\/Cem-c.png\",\"contentUrl\":\"http:\\\/\\\/www.phil.bilkent.edu.tr\\\/wp-content\\\/uploads\\\/2017\\\/11\\\/Cem-c.png\",\"width\":700,\"height\":300},{\"@type\":\"BreadcrumbList\",\"@id\":\"http:\\\/\\\/www.phil.bilkent.edu.tr\\\/index.php\\\/mezun-profili-cem-erkli\\\/#breadcrumb\",\"itemListElement\":[{\"@type\":\"ListItem\",\"position\":1,\"name\":\"Home\",\"item\":\"http:\\\/\\\/www.phil.bilkent.edu.tr\\\/\"},{\"@type\":\"ListItem\",\"position\":2,\"name\":\"Mezun Profili: Cem Erkli\"}]},{\"@type\":\"WebSite\",\"@id\":\"http:\\\/\\\/www.phil.bilkent.edu.tr\\\/#website\",\"url\":\"http:\\\/\\\/www.phil.bilkent.edu.tr\\\/\",\"name\":\"Bilkent Philosophy\",\"description\":\"Bilkent University\",\"publisher\":{\"@id\":\"http:\\\/\\\/www.phil.bilkent.edu.tr\\\/#organization\"},\"potentialAction\":[{\"@type\":\"SearchAction\",\"target\":{\"@type\":\"EntryPoint\",\"urlTemplate\":\"http:\\\/\\\/www.phil.bilkent.edu.tr\\\/?s={search_term_string}\"},\"query-input\":{\"@type\":\"PropertyValueSpecification\",\"valueRequired\":true,\"valueName\":\"search_term_string\"}}],\"inLanguage\":\"en-US\"},{\"@type\":\"Organization\",\"@id\":\"http:\\\/\\\/www.phil.bilkent.edu.tr\\\/#organization\",\"name\":\"Bilkent Philosophy\",\"url\":\"http:\\\/\\\/www.phil.bilkent.edu.tr\\\/\",\"logo\":{\"@type\":\"ImageObject\",\"inLanguage\":\"en-US\",\"@id\":\"http:\\\/\\\/www.phil.bilkent.edu.tr\\\/#\\\/schema\\\/logo\\\/image\\\/\",\"url\":\"http:\\\/\\\/www.phil.bilkent.edu.tr\\\/wp-content\\\/uploads\\\/2016\\\/10\\\/Bilkent-phil_logo.png\",\"contentUrl\":\"http:\\\/\\\/www.phil.bilkent.edu.tr\\\/wp-content\\\/uploads\\\/2016\\\/10\\\/Bilkent-phil_logo.png\",\"width\":328,\"height\":54,\"caption\":\"Bilkent Philosophy\"},\"image\":{\"@id\":\"http:\\\/\\\/www.phil.bilkent.edu.tr\\\/#\\\/schema\\\/logo\\\/image\\\/\"},\"sameAs\":[\"https:\\\/\\\/www.facebook.com\\\/bilkent.philosophy\",\"https:\\\/\\\/x.com\\\/BilkentPhil\",\"https:\\\/\\\/www.youtube.com\\\/channel\\\/UCzij4ZE6X-bu1d9t6DJhlLA\"]}]}<\/script>\n<!-- \/ Yoast SEO plugin. -->","yoast_head_json":{"title":"Mezun Profili: Cem Erkli - Bilkent Philosophy","robots":{"index":"index","follow":"follow","max-snippet":"max-snippet:-1","max-image-preview":"max-image-preview:large","max-video-preview":"max-video-preview:-1"},"canonical":"http:\/\/www.phil.bilkent.edu.tr\/index.php\/mezun-profili-cem-erkli\/","og_locale":"en_US","og_type":"article","og_title":"Mezun Profili: Cem Erkli - Bilkent Philosophy","og_description":"B.A. Felsefe (Bilkent \u00dcniversitesi, 2016) M.A. Philosophy (Simon Fraser University, 2016 \u2013 2019) PhD. Philosophy (McGill University, 2019 \u2013 ) ____________ 1. Merhaba Cem! Bize biraz kendinden bahset. Bilkent\u2019ten mezun [&hellip;]","og_url":"http:\/\/www.phil.bilkent.edu.tr\/index.php\/mezun-profili-cem-erkli\/","og_site_name":"Bilkent Philosophy","article_publisher":"https:\/\/www.facebook.com\/bilkent.philosophy","article_modified_time":"2022-09-30T07:20:53+00:00","og_image":[{"width":700,"height":300,"url":"http:\/\/www.phil.bilkent.edu.tr\/wp-content\/uploads\/2017\/11\/Cem-c.png","type":"image\/png"}],"twitter_card":"summary_large_image","twitter_site":"@BilkentPhil","twitter_misc":{"Est. reading time":"4 minutes"},"schema":{"@context":"https:\/\/schema.org","@graph":[{"@type":"WebPage","@id":"http:\/\/www.phil.bilkent.edu.tr\/index.php\/mezun-profili-cem-erkli\/","url":"http:\/\/www.phil.bilkent.edu.tr\/index.php\/mezun-profili-cem-erkli\/","name":"Mezun Profili: Cem Erkli - Bilkent Philosophy","isPartOf":{"@id":"http:\/\/www.phil.bilkent.edu.tr\/#website"},"primaryImageOfPage":{"@id":"http:\/\/www.phil.bilkent.edu.tr\/index.php\/mezun-profili-cem-erkli\/#primaryimage"},"image":{"@id":"http:\/\/www.phil.bilkent.edu.tr\/index.php\/mezun-profili-cem-erkli\/#primaryimage"},"thumbnailUrl":"http:\/\/www.phil.bilkent.edu.tr\/wp-content\/uploads\/2017\/11\/Cem-c.png","datePublished":"2017-11-12T11:57:53+00:00","dateModified":"2022-09-30T07:20:53+00:00","breadcrumb":{"@id":"http:\/\/www.phil.bilkent.edu.tr\/index.php\/mezun-profili-cem-erkli\/#breadcrumb"},"inLanguage":"en-US","potentialAction":[{"@type":"ReadAction","target":["http:\/\/www.phil.bilkent.edu.tr\/index.php\/mezun-profili-cem-erkli\/"]}]},{"@type":"ImageObject","inLanguage":"en-US","@id":"http:\/\/www.phil.bilkent.edu.tr\/index.php\/mezun-profili-cem-erkli\/#primaryimage","url":"http:\/\/www.phil.bilkent.edu.tr\/wp-content\/uploads\/2017\/11\/Cem-c.png","contentUrl":"http:\/\/www.phil.bilkent.edu.tr\/wp-content\/uploads\/2017\/11\/Cem-c.png","width":700,"height":300},{"@type":"BreadcrumbList","@id":"http:\/\/www.phil.bilkent.edu.tr\/index.php\/mezun-profili-cem-erkli\/#breadcrumb","itemListElement":[{"@type":"ListItem","position":1,"name":"Home","item":"http:\/\/www.phil.bilkent.edu.tr\/"},{"@type":"ListItem","position":2,"name":"Mezun Profili: Cem Erkli"}]},{"@type":"WebSite","@id":"http:\/\/www.phil.bilkent.edu.tr\/#website","url":"http:\/\/www.phil.bilkent.edu.tr\/","name":"Bilkent Philosophy","description":"Bilkent University","publisher":{"@id":"http:\/\/www.phil.bilkent.edu.tr\/#organization"},"potentialAction":[{"@type":"SearchAction","target":{"@type":"EntryPoint","urlTemplate":"http:\/\/www.phil.bilkent.edu.tr\/?s={search_term_string}"},"query-input":{"@type":"PropertyValueSpecification","valueRequired":true,"valueName":"search_term_string"}}],"inLanguage":"en-US"},{"@type":"Organization","@id":"http:\/\/www.phil.bilkent.edu.tr\/#organization","name":"Bilkent Philosophy","url":"http:\/\/www.phil.bilkent.edu.tr\/","logo":{"@type":"ImageObject","inLanguage":"en-US","@id":"http:\/\/www.phil.bilkent.edu.tr\/#\/schema\/logo\/image\/","url":"http:\/\/www.phil.bilkent.edu.tr\/wp-content\/uploads\/2016\/10\/Bilkent-phil_logo.png","contentUrl":"http:\/\/www.phil.bilkent.edu.tr\/wp-content\/uploads\/2016\/10\/Bilkent-phil_logo.png","width":328,"height":54,"caption":"Bilkent Philosophy"},"image":{"@id":"http:\/\/www.phil.bilkent.edu.tr\/#\/schema\/logo\/image\/"},"sameAs":["https:\/\/www.facebook.com\/bilkent.philosophy","https:\/\/x.com\/BilkentPhil","https:\/\/www.youtube.com\/channel\/UCzij4ZE6X-bu1d9t6DJhlLA"]}]}},"_links":{"self":[{"href":"http:\/\/www.phil.bilkent.edu.tr\/index.php\/wp-json\/wp\/v2\/pages\/2389","targetHints":{"allow":["GET"]}}],"collection":[{"href":"http:\/\/www.phil.bilkent.edu.tr\/index.php\/wp-json\/wp\/v2\/pages"}],"about":[{"href":"http:\/\/www.phil.bilkent.edu.tr\/index.php\/wp-json\/wp\/v2\/types\/page"}],"author":[{"embeddable":true,"href":"http:\/\/www.phil.bilkent.edu.tr\/index.php\/wp-json\/wp\/v2\/users\/2"}],"replies":[{"embeddable":true,"href":"http:\/\/www.phil.bilkent.edu.tr\/index.php\/wp-json\/wp\/v2\/comments?post=2389"}],"version-history":[{"count":2,"href":"http:\/\/www.phil.bilkent.edu.tr\/index.php\/wp-json\/wp\/v2\/pages\/2389\/revisions"}],"predecessor-version":[{"id":6505,"href":"http:\/\/www.phil.bilkent.edu.tr\/index.php\/wp-json\/wp\/v2\/pages\/2389\/revisions\/6505"}],"wp:featuredmedia":[{"embeddable":true,"href":"http:\/\/www.phil.bilkent.edu.tr\/index.php\/wp-json\/wp\/v2\/media\/2387"}],"wp:attachment":[{"href":"http:\/\/www.phil.bilkent.edu.tr\/index.php\/wp-json\/wp\/v2\/media?parent=2389"}],"curies":[{"name":"wp","href":"https:\/\/api.w.org\/{rel}","templated":true}]}}