{"id":3523,"date":"2019-01-31T15:17:00","date_gmt":"2019-01-31T13:17:00","guid":{"rendered":"http:\/\/www.phil.bilkent.edu.tr\/?page_id=3523"},"modified":"2025-09-09T12:23:48","modified_gmt":"2025-09-09T09:23:48","slug":"tarihce","status":"publish","type":"page","link":"http:\/\/www.phil.bilkent.edu.tr\/index.php\/universite-adaylarina\/tarihce\/","title":{"rendered":"Tarih\u00e7e"},"content":{"rendered":"<p><img fetchpriority=\"high\" decoding=\"async\" class=\"alignleft size-medium wp-image-1807\" src=\"http:\/\/www.phil.bilkent.edu.tr\/wp-content\/uploads\/2016\/10\/DSC1191-Edit-300x200.jpg\" alt=\"\" width=\"300\" height=\"200\" srcset=\"http:\/\/www.phil.bilkent.edu.tr\/wp-content\/uploads\/2016\/10\/DSC1191-Edit-300x200.jpg 300w, http:\/\/www.phil.bilkent.edu.tr\/wp-content\/uploads\/2016\/10\/DSC1191-Edit-768x511.jpg 768w, http:\/\/www.phil.bilkent.edu.tr\/wp-content\/uploads\/2016\/10\/DSC1191-Edit-1024x681.jpg 1024w, http:\/\/www.phil.bilkent.edu.tr\/wp-content\/uploads\/2016\/10\/DSC1191-Edit-83x55.jpg 83w, http:\/\/www.phil.bilkent.edu.tr\/wp-content\/uploads\/2016\/10\/DSC1191-Edit-272x182.jpg 272w\" sizes=\"(max-width: 300px) 100vw, 300px\" \/>Bilkent \u00dcniversitesi Felsefe B\u00f6l\u00fcm\u00fc\u2019n\u00fcn k\u00f6kleri 1999\u2019da Siyaset Bilimi ve Uluslararas\u0131 \u0130li\u015fkiler b\u00f6l\u00fcmlerinde verilmeye ba\u015flanan \u201c<a href=\"https:\/\/phileng.bilkent.edu.tr\/\">b\u00fcy\u00fck kitaplar<\/a>\u201d temal\u0131 iki derse dayan\u0131r. Bu derslerin verildi\u011fi ilk y\u0131llarda dersleri veren \u00f6\u011fretim elemanlar\u0131n\u0131n \u00e7o\u011fu, daha sonra 2003\u2019te a\u00e7\u0131lan Felsefe b\u00f6l\u00fcm\u00fcne de kat\u0131ld\u0131. Felsefe b\u00f6l\u00fcm\u00fc, sosyal ve politik felsefedeki kilit problemlere bir giri\u015f niteli\u011findeki bu dersleri Siyaset Bilimi, Uluslararas\u0131 \u0130li\u015fkiler, Ekonomi ve Hukuk \u00f6\u011frencilerine sunmaya devam ediyor. Bu derslerde, \u00f6\u011frencilerden alan\u0131n tarihindeki klasik metinleri etrafl\u0131ca incelemesi bekleniyor.<\/p>\n<p>\u0130lk y\u0131llar\u0131nda \u00fcniversite, bir\u00e7ok tan\u0131nm\u0131\u015f felsefeciyi \u2013 Berent En\u00e7, Donald Davidson, \u0130lham Dilman, Ruth Barcan Marcus, Brian McGuinees ve Bernard Williams \u2013 a\u011f\u0131rlama \u015fans\u0131na sahip oldu. Onlar\u0131n rehberli\u011fi, Bilkent Felsefe\u2019nin \u015fekillenmesinde ve yakla\u015f\u0131m\u0131n\u0131n belirlenmesinde \u00f6nemli bir rol oynad\u0131. O zamandan beri, b\u00f6l\u00fcm\u00fcm\u00fcz Timothy Williamson, Christopher Gauker, G. A. Cohen, Jo Wolff, Sarah Broadie, Keith Lehrer, Julia Driver, Tim Crane, Kimberlee Brownlee, Frederick Schauer, Paul Guyer ve David Chalmers gibi t\u00fcm d\u00fcnyadan alan\u0131na \u00f6nc\u00fcl\u00fck eden bir\u00e7ok felsefeciyi ziyaret\u00e7i konu\u015fmac\u0131 olarak a\u011f\u0131rlamaya devam ediyor.<\/p>\n<p>B\u00f6l\u00fcm\u00fcn ara\u015ft\u0131rma profili, 2003 y\u0131l\u0131nda ba\u015flad\u0131\u011f\u0131 ilk g\u00fcnden beri geli\u015fmeye devam ediyor. Ge\u00e7mi\u015ften g\u00fcn\u00fcm\u00fcze b\u00f6l\u00fcm kadrosu, Ethics, Mind, No\u00fbs, Philosophical Quarterly, Philosophy and Phenomenological Research ve Philosophical Studies de dahil olmak \u00fczere alanlar\u0131nda \u00f6nc\u00fc bir\u00e7ok felsefe dergisinde yay\u0131n yapmaktad\u0131r. B\u00f6l\u00fcm kadrosu, b\u00f6l\u00fcm\u00fcn disiplinleraras\u0131 yakla\u015f\u0131m\u0131n\u0131 temel alarak Behavioral and Brain Sciences, The BMJ, The Lancet ve World Politics gibi dergilerde de yay\u0131n yapm\u0131\u015ft\u0131r. Ayn\u0131 zamanda, b\u00f6l\u00fcm\u00fcn \u00fcyeleri Oxford University Press, Cambridge University Press ve Routledge gibi uluslararas\u0131 yay\u0131nevleriyle birlikte \u00e7al\u0131\u015farak bir\u00e7ok kitap yay\u0131mlad\u0131. 2016 y\u0131l\u0131nda T\u00fcrkiye Bilimsel ve Teknolojik Ara\u015ft\u0131rma Kurumu (T\u00dcB\u0130TAK), Bilkent Felsefe B\u00f6l\u00fcm\u00fc\u2019n\u00fc yap\u0131lan ara\u015ft\u0131rmalar ve al\u0131nan at\u0131flar bak\u0131m\u0131ndan T\u00fcrkiye\u2019deki en \u00fcst d\u00fczey felsefe b\u00f6l\u00fcm\u00fc olarak belirledi.<\/p>\n<p>Genel olarak bak\u0131ld\u0131\u011f\u0131nda, b\u00f6l\u00fcm\u00fcn felsefi y\u00f6nelimi analitiktir. B\u00f6l\u00fcm kadrosu, hem \u00e7a\u011fda\u015f analitik felsefenin b\u00fct\u00fcn ana alanlar\u0131 hem de felsefe tarihi \u00fczerine \u00e7al\u0131\u015f\u0131p yay\u0131n yapmaktad\u0131r.<\/p>\n<p>2016 y\u0131l\u0131nda Bilkent Felsefe B\u00f6l\u00fcm\u00fc, ilk mezunlar\u0131n\u0131 vermesinin 10. y\u0131ld\u00f6n\u00fcm\u00fcn\u00fc kutlad\u0131. B\u00f6l\u00fcm kuruldu\u011fundan bu yana, \u00f6\u011frencilerimiz Oxford University, University of Pittsburgh, Syracuse University, London Film School, Indiana University, University of Illinois at Chicago, University of California at Irvine, Washington University in St. Louis, University of Connecticut, University of Kansas, Simon Fraser University, University of Calgary, University of Western Ontario, Columbia University, Brown University ve University of Cambridge gibi kurumlar\u0131n lisans\u00fcst\u00fc programlar\u0131na kabul edilmi\u015ftir.<\/p>\n<p>\u00d6\u011frencilerimiz, b\u00f6l\u00fcm\u00fcn ya\u015fam\u0131na aktif olarak kat\u0131lmakta \u2014 konferanslar, y\u0131ll\u0131k <a href=\"https:\/\/philfest.bilkent.edu.tr\/\">PhilFest<\/a>, <a href=\"https:\/\/logos.bilkent.edu.tr\/\">felsefi s\u00f6zl\u00fck<\/a> ve <a href=\"https:\/\/prokopton.bilkent.edu.tr\/\">lisans dergimizin<\/a> d\u00fczenlenmesine yard\u0131mc\u0131 olmaktad\u0131rlar.<\/p>\n<p>2016 G\u00fcz d\u00f6neminde Bilkent Felsefe B\u00f6l\u00fcm\u00fc, yeni olu\u015fturulan y\u00fcksek lisans program\u0131na ilk \u00f6\u011frencilerini alarak lisans \u00fcst\u00fc d\u00fczeyde de e\u011fitime ba\u015flad\u0131. 2020 Bahar d\u00f6neminde ise yeni olu\u015fturulan doktora program\u0131na ilk \u00f6\u011frencilerini alm\u0131\u015ft\u0131r.&nbsp; Lisans\u00fcst\u00fc program, T\u00fcrkiye\u2019de felsefenin uluslararas\u0131 itibar\u0131n\u0131 y\u00fckselterek fark yaratacak gen\u00e7 akademisyenler yeti\u015ftirmeyi ama\u00e7l\u0131yor.<\/p>\n","protected":false},"excerpt":{"rendered":"<p>Bilkent \u00dcniversitesi Felsefe B\u00f6l\u00fcm\u00fc\u2019n\u00fcn k\u00f6kleri 1999\u2019da Siyaset Bilimi ve Uluslararas\u0131 \u0130li\u015fkiler b\u00f6l\u00fcmlerinde verilmeye ba\u015flanan \u201cb\u00fcy\u00fck kitaplar\u201d temal\u0131 iki derse dayan\u0131r. Bu derslerin verildi\u011fi ilk y\u0131llarda dersleri veren \u00f6\u011fretim elemanlar\u0131n\u0131n \u00e7o\u011fu, [&hellip;]<\/p>\n","protected":false},"author":2,"featured_media":0,"parent":1490,"menu_order":0,"comment_status":"closed","ping_status":"closed","template":"","meta":{"inline_featured_image":false,"_monsterinsights_skip_tracking":false,"_monsterinsights_sitenote_active":false,"_monsterinsights_sitenote_note":"","_monsterinsights_sitenote_category":0,"ngg_post_thumbnail":0,"footnotes":""},"class_list":["post-3523","page","type-page","status-publish","hentry"],"yoast_head":"<!-- This site is optimized with the Yoast SEO plugin v27.3 - https:\/\/yoast.com\/product\/yoast-seo-wordpress\/ -->\n<title>Tarih\u00e7e - Bilkent Philosophy<\/title>\n<meta name=\"robots\" content=\"index, follow, max-snippet:-1, max-image-preview:large, max-video-preview:-1\" \/>\n<link rel=\"canonical\" href=\"http:\/\/www.phil.bilkent.edu.tr\/index.php\/universite-adaylarina\/tarihce\/\" \/>\n<meta property=\"og:locale\" content=\"en_US\" \/>\n<meta property=\"og:type\" content=\"article\" \/>\n<meta property=\"og:title\" content=\"Tarih\u00e7e - Bilkent Philosophy\" \/>\n<meta property=\"og:description\" content=\"Bilkent \u00dcniversitesi Felsefe B\u00f6l\u00fcm\u00fc\u2019n\u00fcn k\u00f6kleri 1999\u2019da Siyaset Bilimi ve Uluslararas\u0131 \u0130li\u015fkiler b\u00f6l\u00fcmlerinde verilmeye ba\u015flanan \u201cb\u00fcy\u00fck kitaplar\u201d temal\u0131 iki derse dayan\u0131r. Bu derslerin verildi\u011fi ilk y\u0131llarda dersleri veren \u00f6\u011fretim elemanlar\u0131n\u0131n \u00e7o\u011fu, [&hellip;]\" \/>\n<meta property=\"og:url\" content=\"http:\/\/www.phil.bilkent.edu.tr\/index.php\/universite-adaylarina\/tarihce\/\" \/>\n<meta property=\"og:site_name\" content=\"Bilkent Philosophy\" \/>\n<meta property=\"article:publisher\" content=\"https:\/\/www.facebook.com\/bilkent.philosophy\" \/>\n<meta property=\"article:modified_time\" content=\"2025-09-09T09:23:48+00:00\" \/>\n<meta property=\"og:image\" content=\"http:\/\/www.phil.bilkent.edu.tr\/wp-content\/uploads\/2016\/10\/DSC1191-Edit-1024x681.jpg\" \/>\n\t<meta property=\"og:image:width\" content=\"1024\" \/>\n\t<meta property=\"og:image:height\" content=\"681\" \/>\n\t<meta property=\"og:image:type\" content=\"image\/jpeg\" \/>\n<meta name=\"twitter:card\" content=\"summary_large_image\" \/>\n<meta name=\"twitter:site\" content=\"@BilkentPhil\" \/>\n<meta name=\"twitter:label1\" content=\"Est. reading time\" \/>\n\t<meta name=\"twitter:data1\" content=\"3 minutes\" \/>\n<script type=\"application\/ld+json\" class=\"yoast-schema-graph\">{\"@context\":\"https:\\\/\\\/schema.org\",\"@graph\":[{\"@type\":\"WebPage\",\"@id\":\"http:\\\/\\\/www.phil.bilkent.edu.tr\\\/index.php\\\/universite-adaylarina\\\/tarihce\\\/\",\"url\":\"http:\\\/\\\/www.phil.bilkent.edu.tr\\\/index.php\\\/universite-adaylarina\\\/tarihce\\\/\",\"name\":\"Tarih\u00e7e - Bilkent Philosophy\",\"isPartOf\":{\"@id\":\"http:\\\/\\\/www.phil.bilkent.edu.tr\\\/#website\"},\"primaryImageOfPage\":{\"@id\":\"http:\\\/\\\/www.phil.bilkent.edu.tr\\\/index.php\\\/universite-adaylarina\\\/tarihce\\\/#primaryimage\"},\"image\":{\"@id\":\"http:\\\/\\\/www.phil.bilkent.edu.tr\\\/index.php\\\/universite-adaylarina\\\/tarihce\\\/#primaryimage\"},\"thumbnailUrl\":\"http:\\\/\\\/www.phil.bilkent.edu.tr\\\/wp-content\\\/uploads\\\/2016\\\/10\\\/DSC1191-Edit-300x200.jpg\",\"datePublished\":\"2019-01-31T13:17:00+00:00\",\"dateModified\":\"2025-09-09T09:23:48+00:00\",\"breadcrumb\":{\"@id\":\"http:\\\/\\\/www.phil.bilkent.edu.tr\\\/index.php\\\/universite-adaylarina\\\/tarihce\\\/#breadcrumb\"},\"inLanguage\":\"en-US\",\"potentialAction\":[{\"@type\":\"ReadAction\",\"target\":[\"http:\\\/\\\/www.phil.bilkent.edu.tr\\\/index.php\\\/universite-adaylarina\\\/tarihce\\\/\"]}]},{\"@type\":\"ImageObject\",\"inLanguage\":\"en-US\",\"@id\":\"http:\\\/\\\/www.phil.bilkent.edu.tr\\\/index.php\\\/universite-adaylarina\\\/tarihce\\\/#primaryimage\",\"url\":\"http:\\\/\\\/www.phil.bilkent.edu.tr\\\/wp-content\\\/uploads\\\/2016\\\/10\\\/DSC1191-Edit.jpg\",\"contentUrl\":\"http:\\\/\\\/www.phil.bilkent.edu.tr\\\/wp-content\\\/uploads\\\/2016\\\/10\\\/DSC1191-Edit.jpg\",\"width\":4256,\"height\":2832},{\"@type\":\"BreadcrumbList\",\"@id\":\"http:\\\/\\\/www.phil.bilkent.edu.tr\\\/index.php\\\/universite-adaylarina\\\/tarihce\\\/#breadcrumb\",\"itemListElement\":[{\"@type\":\"ListItem\",\"position\":1,\"name\":\"Home\",\"item\":\"http:\\\/\\\/www.phil.bilkent.edu.tr\\\/\"},{\"@type\":\"ListItem\",\"position\":2,\"name\":\"\u00dcniversite Adaylar\u0131\",\"item\":\"http:\\\/\\\/www.phil.bilkent.edu.tr\\\/index.php\\\/universite-adaylarina\\\/\"},{\"@type\":\"ListItem\",\"position\":3,\"name\":\"Tarih\u00e7e\"}]},{\"@type\":\"WebSite\",\"@id\":\"http:\\\/\\\/www.phil.bilkent.edu.tr\\\/#website\",\"url\":\"http:\\\/\\\/www.phil.bilkent.edu.tr\\\/\",\"name\":\"Bilkent Philosophy\",\"description\":\"Bilkent University\",\"publisher\":{\"@id\":\"http:\\\/\\\/www.phil.bilkent.edu.tr\\\/#organization\"},\"potentialAction\":[{\"@type\":\"SearchAction\",\"target\":{\"@type\":\"EntryPoint\",\"urlTemplate\":\"http:\\\/\\\/www.phil.bilkent.edu.tr\\\/?s={search_term_string}\"},\"query-input\":{\"@type\":\"PropertyValueSpecification\",\"valueRequired\":true,\"valueName\":\"search_term_string\"}}],\"inLanguage\":\"en-US\"},{\"@type\":\"Organization\",\"@id\":\"http:\\\/\\\/www.phil.bilkent.edu.tr\\\/#organization\",\"name\":\"Bilkent Philosophy\",\"url\":\"http:\\\/\\\/www.phil.bilkent.edu.tr\\\/\",\"logo\":{\"@type\":\"ImageObject\",\"inLanguage\":\"en-US\",\"@id\":\"http:\\\/\\\/www.phil.bilkent.edu.tr\\\/#\\\/schema\\\/logo\\\/image\\\/\",\"url\":\"http:\\\/\\\/www.phil.bilkent.edu.tr\\\/wp-content\\\/uploads\\\/2016\\\/10\\\/Bilkent-phil_logo.png\",\"contentUrl\":\"http:\\\/\\\/www.phil.bilkent.edu.tr\\\/wp-content\\\/uploads\\\/2016\\\/10\\\/Bilkent-phil_logo.png\",\"width\":328,\"height\":54,\"caption\":\"Bilkent Philosophy\"},\"image\":{\"@id\":\"http:\\\/\\\/www.phil.bilkent.edu.tr\\\/#\\\/schema\\\/logo\\\/image\\\/\"},\"sameAs\":[\"https:\\\/\\\/www.facebook.com\\\/bilkent.philosophy\",\"https:\\\/\\\/x.com\\\/BilkentPhil\",\"https:\\\/\\\/www.youtube.com\\\/channel\\\/UCzij4ZE6X-bu1d9t6DJhlLA\"]}]}<\/script>\n<!-- \/ Yoast SEO plugin. -->","yoast_head_json":{"title":"Tarih\u00e7e - Bilkent Philosophy","robots":{"index":"index","follow":"follow","max-snippet":"max-snippet:-1","max-image-preview":"max-image-preview:large","max-video-preview":"max-video-preview:-1"},"canonical":"http:\/\/www.phil.bilkent.edu.tr\/index.php\/universite-adaylarina\/tarihce\/","og_locale":"en_US","og_type":"article","og_title":"Tarih\u00e7e - Bilkent Philosophy","og_description":"Bilkent \u00dcniversitesi Felsefe B\u00f6l\u00fcm\u00fc\u2019n\u00fcn k\u00f6kleri 1999\u2019da Siyaset Bilimi ve Uluslararas\u0131 \u0130li\u015fkiler b\u00f6l\u00fcmlerinde verilmeye ba\u015flanan \u201cb\u00fcy\u00fck kitaplar\u201d temal\u0131 iki derse dayan\u0131r. Bu derslerin verildi\u011fi ilk y\u0131llarda dersleri veren \u00f6\u011fretim elemanlar\u0131n\u0131n \u00e7o\u011fu, [&hellip;]","og_url":"http:\/\/www.phil.bilkent.edu.tr\/index.php\/universite-adaylarina\/tarihce\/","og_site_name":"Bilkent Philosophy","article_publisher":"https:\/\/www.facebook.com\/bilkent.philosophy","article_modified_time":"2025-09-09T09:23:48+00:00","og_image":[{"width":1024,"height":681,"url":"http:\/\/www.phil.bilkent.edu.tr\/wp-content\/uploads\/2016\/10\/DSC1191-Edit-1024x681.jpg","type":"image\/jpeg"}],"twitter_card":"summary_large_image","twitter_site":"@BilkentPhil","twitter_misc":{"Est. reading time":"3 minutes"},"schema":{"@context":"https:\/\/schema.org","@graph":[{"@type":"WebPage","@id":"http:\/\/www.phil.bilkent.edu.tr\/index.php\/universite-adaylarina\/tarihce\/","url":"http:\/\/www.phil.bilkent.edu.tr\/index.php\/universite-adaylarina\/tarihce\/","name":"Tarih\u00e7e - Bilkent Philosophy","isPartOf":{"@id":"http:\/\/www.phil.bilkent.edu.tr\/#website"},"primaryImageOfPage":{"@id":"http:\/\/www.phil.bilkent.edu.tr\/index.php\/universite-adaylarina\/tarihce\/#primaryimage"},"image":{"@id":"http:\/\/www.phil.bilkent.edu.tr\/index.php\/universite-adaylarina\/tarihce\/#primaryimage"},"thumbnailUrl":"http:\/\/www.phil.bilkent.edu.tr\/wp-content\/uploads\/2016\/10\/DSC1191-Edit-300x200.jpg","datePublished":"2019-01-31T13:17:00+00:00","dateModified":"2025-09-09T09:23:48+00:00","breadcrumb":{"@id":"http:\/\/www.phil.bilkent.edu.tr\/index.php\/universite-adaylarina\/tarihce\/#breadcrumb"},"inLanguage":"en-US","potentialAction":[{"@type":"ReadAction","target":["http:\/\/www.phil.bilkent.edu.tr\/index.php\/universite-adaylarina\/tarihce\/"]}]},{"@type":"ImageObject","inLanguage":"en-US","@id":"http:\/\/www.phil.bilkent.edu.tr\/index.php\/universite-adaylarina\/tarihce\/#primaryimage","url":"http:\/\/www.phil.bilkent.edu.tr\/wp-content\/uploads\/2016\/10\/DSC1191-Edit.jpg","contentUrl":"http:\/\/www.phil.bilkent.edu.tr\/wp-content\/uploads\/2016\/10\/DSC1191-Edit.jpg","width":4256,"height":2832},{"@type":"BreadcrumbList","@id":"http:\/\/www.phil.bilkent.edu.tr\/index.php\/universite-adaylarina\/tarihce\/#breadcrumb","itemListElement":[{"@type":"ListItem","position":1,"name":"Home","item":"http:\/\/www.phil.bilkent.edu.tr\/"},{"@type":"ListItem","position":2,"name":"\u00dcniversite Adaylar\u0131","item":"http:\/\/www.phil.bilkent.edu.tr\/index.php\/universite-adaylarina\/"},{"@type":"ListItem","position":3,"name":"Tarih\u00e7e"}]},{"@type":"WebSite","@id":"http:\/\/www.phil.bilkent.edu.tr\/#website","url":"http:\/\/www.phil.bilkent.edu.tr\/","name":"Bilkent Philosophy","description":"Bilkent University","publisher":{"@id":"http:\/\/www.phil.bilkent.edu.tr\/#organization"},"potentialAction":[{"@type":"SearchAction","target":{"@type":"EntryPoint","urlTemplate":"http:\/\/www.phil.bilkent.edu.tr\/?s={search_term_string}"},"query-input":{"@type":"PropertyValueSpecification","valueRequired":true,"valueName":"search_term_string"}}],"inLanguage":"en-US"},{"@type":"Organization","@id":"http:\/\/www.phil.bilkent.edu.tr\/#organization","name":"Bilkent Philosophy","url":"http:\/\/www.phil.bilkent.edu.tr\/","logo":{"@type":"ImageObject","inLanguage":"en-US","@id":"http:\/\/www.phil.bilkent.edu.tr\/#\/schema\/logo\/image\/","url":"http:\/\/www.phil.bilkent.edu.tr\/wp-content\/uploads\/2016\/10\/Bilkent-phil_logo.png","contentUrl":"http:\/\/www.phil.bilkent.edu.tr\/wp-content\/uploads\/2016\/10\/Bilkent-phil_logo.png","width":328,"height":54,"caption":"Bilkent Philosophy"},"image":{"@id":"http:\/\/www.phil.bilkent.edu.tr\/#\/schema\/logo\/image\/"},"sameAs":["https:\/\/www.facebook.com\/bilkent.philosophy","https:\/\/x.com\/BilkentPhil","https:\/\/www.youtube.com\/channel\/UCzij4ZE6X-bu1d9t6DJhlLA"]}]}},"_links":{"self":[{"href":"http:\/\/www.phil.bilkent.edu.tr\/index.php\/wp-json\/wp\/v2\/pages\/3523","targetHints":{"allow":["GET"]}}],"collection":[{"href":"http:\/\/www.phil.bilkent.edu.tr\/index.php\/wp-json\/wp\/v2\/pages"}],"about":[{"href":"http:\/\/www.phil.bilkent.edu.tr\/index.php\/wp-json\/wp\/v2\/types\/page"}],"author":[{"embeddable":true,"href":"http:\/\/www.phil.bilkent.edu.tr\/index.php\/wp-json\/wp\/v2\/users\/2"}],"replies":[{"embeddable":true,"href":"http:\/\/www.phil.bilkent.edu.tr\/index.php\/wp-json\/wp\/v2\/comments?post=3523"}],"version-history":[{"count":11,"href":"http:\/\/www.phil.bilkent.edu.tr\/index.php\/wp-json\/wp\/v2\/pages\/3523\/revisions"}],"predecessor-version":[{"id":10266,"href":"http:\/\/www.phil.bilkent.edu.tr\/index.php\/wp-json\/wp\/v2\/pages\/3523\/revisions\/10266"}],"up":[{"embeddable":true,"href":"http:\/\/www.phil.bilkent.edu.tr\/index.php\/wp-json\/wp\/v2\/pages\/1490"}],"wp:attachment":[{"href":"http:\/\/www.phil.bilkent.edu.tr\/index.php\/wp-json\/wp\/v2\/media?parent=3523"}],"curies":[{"name":"wp","href":"https:\/\/api.w.org\/{rel}","templated":true}]}}