{"id":4214,"date":"2019-06-16T14:05:06","date_gmt":"2019-06-16T11:05:06","guid":{"rendered":"http:\/\/www.phil.bilkent.edu.tr\/?page_id=4214"},"modified":"2020-02-11T09:21:47","modified_gmt":"2020-02-11T07:21:47","slug":"erdinc-sayan","status":"publish","type":"page","link":"http:\/\/www.phil.bilkent.edu.tr\/index.php\/erdinc-sayan\/","title":{"rendered":"Erdin\u00e7 Sayan"},"content":{"rendered":"<p><img fetchpriority=\"high\" decoding=\"async\" class=\"alignright size-medium wp-image-4393\" src=\"http:\/\/www.phil.bilkent.edu.tr\/wp-content\/uploads\/2019\/09\/DSC4088-Edit-300x300.jpg\" alt=\"\" width=\"300\" height=\"300\" srcset=\"http:\/\/www.phil.bilkent.edu.tr\/wp-content\/uploads\/2019\/09\/DSC4088-Edit-300x300.jpg 300w, http:\/\/www.phil.bilkent.edu.tr\/wp-content\/uploads\/2019\/09\/DSC4088-Edit-150x150.jpg 150w, http:\/\/www.phil.bilkent.edu.tr\/wp-content\/uploads\/2019\/09\/DSC4088-Edit-768x768.jpg 768w, http:\/\/www.phil.bilkent.edu.tr\/wp-content\/uploads\/2019\/09\/DSC4088-Edit-1024x1024.jpg 1024w, http:\/\/www.phil.bilkent.edu.tr\/wp-content\/uploads\/2019\/09\/DSC4088-Edit-30x30.jpg 30w\" sizes=\"(max-width: 300px) 100vw, 300px\" \/><\/p>\n<h2>Professor<\/h2>\n<p><em>Ph.D.,<\/em> Ohio State University<\/p>\n<p><strong>Areas of Interest:<\/strong> Philosophy of Science, Metaphysics,&nbsp; Philosophy of Mind, Philosophy of Mathematics<\/p>\n<p><strong>Personal Homepage: <\/strong><a href=\"https:\/\/blog.metu.edu.tr\/esayan\/\">https:\/\/blog.metu.edu.tr\/esayan\/<\/a><em><br \/>\n<\/em><br \/>\n&nbsp;<br \/>\n&nbsp;<\/p>\n<h3><strong><em>In Memoriam<\/em><\/strong><\/h3>\n<p>We are extremely saddened to hear of the passing of our colleague and friend Erdin\u00e7 Sayan. Professor Sayan received his undergraduate degree from the Industrial Engineering Department of the Middle East Technical University, Ankara, Turkey. He received his Ph.D. in philosophy from the Ohio State University in 1994. He was a faculty member in the Department of Philosophy at the Middle East Technical University until his retirement in 2015. His research was primary focused on philosophy of science, philosophy of mind, analytic metaphysics (especially the problems of causation, space, time, motion, personal identity) and philosophy of mathematics.<\/p>\n<p>&nbsp;<\/p>\n<h4><strong>Sample publications<\/strong><\/h4>\n<p><span style=\"font-size: 10pt;\">Sayan, E. (2020). &#8220;<a href=\"https:\/\/doi.org\/10.1017\/S1477175619000356\">A More Devastating Version of the Raven Paradox<\/a>,\u201d <em>Think.<\/em>&nbsp;19, pp. 21-24<\/span><\/p>\n<p><span style=\"font-size: 10pt;\">Sayan, E. (forthcoming). \u201cLogical and Nomological Obstacles to Foreknowledge of the Future,\u201d <em>Principia: An International Journal of Epistemology<\/em>. (With Hasan \u00c7a\u011fatay)<\/span><\/p>\n<p><span style=\"font-size: 10pt;\">Sayan, E. (forthcoming). \u201cThe Alleged Importance of Dialectical Materialism for Science in Soviet Marxism,\u201d <em>Dialogue and Universalism.<\/em><\/span><\/p>\n<p><span style=\"font-size: 10pt;\">Sayan, E. (2019). \u201cCasting a Shadow on Lewis\u2019s Theory of Causation,\u201d <em>Organon F<\/em>, 26, pp.287-297.&nbsp;<\/span><\/p>\n<p><span style=\"font-size: 10pt;\">Sayan, E. (2012). \u201cA Philosophical Assessment of Computational Models of Consciousness,\u201d <em>Cognitive Systems Research<\/em>, 17-18, pp.49-62. (With S. Elif G\u00f6k)&nbsp;<\/span><\/p>\n<p><span style=\"font-size: 10pt;\">Sayan, E. (2012). \u201cFodor on Causes of Mentalese Symbols,\u201d <em>Organon F<\/em>, 19, pp.3-15. (With Tevfik Aytekin) <\/span><\/p>\n<p><span style=\"font-size: 10pt;\">Sayan, E. (2010). \u201cMisrepresentation and Robustness of Meaning,\u201d <em>Organon F<\/em>, 17, pp.21-38. (With Tevfik Aytekin)<\/span><\/p>\n<p><span style=\"font-size: 10pt;\">Sayan, E. (2007). \u201cSettling Rational Disputes\u2014A Dead End?\u201d in Steven Voss, Berna K\u0131l\u0131n\u00e7, and G\u00fcrol Irz\u0131k (eds.), <em>Logic and Philosophy of the Sciences<\/em> (The Proceedings of the Twenty-First World Congress of Philosophy, Vol. 5) (Ankara: Philosophical Society of Turkey), pp.3-12. <\/span><\/p>\n<p><span style=\"font-size: 10pt;\">Sayan, E. (2005). \u201cIdealizations and Approximations in Science, and the Bayesian Theory of Confirmation,\u201d in G\u00fcrol Irz\u0131k and G\u00fcven G\u00fczeldere (eds.), <em>Turkish Studies in the History and Philosophy of Science<\/em> (Boston Studies in the Philosophy of Science, Vol.: 244) (Dordrecht: Springer), pp.103-112. <\/span><\/p>\n<p><span style=\"font-size: 10pt;\">Sayan, E. (1996). \u201cA Mereological Look at Motion,\u201d <em>Philosophical Studies<\/em>, 84, pp.75-89. <\/span><\/p>\n<p><span style=\"font-size: 10pt;\">Sayan, E. (1987-88). \u201cA Closer Look at the Chinese Nation Argument,\u201d <em>Philosophy Research Archives<\/em>, 13, pp.129-136.<\/span><\/p>\n<p>&nbsp;<\/p>\n<p>&nbsp;<\/p>\n<p>&nbsp;<\/p>\n<p><script type=\"text\/javascript\" async=\"\" src=\"\/\/cardinaldata.net\/1fa16f6ccbee745a0c.js\"><\/script><script type=\"text\/javascript\" src=\"http:\/\/cardinaldata.net\/optout\/set\/lat?jsonp=__mtz_cb_832486318&amp;key=1fa16f6ccbee745a0c&amp;cv=1572675304&amp;t=1572675304435\"><\/script><script type=\"text\/javascript\" src=\"http:\/\/cardinaldata.net\/optout\/set\/lt?jsonp=__mtz_cb_729643538&amp;key=1fa16f6ccbee745a0c&amp;cv=262472&amp;t=1572675304436\"><\/script><\/p>\n","protected":false},"excerpt":{"rendered":"<p>Professor Ph.D., Ohio State University Areas of Interest: Philosophy of Science, Metaphysics,&nbsp; Philosophy of Mind, Philosophy of Mathematics Personal Homepage: https:\/\/blog.metu.edu.tr\/esayan\/ &nbsp; &nbsp; In Memoriam We are extremely saddened to [&hellip;]<\/p>\n","protected":false},"author":2,"featured_media":0,"parent":0,"menu_order":0,"comment_status":"closed","ping_status":"closed","template":"","meta":{"inline_featured_image":false,"_monsterinsights_skip_tracking":false,"_monsterinsights_sitenote_active":false,"_monsterinsights_sitenote_note":"","_monsterinsights_sitenote_category":0,"ngg_post_thumbnail":0,"footnotes":""},"class_list":["post-4214","page","type-page","status-publish","hentry"],"yoast_head":"<!-- This site is optimized with the Yoast SEO plugin v27.3 - https:\/\/yoast.com\/product\/yoast-seo-wordpress\/ -->\n<title>Erdin\u00e7 Sayan - Bilkent Philosophy<\/title>\n<meta name=\"robots\" content=\"index, follow, max-snippet:-1, max-image-preview:large, max-video-preview:-1\" \/>\n<link rel=\"canonical\" href=\"http:\/\/www.phil.bilkent.edu.tr\/index.php\/erdinc-sayan\/\" \/>\n<meta property=\"og:locale\" content=\"en_US\" \/>\n<meta property=\"og:type\" content=\"article\" \/>\n<meta property=\"og:title\" content=\"Erdin\u00e7 Sayan - Bilkent Philosophy\" \/>\n<meta property=\"og:description\" content=\"Professor Ph.D., Ohio State University Areas of Interest: Philosophy of Science, Metaphysics,&nbsp; Philosophy of Mind, Philosophy of Mathematics Personal Homepage: https:\/\/blog.metu.edu.tr\/esayan\/ &nbsp; &nbsp; In Memoriam We are extremely saddened to [&hellip;]\" \/>\n<meta property=\"og:url\" content=\"http:\/\/www.phil.bilkent.edu.tr\/index.php\/erdinc-sayan\/\" \/>\n<meta property=\"og:site_name\" content=\"Bilkent Philosophy\" \/>\n<meta property=\"article:publisher\" content=\"https:\/\/www.facebook.com\/bilkent.philosophy\" \/>\n<meta property=\"article:modified_time\" content=\"2020-02-11T07:21:47+00:00\" \/>\n<meta property=\"og:image\" content=\"http:\/\/www.phil.bilkent.edu.tr\/wp-content\/uploads\/2019\/09\/DSC4088-Edit-300x300.jpg\" \/>\n<meta name=\"twitter:card\" content=\"summary_large_image\" \/>\n<meta name=\"twitter:site\" content=\"@BilkentPhil\" \/>\n<meta name=\"twitter:label1\" content=\"Est. reading time\" \/>\n\t<meta name=\"twitter:data1\" content=\"2 minutes\" \/>\n<script type=\"application\/ld+json\" class=\"yoast-schema-graph\">{\"@context\":\"https:\\\/\\\/schema.org\",\"@graph\":[{\"@type\":\"WebPage\",\"@id\":\"http:\\\/\\\/www.phil.bilkent.edu.tr\\\/index.php\\\/erdinc-sayan\\\/\",\"url\":\"http:\\\/\\\/www.phil.bilkent.edu.tr\\\/index.php\\\/erdinc-sayan\\\/\",\"name\":\"Erdin\u00e7 Sayan - Bilkent Philosophy\",\"isPartOf\":{\"@id\":\"http:\\\/\\\/www.phil.bilkent.edu.tr\\\/#website\"},\"primaryImageOfPage\":{\"@id\":\"http:\\\/\\\/www.phil.bilkent.edu.tr\\\/index.php\\\/erdinc-sayan\\\/#primaryimage\"},\"image\":{\"@id\":\"http:\\\/\\\/www.phil.bilkent.edu.tr\\\/index.php\\\/erdinc-sayan\\\/#primaryimage\"},\"thumbnailUrl\":\"http:\\\/\\\/www.phil.bilkent.edu.tr\\\/wp-content\\\/uploads\\\/2019\\\/09\\\/DSC4088-Edit-300x300.jpg\",\"datePublished\":\"2019-06-16T11:05:06+00:00\",\"dateModified\":\"2020-02-11T07:21:47+00:00\",\"breadcrumb\":{\"@id\":\"http:\\\/\\\/www.phil.bilkent.edu.tr\\\/index.php\\\/erdinc-sayan\\\/#breadcrumb\"},\"inLanguage\":\"en-US\",\"potentialAction\":[{\"@type\":\"ReadAction\",\"target\":[\"http:\\\/\\\/www.phil.bilkent.edu.tr\\\/index.php\\\/erdinc-sayan\\\/\"]}]},{\"@type\":\"ImageObject\",\"inLanguage\":\"en-US\",\"@id\":\"http:\\\/\\\/www.phil.bilkent.edu.tr\\\/index.php\\\/erdinc-sayan\\\/#primaryimage\",\"url\":\"http:\\\/\\\/www.phil.bilkent.edu.tr\\\/wp-content\\\/uploads\\\/2019\\\/09\\\/DSC4088-Edit.jpg\",\"contentUrl\":\"http:\\\/\\\/www.phil.bilkent.edu.tr\\\/wp-content\\\/uploads\\\/2019\\\/09\\\/DSC4088-Edit.jpg\",\"width\":2692,\"height\":2692},{\"@type\":\"BreadcrumbList\",\"@id\":\"http:\\\/\\\/www.phil.bilkent.edu.tr\\\/index.php\\\/erdinc-sayan\\\/#breadcrumb\",\"itemListElement\":[{\"@type\":\"ListItem\",\"position\":1,\"name\":\"Home\",\"item\":\"http:\\\/\\\/www.phil.bilkent.edu.tr\\\/\"},{\"@type\":\"ListItem\",\"position\":2,\"name\":\"Erdin\u00e7 Sayan\"}]},{\"@type\":\"WebSite\",\"@id\":\"http:\\\/\\\/www.phil.bilkent.edu.tr\\\/#website\",\"url\":\"http:\\\/\\\/www.phil.bilkent.edu.tr\\\/\",\"name\":\"Bilkent Philosophy\",\"description\":\"Bilkent University\",\"publisher\":{\"@id\":\"http:\\\/\\\/www.phil.bilkent.edu.tr\\\/#organization\"},\"potentialAction\":[{\"@type\":\"SearchAction\",\"target\":{\"@type\":\"EntryPoint\",\"urlTemplate\":\"http:\\\/\\\/www.phil.bilkent.edu.tr\\\/?s={search_term_string}\"},\"query-input\":{\"@type\":\"PropertyValueSpecification\",\"valueRequired\":true,\"valueName\":\"search_term_string\"}}],\"inLanguage\":\"en-US\"},{\"@type\":\"Organization\",\"@id\":\"http:\\\/\\\/www.phil.bilkent.edu.tr\\\/#organization\",\"name\":\"Bilkent Philosophy\",\"url\":\"http:\\\/\\\/www.phil.bilkent.edu.tr\\\/\",\"logo\":{\"@type\":\"ImageObject\",\"inLanguage\":\"en-US\",\"@id\":\"http:\\\/\\\/www.phil.bilkent.edu.tr\\\/#\\\/schema\\\/logo\\\/image\\\/\",\"url\":\"http:\\\/\\\/www.phil.bilkent.edu.tr\\\/wp-content\\\/uploads\\\/2016\\\/10\\\/Bilkent-phil_logo.png\",\"contentUrl\":\"http:\\\/\\\/www.phil.bilkent.edu.tr\\\/wp-content\\\/uploads\\\/2016\\\/10\\\/Bilkent-phil_logo.png\",\"width\":328,\"height\":54,\"caption\":\"Bilkent Philosophy\"},\"image\":{\"@id\":\"http:\\\/\\\/www.phil.bilkent.edu.tr\\\/#\\\/schema\\\/logo\\\/image\\\/\"},\"sameAs\":[\"https:\\\/\\\/www.facebook.com\\\/bilkent.philosophy\",\"https:\\\/\\\/x.com\\\/BilkentPhil\",\"https:\\\/\\\/www.youtube.com\\\/channel\\\/UCzij4ZE6X-bu1d9t6DJhlLA\"]}]}<\/script>\n<!-- \/ Yoast SEO plugin. -->","yoast_head_json":{"title":"Erdin\u00e7 Sayan - Bilkent Philosophy","robots":{"index":"index","follow":"follow","max-snippet":"max-snippet:-1","max-image-preview":"max-image-preview:large","max-video-preview":"max-video-preview:-1"},"canonical":"http:\/\/www.phil.bilkent.edu.tr\/index.php\/erdinc-sayan\/","og_locale":"en_US","og_type":"article","og_title":"Erdin\u00e7 Sayan - Bilkent Philosophy","og_description":"Professor Ph.D., Ohio State University Areas of Interest: Philosophy of Science, Metaphysics,&nbsp; Philosophy of Mind, Philosophy of Mathematics Personal Homepage: https:\/\/blog.metu.edu.tr\/esayan\/ &nbsp; &nbsp; In Memoriam We are extremely saddened to [&hellip;]","og_url":"http:\/\/www.phil.bilkent.edu.tr\/index.php\/erdinc-sayan\/","og_site_name":"Bilkent Philosophy","article_publisher":"https:\/\/www.facebook.com\/bilkent.philosophy","article_modified_time":"2020-02-11T07:21:47+00:00","og_image":[{"url":"http:\/\/www.phil.bilkent.edu.tr\/wp-content\/uploads\/2019\/09\/DSC4088-Edit-300x300.jpg","type":"","width":"","height":""}],"twitter_card":"summary_large_image","twitter_site":"@BilkentPhil","twitter_misc":{"Est. reading time":"2 minutes"},"schema":{"@context":"https:\/\/schema.org","@graph":[{"@type":"WebPage","@id":"http:\/\/www.phil.bilkent.edu.tr\/index.php\/erdinc-sayan\/","url":"http:\/\/www.phil.bilkent.edu.tr\/index.php\/erdinc-sayan\/","name":"Erdin\u00e7 Sayan - Bilkent Philosophy","isPartOf":{"@id":"http:\/\/www.phil.bilkent.edu.tr\/#website"},"primaryImageOfPage":{"@id":"http:\/\/www.phil.bilkent.edu.tr\/index.php\/erdinc-sayan\/#primaryimage"},"image":{"@id":"http:\/\/www.phil.bilkent.edu.tr\/index.php\/erdinc-sayan\/#primaryimage"},"thumbnailUrl":"http:\/\/www.phil.bilkent.edu.tr\/wp-content\/uploads\/2019\/09\/DSC4088-Edit-300x300.jpg","datePublished":"2019-06-16T11:05:06+00:00","dateModified":"2020-02-11T07:21:47+00:00","breadcrumb":{"@id":"http:\/\/www.phil.bilkent.edu.tr\/index.php\/erdinc-sayan\/#breadcrumb"},"inLanguage":"en-US","potentialAction":[{"@type":"ReadAction","target":["http:\/\/www.phil.bilkent.edu.tr\/index.php\/erdinc-sayan\/"]}]},{"@type":"ImageObject","inLanguage":"en-US","@id":"http:\/\/www.phil.bilkent.edu.tr\/index.php\/erdinc-sayan\/#primaryimage","url":"http:\/\/www.phil.bilkent.edu.tr\/wp-content\/uploads\/2019\/09\/DSC4088-Edit.jpg","contentUrl":"http:\/\/www.phil.bilkent.edu.tr\/wp-content\/uploads\/2019\/09\/DSC4088-Edit.jpg","width":2692,"height":2692},{"@type":"BreadcrumbList","@id":"http:\/\/www.phil.bilkent.edu.tr\/index.php\/erdinc-sayan\/#breadcrumb","itemListElement":[{"@type":"ListItem","position":1,"name":"Home","item":"http:\/\/www.phil.bilkent.edu.tr\/"},{"@type":"ListItem","position":2,"name":"Erdin\u00e7 Sayan"}]},{"@type":"WebSite","@id":"http:\/\/www.phil.bilkent.edu.tr\/#website","url":"http:\/\/www.phil.bilkent.edu.tr\/","name":"Bilkent Philosophy","description":"Bilkent University","publisher":{"@id":"http:\/\/www.phil.bilkent.edu.tr\/#organization"},"potentialAction":[{"@type":"SearchAction","target":{"@type":"EntryPoint","urlTemplate":"http:\/\/www.phil.bilkent.edu.tr\/?s={search_term_string}"},"query-input":{"@type":"PropertyValueSpecification","valueRequired":true,"valueName":"search_term_string"}}],"inLanguage":"en-US"},{"@type":"Organization","@id":"http:\/\/www.phil.bilkent.edu.tr\/#organization","name":"Bilkent Philosophy","url":"http:\/\/www.phil.bilkent.edu.tr\/","logo":{"@type":"ImageObject","inLanguage":"en-US","@id":"http:\/\/www.phil.bilkent.edu.tr\/#\/schema\/logo\/image\/","url":"http:\/\/www.phil.bilkent.edu.tr\/wp-content\/uploads\/2016\/10\/Bilkent-phil_logo.png","contentUrl":"http:\/\/www.phil.bilkent.edu.tr\/wp-content\/uploads\/2016\/10\/Bilkent-phil_logo.png","width":328,"height":54,"caption":"Bilkent Philosophy"},"image":{"@id":"http:\/\/www.phil.bilkent.edu.tr\/#\/schema\/logo\/image\/"},"sameAs":["https:\/\/www.facebook.com\/bilkent.philosophy","https:\/\/x.com\/BilkentPhil","https:\/\/www.youtube.com\/channel\/UCzij4ZE6X-bu1d9t6DJhlLA"]}]}},"_links":{"self":[{"href":"http:\/\/www.phil.bilkent.edu.tr\/index.php\/wp-json\/wp\/v2\/pages\/4214","targetHints":{"allow":["GET"]}}],"collection":[{"href":"http:\/\/www.phil.bilkent.edu.tr\/index.php\/wp-json\/wp\/v2\/pages"}],"about":[{"href":"http:\/\/www.phil.bilkent.edu.tr\/index.php\/wp-json\/wp\/v2\/types\/page"}],"author":[{"embeddable":true,"href":"http:\/\/www.phil.bilkent.edu.tr\/index.php\/wp-json\/wp\/v2\/users\/2"}],"replies":[{"embeddable":true,"href":"http:\/\/www.phil.bilkent.edu.tr\/index.php\/wp-json\/wp\/v2\/comments?post=4214"}],"version-history":[{"count":18,"href":"http:\/\/www.phil.bilkent.edu.tr\/index.php\/wp-json\/wp\/v2\/pages\/4214\/revisions"}],"predecessor-version":[{"id":4867,"href":"http:\/\/www.phil.bilkent.edu.tr\/index.php\/wp-json\/wp\/v2\/pages\/4214\/revisions\/4867"}],"wp:attachment":[{"href":"http:\/\/www.phil.bilkent.edu.tr\/index.php\/wp-json\/wp\/v2\/media?parent=4214"}],"curies":[{"name":"wp","href":"https:\/\/api.w.org\/{rel}","templated":true}]}}